{"id":322998,"date":"2024-03-20T14:20:58","date_gmt":"2024-03-20T13:24:53","guid":{"rendered":"https:\/\/www.moskito.cz\/produkt\/feststehendes-messer-spartan-blades-damysus-sbsl003\/"},"modified":"2025-05-07T11:07:26","modified_gmt":"2025-05-07T10:07:26","slug":"feststehendes-messer-spartan-blades-damysus-sbsl003","status":"publish","type":"product","link":"https:\/\/www.moskito.cz\/de\/produkt\/feststehendes-messer-spartan-blades-damysus-sbsl003\/","title":{"rendered":"Feststehendes Messer Spartan Blades Damysus SBSL003"},"content":{"rendered":"<p>Feststehendes Messer <strong>Spartan Blades<\/strong> Damysus SBSL003<\/p>\n<p><strong>Damysus<\/strong> : Entfesseln Sie mythische Kraft in Ihren H\u00e4nden<\/p>\n<p>Im Reich der griechischen Mythologie herrschte <strong>Damysus<\/strong> als der schnellste aller Riesen, und jetzt ist diese legend\u00e4re Essenz im Damysus-Messer enthalten \u2013 einer Kreation der erfahrenen Handwerker von KA-BAR Knives in Olean, NY, USA. Diese massive Klinge wurde sorgf\u00e4ltig gefertigt, um als vielseitiges Kampf- und Allzweckmesser zu dienen und die Kraft und Geschwindigkeit ihres mythischen Namensgebers zu verk\u00f6rpern.<\/p>\n<p>Haupteigenschaften:<\/p>\n<p>Allround-Leistung: Mit einer geraden Kante und einer robusten Spitze ist der Damysus so konzipiert, dass er bei vielen Aufgaben hervorragende Leistungen erbringt. Sein Vollerl und die Beschalung aus Canvas-Micarta stellen sicher, dass es den Anforderungen der anspruchsvollsten Situationen gerecht wird.<\/p>\n<p>Spitzenst\u00e4rke: Wenn die Spitzenst\u00e4rke f\u00fcr Ihre Anforderungen von gr\u00f6\u00dfter Bedeutung ist, ist das Damysus das Messer Ihrer Wahl. Dank seiner robusten Konstruktion eignet es sich f\u00fcr die Handhabung dort, wo die St\u00e4rke der Spitze von entscheidender Bedeutung ist.<\/p>\n<p>Fachm\u00e4nnisch gefertigt: Der Damysus wurde mit Pr\u00e4zision und Hingabe von den erfahrenen Handwerkern von KA-BAR Knives in Olean, NY, USA, gefertigt und ist ein Beweis amerikanischer Handwerkskunst.<\/p>\n<p>Optische Attraktivit\u00e4t: Die schwarze Pulverbeschichtung verleiht dem Damysus ein elegantes Finish und verbessert seine Haltbarkeit und taktische \u00c4sthetik.<\/p>\n<p>Spezifikationen:<\/p>\n<p>Messername: Damysus<br \/>\nDesigner: Iovito<br \/>\nGesamtl\u00e4nge: 127 cm<br \/>\nKlingenl\u00e4nge: 14 cm<br \/>\nKlingenstahl: 1095 Cro-Van (deutscher Ursprung)<br \/>\nKlingenh\u00e4rte: 56-58 HRC<br \/>\nKlingenstil: massiv \u2013 Drop Point \u2013 flache Oberfl\u00e4che<br \/>\nBeschichtung: schwarze Pulverbeschichtung<br \/>\nGriffmaterial: CE Canvas Micarta\u00ae (schwarz oder gr\u00fcn)<br \/>\nGeh\u00e4use: Spritzgegossenes Geh\u00e4use mit aktivem Daumenhebel<br \/>\nGewicht: 0,5630 Pfund (Messer)<\/p>\n<p><iframe title=\"Spartan Blades Company Knife Company Story with Co-Founders Mark Carey and Curtis Iovito.\" width=\"800\" height=\"450\" src=\"https:\/\/www.youtube.com\/embed\/S-EVJgZR57Y?feature=oembed\" frameborder=\"0\" allow=\"accelerometer; autoplay; clipboard-write; encrypted-media; gyroscope; picture-in-picture; web-share\" allowfullscreen><\/iframe><\/p>\n<p>&nbsp;<\/p>\n<p>&nbsp;<\/p>\n<p>&nbsp;<\/p>\n","protected":false},"excerpt":{"rendered":"<p><strong>Erweitern Sie Ihre Klingensammlung mit dem Damysus, einem Messer, das die Geschwindigkeit und Kraft der griechischen Mythologie w\u00fcrdigt. Der auf Vielseitigkeit und Haltbarkeit ausgelegte Damysus ist bereit, Ihre anspruchsvollsten Aufgaben mit Leichtigkeit zu bew\u00e4ltigen. Nehmen Sie mythische Macht in Ihre H\u00e4nde und meistern Sie Damysus f\u00fcr ein beispielloses Kampf- und N\u00fctzlichkeitserlebnis.<\/strong><\/p>\n<p><strong>Kostenloser Transport.<\/strong><\/p>\n","protected":false},"featured_media":322955,"comment_status":"open","ping_status":"closed","template":"","meta":[],"pwb-brand":[3839],"product_brand":[],"product_cat":[3285,3287],"product_tag":[3669],"class_list":{"0":"post-322998","1":"product","2":"type-product","3":"status-publish","4":"has-post-thumbnail","6":"pwb-brand-spartanische-klingen","7":"product_cat-messer","8":"product_cat-solide-messer","9":"product_tag-b2b-de","11":"first","12":"instock","13":"taxable","14":"shipping-taxable","15":"purchasable","16":"product-type-simple"},"brands":[{"id":3839,"name":"Spartanische Klingen","slug":"spartanische-klingen"}],"_links":{"self":[{"href":"https:\/\/www.moskito.cz\/de\/wp-json\/wp\/v2\/product\/322998","targetHints":{"allow":["GET"]}}],"collection":[{"href":"https:\/\/www.moskito.cz\/de\/wp-json\/wp\/v2\/product"}],"about":[{"href":"https:\/\/www.moskito.cz\/de\/wp-json\/wp\/v2\/types\/product"}],"replies":[{"embeddable":true,"href":"https:\/\/www.moskito.cz\/de\/wp-json\/wp\/v2\/comments?post=322998"}],"wp:featuredmedia":[{"embeddable":true,"href":"https:\/\/www.moskito.cz\/de\/wp-json\/wp\/v2\/media\/322955"}],"wp:attachment":[{"href":"https:\/\/www.moskito.cz\/de\/wp-json\/wp\/v2\/media?parent=322998"}],"wp:term":[{"taxonomy":"pwb-brand","embeddable":true,"href":"https:\/\/www.moskito.cz\/de\/wp-json\/wp\/v2\/pwb-brand?post=322998"},{"taxonomy":"product_brand","embeddable":true,"href":"https:\/\/www.moskito.cz\/de\/wp-json\/wp\/v2\/product_brand?post=322998"},{"taxonomy":"product_cat","embeddable":true,"href":"https:\/\/www.moskito.cz\/de\/wp-json\/wp\/v2\/product_cat?post=322998"},{"taxonomy":"product_tag","embeddable":true,"href":"https:\/\/www.moskito.cz\/de\/wp-json\/wp\/v2\/product_tag?post=322998"}],"curies":[{"name":"wp","href":"https:\/\/api.w.org\/{rel}","templated":true}]}}