{"id":323170,"date":"2024-03-20T15:15:21","date_gmt":"2024-03-20T14:54:28","guid":{"rendered":"https:\/\/www.moskito.cz\/produkt\/spartan-blades-ronin-shinto-sb47debkkytn-feststehendes-messer\/"},"modified":"2025-05-07T11:07:29","modified_gmt":"2025-05-07T10:07:29","slug":"spartan-blades-ronin-shinto-sb47debkkytn-feststehendes-messer","status":"publish","type":"product","link":"https:\/\/www.moskito.cz\/de\/produkt\/spartan-blades-ronin-shinto-sb47debkkytn-feststehendes-messer\/","title":{"rendered":"Spartan Blades Ronin Shinto SB47DEBKKYTN Feststehendes Messer"},"content":{"rendered":"<p><strong>Spartan Blades<\/strong> Ronin Shinto SB47DEBKKYTN Feststehendes Messer<\/p>\n<p>Spartan-R\u014dnin Shint\u014d: In der Tradition geschmiedet, f\u00fcr den Einsatz konzipiert<\/p>\n<p>Erleben Sie den Geist des Spartan-R\u014dnin Shint\u014d, eines Kampfmessers, das die Essenz von altem und neuem Design wunderbar in Einklang bringt. Dieses von Tu Lam und Curtis Iovite entworfene Messer ist von der Philosophie des \u201eShinto\u201c inspiriert, was bedeutet, die Wege des Alten mit den Wegen des Neuen zu verbinden, als Beweis f\u00fcr Funktionalit\u00e4t und Handwerkskunst.<\/p>\n<p>Haupteigenschaften:<\/p>\n<p>Philosophische Wurzeln: \u201eShinto\u201c verk\u00f6rpert die Praxis, Traditionen mit zeitgen\u00f6ssischen Ans\u00e4tzen zu verbinden. Spartan-R\u014dnin Shint\u014d ist eine Hommage an diese Philosophie und kreiert eine Klinge, die alte und neue Designelemente nahtlos miteinander verbindet.<\/p>\n<p>Renommierter Designer: Mitentworfen von Tu Lam, einem pensionierten Spezialeinheitssoldaten aus den Gr\u00fcndern von Spartan Blades. Tu Lams Hintergrund als \u201eGreen Beret\u201c und seine umfangreiche Erfahrung in der milit\u00e4rischen und polizeilichen Ausbildung machen ihn zu einer angesehenen Autorit\u00e4t auf diesem Gebiet.<\/p>\n<p>Ausbildung f\u00fcr Milit\u00e4r und Strafverfolgungsbeh\u00f6rden: Tu Lam ist die treibende Kraft hinter RONIN Tactics, Inc., einer Organisation, die Elite-Milit\u00e4r- und Strafverfolgungseinheiten weltweit in Nahkampf- und Messertechniken ausbildet. Sein Fachwissen wird auch als Co-Moderator der Fernsehserie \u201eForged in Fire, Knife or Death\u201c des History Channel unter Beweis gestellt.<\/p>\n<p>Klingenkonstruktion: Das Spartan-R\u014dnin Shint\u014d verf\u00fcgt \u00fcber eine solide, nachgebogene Klinge aus Hochleistungsstahl CPM S45VN. Eine doppelte tiefe Kryo-W\u00e4rmebehandlung sorgt f\u00fcr Haltbarkeit, w\u00e4hrend eine PVD-Beschichtung (Physical Vapour Deposition), erh\u00e4ltlich in Flat Black oder Flat Dark Earth, f\u00fcr einen taktischen Vorteil sorgt.<\/p>\n<p>Exzellenter Griff: Der Griff besteht aus schwarzem CE Canvas Micarta\u00ae, das auch unter anspruchsvollen Bedingungen einen sicheren und bequemen Halt bietet.<\/p>\n<p>Scheidenoptionen: W\u00e4hlen Sie zwischen einem gepolsterten Nylon-MOLLE-Holster (erh\u00e4ltlich in Schwarz, Coyote Tan oder MultiCam) f\u00fcr vielseitige Tragem\u00f6glichkeiten oder einem Kydex-G\u00fcrtelholster (erh\u00e4ltlich in Schwarz oder Coyote Tan) f\u00fcr einen sicheren und effizienten Transport.<\/p>\n<p>Spezifikationen:<\/p>\n<p>Messername: Spartan-R\u014dnin Shint\u014d<br \/>\nDesigner: Tu Lam \/ Curtis Iovito<br \/>\nKlingenl\u00e4nge: 14,6 cm<br \/>\nKlingenst\u00e4rke: 0,48 cm<br \/>\nMesserl\u00e4nge: 26,75 cm<br \/>\nKlingenstahl: CPM S45VN<br \/>\nKlingenh\u00e4rte: 59-61 HRC<br \/>\nKlingenstil: Feste Rekurve<br \/>\nBeschichtung: PVD \u2013 Wolfram DLC (Flat Black) oder ZrN (Flat Dark Earth)<br \/>\nGriffmaterial: Schwarzes CE Canvas Micarta\u00ae<br \/>\nScheide: MOLLE-Nylonfutter (Schwarz, Coyote Brown oder MultiCam) oder Kydex mit G\u00fcrtelschlaufe (Schwarz oder Coyote Brown)<br \/>\nGewicht: 0,558 Pfund<\/p>\n<p><iframe title=\"Spartan Blades Company Knife Company Story with Co-Founders Mark Carey and Curtis Iovito.\" width=\"800\" height=\"450\" src=\"https:\/\/www.youtube.com\/embed\/S-EVJgZR57Y?feature=oembed\" frameborder=\"0\" allow=\"accelerometer; autoplay; clipboard-write; encrypted-media; gyroscope; picture-in-picture; web-share\" allowfullscreen><\/iframe><\/p>\n<p>&nbsp;<\/p>\n<p>&nbsp;<\/p>\n","protected":false},"excerpt":{"rendered":"<p><strong>Erleben Sie den Geist des Spartan-R\u014dnin Shint\u014d, eines Kampfmessers, das die Essenz von altem und neuem Design wunderbar in Einklang bringt. Dieses von Tu Lam und Curtis Iovite entworfene Messer ist von der Philosophie des \u201eShinto\u201c inspiriert, was bedeutet, die Wege des Alten mit den Wegen des Neuen zu verbinden, als Beweis f\u00fcr Funktionalit\u00e4t und Handwerkskunst.<\/strong><\/p>\n<p><strong>Kostenloser Transport.<\/strong><\/p>\n","protected":false},"featured_media":323093,"comment_status":"open","ping_status":"closed","template":"","meta":[],"pwb-brand":[3839],"product_brand":[],"product_cat":[3285,3287],"product_tag":[3669],"class_list":{"0":"post-323170","1":"product","2":"type-product","3":"status-publish","4":"has-post-thumbnail","6":"pwb-brand-spartanische-klingen","7":"product_cat-messer","8":"product_cat-solide-messer","9":"product_tag-b2b-de","11":"first","12":"instock","13":"taxable","14":"shipping-taxable","15":"purchasable","16":"product-type-simple"},"brands":[{"id":3839,"name":"Spartanische Klingen","slug":"spartanische-klingen"}],"_links":{"self":[{"href":"https:\/\/www.moskito.cz\/de\/wp-json\/wp\/v2\/product\/323170","targetHints":{"allow":["GET"]}}],"collection":[{"href":"https:\/\/www.moskito.cz\/de\/wp-json\/wp\/v2\/product"}],"about":[{"href":"https:\/\/www.moskito.cz\/de\/wp-json\/wp\/v2\/types\/product"}],"replies":[{"embeddable":true,"href":"https:\/\/www.moskito.cz\/de\/wp-json\/wp\/v2\/comments?post=323170"}],"wp:featuredmedia":[{"embeddable":true,"href":"https:\/\/www.moskito.cz\/de\/wp-json\/wp\/v2\/media\/323093"}],"wp:attachment":[{"href":"https:\/\/www.moskito.cz\/de\/wp-json\/wp\/v2\/media?parent=323170"}],"wp:term":[{"taxonomy":"pwb-brand","embeddable":true,"href":"https:\/\/www.moskito.cz\/de\/wp-json\/wp\/v2\/pwb-brand?post=323170"},{"taxonomy":"product_brand","embeddable":true,"href":"https:\/\/www.moskito.cz\/de\/wp-json\/wp\/v2\/product_brand?post=323170"},{"taxonomy":"product_cat","embeddable":true,"href":"https:\/\/www.moskito.cz\/de\/wp-json\/wp\/v2\/product_cat?post=323170"},{"taxonomy":"product_tag","embeddable":true,"href":"https:\/\/www.moskito.cz\/de\/wp-json\/wp\/v2\/product_tag?post=323170"}],"curies":[{"name":"wp","href":"https:\/\/api.w.org\/{rel}","templated":true}]}}