{"id":323175,"date":"2024-03-20T15:44:46","date_gmt":"2024-03-20T14:54:34","guid":{"rendered":"https:\/\/www.moskito.cz\/produkt\/feststehendes-messer-spartan-blades-professional-grade-machai-sbsl002bkbk\/"},"modified":"2025-05-07T11:07:30","modified_gmt":"2025-05-07T10:07:30","slug":"feststehendes-messer-spartan-blades-professional-grade-machai-sbsl002bkbk","status":"publish","type":"product","link":"https:\/\/www.moskito.cz\/de\/produkt\/feststehendes-messer-spartan-blades-professional-grade-machai-sbsl002bkbk\/","title":{"rendered":"Feststehendes Messer Spartan Blades Professional Grade Machai SBSL002BKBK"},"content":{"rendered":"<p>Feststehendes Messer <strong>Spartan Blades<\/strong> Professional Grade Machai SBSL002BKBK.<\/p>\n<p>Wir stellen vor <strong>: Machai<\/strong> , ein Name, der seiner Rolle als beeindruckendes Hackwerkzeug gerecht wird und von den D\u00e4monen des Kampfes in der griechischen Mythologie inspiriert ist. Das von den erfahrenen Handwerkern von KA-BAR Knives in Olean, NY, USA, gefertigte Machai ist eine Hommage an seine mythischen Wurzeln mit einem Design, das sich im Kampf und beim Hieb auszeichnet. Die Full-Tang-Konstruktion und die Vorw\u00e4rtsbalance dieser flachgeschliffenen Klinge verbessern ihre Schneidf\u00e4higkeit und machen sie zum idealen Begleiter f\u00fcr alle, die ein robustes und zuverl\u00e4ssiges Werkzeug suchen.<\/p>\n<p>Haupteigenschaften:<\/p>\n<p>Klingendesign: Das hohe Gewicht und das nachgebogene Profil in Kombination mit dem umgekehrten Hart-\/Recurve-\/Flachschliff ergeben eine Klinge, die f\u00fcr effektive Hieb- und Kampfszenarien optimiert ist.<br \/>\nKlingenstahl: Das Machai ist aus 1095 Cro-Van-Stahl aus deutscher Produktion geschmiedet und gew\u00e4hrleistet Haltbarkeit und St\u00e4rke. Die schwarze Pulverbeschichtung sorgt nicht nur f\u00fcr eine unauff\u00e4llige Optik, sondern erh\u00f6ht auch die Korrosionsbest\u00e4ndigkeit.<br \/>\nGriff: Der ergonomische und strukturierte Micarta-Canvas-Griff in Schwarz oder Gr\u00fcn bietet einen bequemen und sicheren Halt unter verschiedenen Bedingungen, egal ob nass oder trocken.<br \/>\nFull Tang-Konstruktion: Die Full Tang-Konstruktion erh\u00f6ht die Gesamtfestigkeit und Haltbarkeit des Messers und tr\u00e4gt zu seiner robusten Leistung in anspruchsvollen Situationen bei.<br \/>\nHerkunft: Stolz hergestellt in Amerika von KA-BAR Knives, bekannt f\u00fcr sein Engagement f\u00fcr hochwertige Handwerkskunst.<\/p>\n<p>Spezifikationen:<\/p>\n<p>Klingenl\u00e4nge: <span id=\"cwos\" class=\"qv3Wpe\">16,55<\/span> m<br \/>\nGriffl\u00e4nge: <span id=\"cwos\" class=\"qv3Wpe\">12,32<\/span> cm<br \/>\nGesamtl\u00e4nge: 29 cm<br \/>\nKlingenmaterial: 1095 Cro-Van-Kohlenstoffstahl<br \/>\nKlingenh\u00e4rte: 56\u201358 HRC<br \/>\nKlingenstil: Recurve<br \/>\nKlingenschliff: Flach<br \/>\nOberfl\u00e4chenbehandlung der Klinge: schwarze Pulverbeschichtung<br \/>\nGriffmaterial: Schwarzes CE Canvas Micarta<br \/>\nSchalenmaterial: Spritzgegossen mit aktivem Daumenhebel<br \/>\nGewicht: 10,8 Unzen.<br \/>\nGewicht mit Koffer: 15,7 Unzen.<br \/>\nDesigner: Curtis Iovito<br \/>\nHergestellt in den USA<\/p>\n<p><iframe title=\"Spartan Blades Company Knife Company Story with Co-Founders Mark Carey and Curtis Iovito.\" width=\"800\" height=\"450\" src=\"https:\/\/www.youtube.com\/embed\/S-EVJgZR57Y?feature=oembed\" frameborder=\"0\" allow=\"accelerometer; autoplay; clipboard-write; encrypted-media; gyroscope; picture-in-picture; web-share\" allowfullscreen><\/iframe><\/p>\n<p>&nbsp;<\/p>\n","protected":false},"excerpt":{"rendered":"<p><strong>Wir stellen vor: Machai, ein Name, der seiner Rolle als beeindruckendes Hackwerkzeug gerecht wird und von den D\u00e4monen des Kampfes in der griechischen Mythologie inspiriert ist.<\/strong><\/p>\n<p><strong>Kostenloser Transport.<\/strong><\/p>\n","protected":false},"featured_media":323118,"comment_status":"open","ping_status":"closed","template":"","meta":[],"pwb-brand":[3839],"product_brand":[],"product_cat":[3285,3287],"product_tag":[3669],"class_list":{"0":"post-323175","1":"product","2":"type-product","3":"status-publish","4":"has-post-thumbnail","6":"pwb-brand-spartanische-klingen","7":"product_cat-messer","8":"product_cat-solide-messer","9":"product_tag-b2b-de","11":"first","12":"instock","13":"taxable","14":"shipping-taxable","15":"purchasable","16":"product-type-simple"},"brands":[{"id":3839,"name":"Spartanische Klingen","slug":"spartanische-klingen"}],"_links":{"self":[{"href":"https:\/\/www.moskito.cz\/de\/wp-json\/wp\/v2\/product\/323175","targetHints":{"allow":["GET"]}}],"collection":[{"href":"https:\/\/www.moskito.cz\/de\/wp-json\/wp\/v2\/product"}],"about":[{"href":"https:\/\/www.moskito.cz\/de\/wp-json\/wp\/v2\/types\/product"}],"replies":[{"embeddable":true,"href":"https:\/\/www.moskito.cz\/de\/wp-json\/wp\/v2\/comments?post=323175"}],"wp:featuredmedia":[{"embeddable":true,"href":"https:\/\/www.moskito.cz\/de\/wp-json\/wp\/v2\/media\/323118"}],"wp:attachment":[{"href":"https:\/\/www.moskito.cz\/de\/wp-json\/wp\/v2\/media?parent=323175"}],"wp:term":[{"taxonomy":"pwb-brand","embeddable":true,"href":"https:\/\/www.moskito.cz\/de\/wp-json\/wp\/v2\/pwb-brand?post=323175"},{"taxonomy":"product_brand","embeddable":true,"href":"https:\/\/www.moskito.cz\/de\/wp-json\/wp\/v2\/product_brand?post=323175"},{"taxonomy":"product_cat","embeddable":true,"href":"https:\/\/www.moskito.cz\/de\/wp-json\/wp\/v2\/product_cat?post=323175"},{"taxonomy":"product_tag","embeddable":true,"href":"https:\/\/www.moskito.cz\/de\/wp-json\/wp\/v2\/product_tag?post=323175"}],"curies":[{"name":"wp","href":"https:\/\/api.w.org\/{rel}","templated":true}]}}