{"id":323307,"date":"2024-03-20T20:46:05","date_gmt":"2024-03-20T19:47:23","guid":{"rendered":"https:\/\/www.moskito.cz\/produkt\/pro-tech-shot-show-2024-malibu-klappmesser\/"},"modified":"2025-05-07T11:07:31","modified_gmt":"2025-05-07T10:07:31","slug":"pro-tech-shot-show-2024-malibu-klappmesser","status":"publish","type":"product","link":"https:\/\/www.moskito.cz\/de\/produkt\/pro-tech-shot-show-2024-malibu-klappmesser\/","title":{"rendered":"Pro-Tech SHOT Show 2024 Malibu Klappmesser"},"content":{"rendered":"<p><strong>Pro-Tech<\/strong> SHOT Show 2024 Malibu Klappmesser.<\/p>\n<p><strong>Malibu<\/strong>, das sich durch seine seidenweiche Wirkung und sein geringes Gewicht auszeichnet, ist eine EDC-Kraft, mit der man rechnen muss. Die Reverse-Tanto-Klinge eignet sich besonders gut f\u00fcr Gebrauchsaufgaben mit einer leichten Bauchung und einer starken Gebrauchsspitze. Der ergonomische Griff besteht aus gefr\u00e4stem Aluminium mit einer konischen Form und Fingerrillen, die wirklich einen festen, rutschfesten Halt erm\u00f6glichen. Ein tiefer Trageclip ist f\u00fcr das Tragen mit der rechten Hand nach unten ausgelegt und in den einteiligen Skalengriff\/R\u00fcckenabstandshalter ist eine kleine Fangriemen\u00f6se integriert. Es erinnert uns ein wenig an das Kershaw Leek und das Benchmade 940 &#8230; zwei der besten EDC-Messer auf dem Markt, und wir glauben, dass sie in k\u00fcrzester Zeit neben diesen Kraftpaketen ein Zuhause finden werden. Dieses Modell verf\u00fcgt \u00fcber eine rauchgraue DLC-Reverse-Tanto-Klinge und schwarze Aluminiumschalen mit einem wei\u00dfen Perlmuttknopf.  <strong>Es wurden nur 100 Einheiten produziert.<\/strong><\/p>\n<p>Spezifikationen:<br \/>\nKlingenl\u00e4nge: 8,25 cm<br \/>\nL\u00e4nge geschlossen: 10,5 cm<br \/>\nGesamtl\u00e4nge: 19 cm<br \/>\nKlingenmaterial: CPM-20CV Edelstahl<br \/>\nKlingenst\u00e4rke: 0,125 Zoll<br \/>\nKlingenstil: Reverse Tanto<br \/>\nKlingenschliff: Flach<br \/>\nKlingenfinish: DLC Smokey Grey<br \/>\nGriffmaterial: schwarzes Aluminium T6-6061<br \/>\nGriffst\u00e4rke: 0,49 Zoll<br \/>\nVerschlussmechanismus: Knopf aus wei\u00dfem Perlmutt<br \/>\nStiftbaugruppe: Lager<br \/>\nTaschenclip: hochklappbar, rechtsh\u00e4ndig zu tragen<br \/>\nGewicht: 3,1 Unzen.<br \/>\nHergestellt in den USA<\/p>\n<p><iframe title=\"Meet Pro-Tech Knives\" width=\"800\" height=\"450\" src=\"https:\/\/www.youtube.com\/embed\/0TueVbHVDY4?feature=oembed\" frameborder=\"0\" allow=\"accelerometer; autoplay; clipboard-write; encrypted-media; gyroscope; picture-in-picture; web-share\" allowfullscreen><\/iframe><\/p>\n<p>&nbsp;<\/p>\n","protected":false},"excerpt":{"rendered":"<p><strong>Unsere Produktionsmessermodelle bieten das beste Design, die beste Funktion und den besten Wert aller heute auf dem Markt erh\u00e4ltlichen Messer. Unsere ma\u00dfgefertigten Kunstmesser sind einzigartige Kunstwerke. Jedes unserer ma\u00dfgeschneiderten Messer in limitierter Auflage ist ein Beispiel f\u00fcr ein Erbe an Qualit\u00e4t. Egal f\u00fcr welches unserer Messer Sie sich entscheiden, wir sind sicher, dass Sie mit Ihrem Kauf sehr zufrieden sein werden.<\/strong><\/p>\n<p><strong>Vielen Dank f\u00fcr Ihr Interesse an unseren Qualit\u00e4tsmessern.<\/strong><\/p>\n<p>Kostenloser Transport.<\/p>\n","protected":false},"featured_media":323255,"comment_status":"open","ping_status":"closed","template":"","meta":[],"pwb-brand":[3818],"product_brand":[],"product_cat":[3285,3303],"product_tag":[3669],"class_list":{"0":"post-323307","1":"product","2":"type-product","3":"status-publish","4":"has-post-thumbnail","6":"pwb-brand-fur-tech","7":"product_cat-messer","8":"product_cat-schliesmesser","9":"product_tag-b2b-de","11":"first","12":"instock","13":"taxable","14":"shipping-taxable","15":"purchasable","16":"product-type-simple"},"brands":[{"id":3818,"name":"F\u00fcr Tech","slug":"fur-tech"}],"_links":{"self":[{"href":"https:\/\/www.moskito.cz\/de\/wp-json\/wp\/v2\/product\/323307","targetHints":{"allow":["GET"]}}],"collection":[{"href":"https:\/\/www.moskito.cz\/de\/wp-json\/wp\/v2\/product"}],"about":[{"href":"https:\/\/www.moskito.cz\/de\/wp-json\/wp\/v2\/types\/product"}],"replies":[{"embeddable":true,"href":"https:\/\/www.moskito.cz\/de\/wp-json\/wp\/v2\/comments?post=323307"}],"wp:featuredmedia":[{"embeddable":true,"href":"https:\/\/www.moskito.cz\/de\/wp-json\/wp\/v2\/media\/323255"}],"wp:attachment":[{"href":"https:\/\/www.moskito.cz\/de\/wp-json\/wp\/v2\/media?parent=323307"}],"wp:term":[{"taxonomy":"pwb-brand","embeddable":true,"href":"https:\/\/www.moskito.cz\/de\/wp-json\/wp\/v2\/pwb-brand?post=323307"},{"taxonomy":"product_brand","embeddable":true,"href":"https:\/\/www.moskito.cz\/de\/wp-json\/wp\/v2\/product_brand?post=323307"},{"taxonomy":"product_cat","embeddable":true,"href":"https:\/\/www.moskito.cz\/de\/wp-json\/wp\/v2\/product_cat?post=323307"},{"taxonomy":"product_tag","embeddable":true,"href":"https:\/\/www.moskito.cz\/de\/wp-json\/wp\/v2\/product_tag?post=323307"}],"curies":[{"name":"wp","href":"https:\/\/api.w.org\/{rel}","templated":true}]}}