{"id":323359,"date":"2024-03-20T21:06:44","date_gmt":"2024-03-20T20:08:53","guid":{"rendered":"https:\/\/www.moskito.cz\/produkt\/schiessmesser-pro-tech-custom-les-george-sbr-2023-custom-006\/"},"modified":"2025-05-07T11:07:32","modified_gmt":"2025-05-07T10:07:32","slug":"schiessmesser-pro-tech-custom-les-george-sbr-2023-custom-006","status":"publish","type":"product","link":"https:\/\/www.moskito.cz\/de\/produkt\/schiessmesser-pro-tech-custom-les-george-sbr-2023-custom-006\/","title":{"rendered":"Schie\u00dfmesser Pro-Tech Custom Les George SBR.2023.Custom.006"},"content":{"rendered":"<p>Schie\u00dfmesser <strong>Pro-Tech<\/strong> Custom Les George SBR.2023.Custom.006<\/p>\n<p>Jedes <strong>Pro-Tech-<\/strong> Messer ist eine Mischung aus den besten verf\u00fcgbaren Materialien und einer Verpflichtung zur Handwerkskunst. <strong>Pro-Tech-<\/strong> Messer werden mit modernsten Herstellungsverfahren hergestellt, darunter: CNC-Bearbeitung, Drahterodieren, Laserschneiden usw. Hightech-Komponenten werden von engagierten und sorgf\u00e4ltigen Handwerkern in ihrem Werk in Artesia, Kalifornien, von Hand zusammengebaut und zusammengebaut. Sie fertigen ihre Messer in kleinen Mengen, sodass sie sich die Zeit nehmen k\u00f6nnen, jedes Messer individuell anzupassen und von Hand auf ein Niveau zu bringen, das bei Fabrikmessern selten zu finden ist. Ihre Serienmessermodelle bieten das beste Design, die beste Funktion und den besten Wert aller heute auf dem Markt erh\u00e4ltlichen Messer. Ihre ma\u00dfgeschneiderten Automatikmesser sind einzigartige Kunstwerke. Jedes der ma\u00dfgefertigten Messer in limitierter Auflage ist ein Beispiel f\u00fcr ein Erbe an Qualit\u00e4t. Egal f\u00fcr welches Messer Sie sich entscheiden, wir sind sicher, dass Sie mit Ihrem Kauf sehr zufrieden sein werden.<\/p>\n<p>Pro-Tech Knives ist stolz darauf, weltweit die erste Wahl f\u00fcr Strafverfolgungs- und Milit\u00e4rexperten zu sein. Pro-Tech-Messer sind auf Langlebigkeit ausgelegt. Das Rockeye AUTO ist das Ergebnis einer Zusammenarbeit zwischen Les George und Pro-Tech und verf\u00fcgt wie alle ihre Messer \u00fcber eine harte Schraubenfeder. Es verf\u00fcgt \u00fcber eine Vegas Forge-Edelstahl-Damastklinge mit falschem Spitzenkeil, Daumenf\u00fchrung und verst\u00e4rkter Spitze f\u00fcr maximale Durchdringungseffizienz ohne Beeintr\u00e4chtigung der Integrit\u00e4t. Der rustikale Doppelfedergriff aus goldfarbenem Titan ist \u00e4u\u00dferst langlebig und somit eine ideale Komponente f\u00fcr den t\u00e4glichen Gebrauch. Es ist ergonomisch, blitzschnell und einfach ein erstaunlicher Allrounder.<\/p>\n<p>Spezifikationen:<br \/>\nKlingenl\u00e4nge: 6,25 cm<br \/>\nL\u00e4nge geschlossen: 9,75 cm<br \/>\nGesamtl\u00e4nge: 16 cm<br \/>\nKlingenmaterial: CPM-S35VN Edelstahl<br \/>\nKlingenstil: Drop Point<br \/>\nKlingenschliff: Flach<br \/>\nOberfl\u00e4chenbehandlung der Klinge: Stonewash<br \/>\nGriffmaterial: Blau\/Bronze, zweifarbiges, gezahntes Titan<br \/>\nSchlie\u00dfmechanismus: Perlmuttknopf<br \/>\nTaschenclip: blaues Titan (klappbar, rechtes Tragegef\u00fchl)<br \/>\nGewicht: 4,23 Unzen.<br \/>\nDesigner: Les George<br \/>\nHergestellt in den USA<\/p>\n<p><iframe title=\"Meet Pro-Tech Knives\" width=\"800\" height=\"450\" src=\"https:\/\/www.youtube.com\/embed\/0TueVbHVDY4?feature=oembed\" frameborder=\"0\" allow=\"accelerometer; autoplay; clipboard-write; encrypted-media; gyroscope; picture-in-picture; web-share\" allowfullscreen><\/iframe><\/p>\n<p>&nbsp;<\/p>\n","protected":false},"excerpt":{"rendered":"<p><strong>Unsere Produktionsmessermodelle bieten das beste Design, die beste Funktion und den besten Wert aller heute auf dem Markt erh\u00e4ltlichen Messer. Unsere ma\u00dfgefertigten Kunstmesser sind einzigartige Kunstwerke. Jedes unserer ma\u00dfgeschneiderten Messer in limitierter Auflage ist ein Beispiel f\u00fcr ein Erbe an Qualit\u00e4t. Egal f\u00fcr welches unserer Messer Sie sich entscheiden, wir sind sicher, dass Sie mit Ihrem Kauf sehr zufrieden sein werden.<\/strong><\/p>\n<p><strong>Vielen Dank f\u00fcr Ihr Interesse an unseren Qualit\u00e4tsmessern.<\/strong><\/p>\n<p>Kostenloser Transport.<\/p>\n","protected":false},"featured_media":323312,"comment_status":"open","ping_status":"closed","template":"","meta":[],"pwb-brand":[],"product_brand":[],"product_cat":[3343,3285],"product_tag":[3669],"class_list":{"0":"post-323359","1":"product","2":"type-product","3":"status-publish","4":"has-post-thumbnail","6":"product_cat-schiesmesser","7":"product_cat-messer","8":"product_tag-b2b-de","10":"first","11":"instock","12":"taxable","13":"shipping-taxable","14":"purchasable","15":"product-type-simple"},"brands":[],"_links":{"self":[{"href":"https:\/\/www.moskito.cz\/de\/wp-json\/wp\/v2\/product\/323359","targetHints":{"allow":["GET"]}}],"collection":[{"href":"https:\/\/www.moskito.cz\/de\/wp-json\/wp\/v2\/product"}],"about":[{"href":"https:\/\/www.moskito.cz\/de\/wp-json\/wp\/v2\/types\/product"}],"replies":[{"embeddable":true,"href":"https:\/\/www.moskito.cz\/de\/wp-json\/wp\/v2\/comments?post=323359"}],"wp:featuredmedia":[{"embeddable":true,"href":"https:\/\/www.moskito.cz\/de\/wp-json\/wp\/v2\/media\/323312"}],"wp:attachment":[{"href":"https:\/\/www.moskito.cz\/de\/wp-json\/wp\/v2\/media?parent=323359"}],"wp:term":[{"taxonomy":"pwb-brand","embeddable":true,"href":"https:\/\/www.moskito.cz\/de\/wp-json\/wp\/v2\/pwb-brand?post=323359"},{"taxonomy":"product_brand","embeddable":true,"href":"https:\/\/www.moskito.cz\/de\/wp-json\/wp\/v2\/product_brand?post=323359"},{"taxonomy":"product_cat","embeddable":true,"href":"https:\/\/www.moskito.cz\/de\/wp-json\/wp\/v2\/product_cat?post=323359"},{"taxonomy":"product_tag","embeddable":true,"href":"https:\/\/www.moskito.cz\/de\/wp-json\/wp\/v2\/product_tag?post=323359"}],"curies":[{"name":"wp","href":"https:\/\/api.w.org\/{rel}","templated":true}]}}