{"id":323368,"date":"2023-03-30T20:58:26","date_gmt":"2023-03-30T19:58:26","guid":{"rendered":"https:\/\/www.moskito.cz\/produkt\/massives-messer-cold-steel-mini-lederneck-tanto-point\/"},"modified":"2025-05-07T11:07:33","modified_gmt":"2025-05-07T10:07:33","slug":"massives-messer-cold-steel-mini-lederneck-tanto-point","status":"publish","type":"product","link":"https:\/\/www.moskito.cz\/de\/produkt\/massives-messer-cold-steel-mini-lederneck-tanto-point\/","title":{"rendered":"Massives Messer Cold Steel MINI LEDERNECK TANTO POINT"},"content":{"rendered":"<p>Massives Messer <strong>Cold Steel<\/strong> MINI LEDERNECK TANTO POINT<\/p>\n<p>Die Gr\u00f6\u00dfe des Hundes im Kampf ist nicht so wichtig wie die Gr\u00f6\u00dfe des Hundes im Kampf! Die Mini Leatherneck-Linie verk\u00f6rpert dieses Sprichwort absolut. Hergestellt aus 8Cr13MoV-Stahl und in drei Klingenausf\u00fchrungen erh\u00e4ltlich. Jede Klinge verf\u00fcgt \u00fcber einen Edelstahlschutz mit breiter Parierstange zum Schutz Ihrer Finger. Der Griff besteht aus Kray-Ex\u2122-Material und ist so gestaltet, dass er unseren gr\u00f6\u00dferen Leatherneck-Modellen \u00e4hnelt. Diese Messer werden mit einer starken und robusten Secure-Ex\u2122-Scheide geliefert, die eine Perlenschnur oder einen Cold Steel\u00ae C-Clip aufnehmen kann. Das Beste daran ist, dass sie erschwinglich sind.<\/p>\n<p>Klingenmaterial: 8cr13mov<br \/>\nGriffmaterial: Kraton<br \/>\nGeh\u00e4usematerial: Secure-Ex<br \/>\nKlingenl\u00e4nge: 8,9 cm<br \/>\nGesamtl\u00e4nge: 17,1 cm<br \/>\nGriffl\u00e4nge: 8,3 cm<br \/>\nKlingenst\u00e4rke: 3 mm<br \/>\nGewicht: 94 g<br \/>\nKlingentyp: Tanto<\/p>\n","protected":false},"excerpt":{"rendered":"<p><strong>Die Form des kleinen Leatherneck orientiert sich an seinem gro\u00dfen Vorbild. Dank seiner geringeren Gr\u00f6\u00dfe und seines geringeren Gewichts wird es zu einem Werkzeug f\u00fcr den t\u00e4glichen Gebrauch und wird nicht unn\u00f6tig negativ auffallen.<\/strong><\/p>\n","protected":false},"featured_media":323370,"comment_status":"open","ping_status":"closed","template":"","meta":[],"pwb-brand":[3602],"product_brand":[],"product_cat":[3287,3285],"product_tag":[3669],"class_list":{"0":"post-323368","1":"product","2":"type-product","3":"status-publish","4":"has-post-thumbnail","6":"pwb-brand-kalter-stahl","7":"product_cat-solide-messer","8":"product_cat-messer","9":"product_tag-b2b-de","11":"first","12":"outofstock","13":"taxable","14":"shipping-taxable","15":"purchasable","16":"product-type-simple"},"brands":[{"id":3602,"name":"Kalter Stahl","slug":"kalter-stahl"}],"_links":{"self":[{"href":"https:\/\/www.moskito.cz\/de\/wp-json\/wp\/v2\/product\/323368","targetHints":{"allow":["GET"]}}],"collection":[{"href":"https:\/\/www.moskito.cz\/de\/wp-json\/wp\/v2\/product"}],"about":[{"href":"https:\/\/www.moskito.cz\/de\/wp-json\/wp\/v2\/types\/product"}],"replies":[{"embeddable":true,"href":"https:\/\/www.moskito.cz\/de\/wp-json\/wp\/v2\/comments?post=323368"}],"wp:featuredmedia":[{"embeddable":true,"href":"https:\/\/www.moskito.cz\/de\/wp-json\/wp\/v2\/media\/323370"}],"wp:attachment":[{"href":"https:\/\/www.moskito.cz\/de\/wp-json\/wp\/v2\/media?parent=323368"}],"wp:term":[{"taxonomy":"pwb-brand","embeddable":true,"href":"https:\/\/www.moskito.cz\/de\/wp-json\/wp\/v2\/pwb-brand?post=323368"},{"taxonomy":"product_brand","embeddable":true,"href":"https:\/\/www.moskito.cz\/de\/wp-json\/wp\/v2\/product_brand?post=323368"},{"taxonomy":"product_cat","embeddable":true,"href":"https:\/\/www.moskito.cz\/de\/wp-json\/wp\/v2\/product_cat?post=323368"},{"taxonomy":"product_tag","embeddable":true,"href":"https:\/\/www.moskito.cz\/de\/wp-json\/wp\/v2\/product_tag?post=323368"}],"curies":[{"name":"wp","href":"https:\/\/api.w.org\/{rel}","templated":true}]}}