{"id":323626,"date":"2023-10-31T15:24:28","date_gmt":"2024-03-22T14:42:41","guid":{"rendered":"https:\/\/www.moskito.cz\/produkt\/schliessmesser-extrema-ratio-rao-c-schwarz\/"},"modified":"2025-05-07T11:07:40","modified_gmt":"2025-05-07T10:07:40","slug":"schliessmesser-extrema-ratio-rao-c-schwarz","status":"publish","type":"product","link":"https:\/\/www.moskito.cz\/de\/produkt\/schliessmesser-extrema-ratio-rao-c-schwarz\/","title":{"rendered":"Schlie\u00dfmesser Extrema Ratio RAO C SCHWARZ"},"content":{"rendered":"<p>Schlie\u00dfmesser <strong>Extrema Ratio<\/strong> RAO C SCHWARZ<\/p>\n<p>Das Extrema Ratio RAO C ist ein kompaktes Klappmesser, das vom legend\u00e4ren RAO II abgeleitet ist.<\/p>\n<p>Aufgrund seiner Struktur ist das RAO C ein Werkzeug, das trotz seiner geringen Abmessungen die gleichen Robustheits- und Zuverl\u00e4ssigkeitseigenschaften wie sein gr\u00f6\u00dferer Bruder gew\u00e4hrleisten kann und gleichzeitig eine bessere Tragbarkeit und Kontrolle bietet.<\/p>\n<p>Der Griff besteht aus zwei fein bearbeiteten Griffen aus eloxiertem Aluminium, auf die Extrema Ratio eine harte Oxidationsbehandlung anwendet, die die Griffe widerstandsf\u00e4higer gegen Verschlei\u00df und Korrosion macht.<\/p>\n<p>Zwei Stahlrahmen tragen dazu bei, die Stabilit\u00e4t des Griffs zu erh\u00f6hen, um selbst den anspruchsvollsten Eins\u00e4tzen standzuhalten.<\/p>\n<p>Der \u00d6ffnungsverriegelungsmechanismus ist besonders langlebig, da er durch ein Sicherheitssystem unterst\u00fctzt wird, das ihn in eine echte feststehende Klinge verwandelt.<\/p>\n<p>Die prim\u00e4re Sicherung der Klinge wird durch Anheben und Absenken des Sicherheitsstifts aktiviert.<\/p>\n<p>Um dem Anwender maximale Sicherheit bei der Nutzung zu gew\u00e4hrleisten, wurde eine praktische und schnelle Sekund\u00e4rsicherung eingesetzt, die durch einfaches horizontales Bewegen des Sicherungsstiftes aktiviert werden kann.<\/p>\n<p>Der doppelseitige Clip erm\u00f6glicht das verdeckte Tragen in der Tasche und macht das Messer von au\u00dfen unsichtbar.<\/p>\n<p>Die Klinge besteht aus B\u00f6hler N690-Stahl, der auf 58 HRC geh\u00e4rtet ist, mit einem klassischen schwarzen Extrema Ratio MIL-C-13924-Finish.<\/p>\n<p>Um die Stahlrahmen leichter zu machen, wurde aus dem RAO C-Profil eine Form lasergeschnitten, die dann zur Herstellung des mit dem Messer gelieferten Gadgets verwendet wurde.<\/p>\n<p>Der Rao C ist in Schwarz und Tactical Grey erh\u00e4ltlich.<\/p>\n<p>&nbsp;<\/p>\n<p>KLINGENL\u00c4NGE (MM): 100<br \/>\nKLINGENL\u00c4NGE (IN): 3,93<br \/>\nGESAMTL\u00c4NGE (MM): 225<br \/>\nGESAMTL\u00c4NGE (H): 8,85<br \/>\nKLINGENST\u00c4RKE (MM): 4<br \/>\nKLINGENST\u00c4RKE (IN): 0,15<br \/>\nKLINGENMATERIAL: B\u00d6HLER N690 STAHL (58HRC)<br \/>\nMESSERFINISH: MIL-C-13924 LAYING<br \/>\nMESSERSCHLEIFEN: FLACHKANTE<br \/>\nGRIFFMATERIAL: ELOXIERTES ANTIKORRODALES ALUMINIUM<\/p>\n<p>&nbsp;<\/p>\n<p>&nbsp;<\/p>\n","protected":false},"excerpt":{"rendered":"<p><strong>Das Extrema Ratio RAO C ist ein kompaktes Klappmesser, das vom legend\u00e4ren RAO II abgeleitet ist.<\/strong><\/p>\n","protected":false},"featured_media":323628,"comment_status":"open","ping_status":"closed","template":"","meta":[],"pwb-brand":[3539],"product_brand":[],"product_cat":[3303,3285],"product_tag":[3669],"class_list":{"0":"post-323626","1":"product","2":"type-product","3":"status-publish","4":"has-post-thumbnail","6":"pwb-brand-extrema-verhaltnis","7":"product_cat-schliesmesser","8":"product_cat-messer","9":"product_tag-b2b-de","11":"first","12":"instock","13":"taxable","14":"shipping-taxable","15":"purchasable","16":"product-type-simple"},"brands":[{"id":3539,"name":"Extrema-Verh\u00e4ltnis","slug":"extrema-verhaltnis"}],"_links":{"self":[{"href":"https:\/\/www.moskito.cz\/de\/wp-json\/wp\/v2\/product\/323626","targetHints":{"allow":["GET"]}}],"collection":[{"href":"https:\/\/www.moskito.cz\/de\/wp-json\/wp\/v2\/product"}],"about":[{"href":"https:\/\/www.moskito.cz\/de\/wp-json\/wp\/v2\/types\/product"}],"replies":[{"embeddable":true,"href":"https:\/\/www.moskito.cz\/de\/wp-json\/wp\/v2\/comments?post=323626"}],"wp:featuredmedia":[{"embeddable":true,"href":"https:\/\/www.moskito.cz\/de\/wp-json\/wp\/v2\/media\/323628"}],"wp:attachment":[{"href":"https:\/\/www.moskito.cz\/de\/wp-json\/wp\/v2\/media?parent=323626"}],"wp:term":[{"taxonomy":"pwb-brand","embeddable":true,"href":"https:\/\/www.moskito.cz\/de\/wp-json\/wp\/v2\/pwb-brand?post=323626"},{"taxonomy":"product_brand","embeddable":true,"href":"https:\/\/www.moskito.cz\/de\/wp-json\/wp\/v2\/product_brand?post=323626"},{"taxonomy":"product_cat","embeddable":true,"href":"https:\/\/www.moskito.cz\/de\/wp-json\/wp\/v2\/product_cat?post=323626"},{"taxonomy":"product_tag","embeddable":true,"href":"https:\/\/www.moskito.cz\/de\/wp-json\/wp\/v2\/product_tag?post=323626"}],"curies":[{"name":"wp","href":"https:\/\/api.w.org\/{rel}","templated":true}]}}