{"id":323724,"date":"2022-11-07T21:56:00","date_gmt":"2022-11-07T20:56:00","guid":{"rendered":"https:\/\/www.moskito.cz\/produkt\/cold-steel-finn-wolf-klappmesser-von-gruen\/"},"modified":"2025-05-07T11:07:43","modified_gmt":"2025-05-07T10:07:43","slug":"cold-steel-finn-wolf-klappmesser-von-gruen","status":"publish","type":"product","link":"https:\/\/www.moskito.cz\/de\/produkt\/cold-steel-finn-wolf-klappmesser-von-gruen\/","title":{"rendered":"Cold Steel FINN WOLF Klappmesser VON GR\u00dcN"},"content":{"rendered":"<p><strong>Cold Steel<\/strong> FINN WOLF Klappmesser VON GR\u00dcN.<\/p>\n<p>Das Cold Steel Finn Wolf wurde in Zusammenarbeit zwischen dem Messermacher Andrew Demke und der Pr\u00e4sidentin von Cold Steel, Lynn C. Thompson, entwickelt und ist ein klappbares Gebrauchs- und Campingmesser, das vom klassischen finnischen Pukko inspiriert ist. Ausgestattet mit unserem Tri-Ad-Schloss f\u00fcr h\u00f6chste Sicherheit ist der Finn Wolf ein Klappmesser, auf den Sie sich auch unter den kompromisslosesten Bedingungen verlassen k\u00f6nnen. Seine satinpolierte japanische AUS 8A-Klinge ist bereit f\u00fcr lange Stunden und harte Arbeit, und seine scharfe, schleiffreie Kante erleichtert das Nachsch\u00e4rfen im Feld. Bei so viel Leistung in diesem praktischen, robusten, praktischen und erschwinglichen Paket gibt es einfach keine Ausrede, den Finn Wolf nicht noch heute in Ihre Sammlung aufzunehmen!<\/p>\n<p>PRODUKTPARAMETER<br \/>\nFarbe: Gr\u00fcn\/Silber<br \/>\nArt der Sperre: Tri-Ad Lock<br \/>\nGewicht: 96,38 g<br \/>\nKlingenst\u00e4rke: 3 mm<br \/>\nGriffl\u00e4nge: 111 mm<br \/>\nHolstermaterial: Beidh\u00e4ndig verwendbarer Taschen-\/G\u00fcrtelclip<br \/>\nGesamtgr\u00f6\u00dfe: 205 mm<br \/>\nKlingenl\u00e4nge: 89 mm<br \/>\nGriffmaterial: Long OD Green Griv-Ex\u2122<br \/>\nStahl: Japanischer AUS 8A Edelstahl<\/p>\n<p>&nbsp;<\/p>\n","protected":false},"excerpt":{"rendered":"<p>Das Klappmesser Finn Wolf von Cold Steel ist ein Alltagsmesser (EDC), das f\u00fcr J\u00e4ger, Fischer und Outdoor-Aktivit\u00e4ten im Allgemeinen entwickelt wurde.<\/p>\n","protected":false},"featured_media":323727,"comment_status":"open","ping_status":"closed","template":"","meta":[],"pwb-brand":[3602],"product_brand":[],"product_cat":[3303,3285],"product_tag":[3669],"class_list":{"0":"post-323724","1":"product","2":"type-product","3":"status-publish","4":"has-post-thumbnail","6":"pwb-brand-kalter-stahl","7":"product_cat-schliesmesser","8":"product_cat-messer","9":"product_tag-b2b-de","11":"first","12":"instock","13":"taxable","14":"shipping-taxable","15":"purchasable","16":"product-type-simple"},"brands":[{"id":3602,"name":"Kalter Stahl","slug":"kalter-stahl"}],"_links":{"self":[{"href":"https:\/\/www.moskito.cz\/de\/wp-json\/wp\/v2\/product\/323724","targetHints":{"allow":["GET"]}}],"collection":[{"href":"https:\/\/www.moskito.cz\/de\/wp-json\/wp\/v2\/product"}],"about":[{"href":"https:\/\/www.moskito.cz\/de\/wp-json\/wp\/v2\/types\/product"}],"replies":[{"embeddable":true,"href":"https:\/\/www.moskito.cz\/de\/wp-json\/wp\/v2\/comments?post=323724"}],"wp:featuredmedia":[{"embeddable":true,"href":"https:\/\/www.moskito.cz\/de\/wp-json\/wp\/v2\/media\/323727"}],"wp:attachment":[{"href":"https:\/\/www.moskito.cz\/de\/wp-json\/wp\/v2\/media?parent=323724"}],"wp:term":[{"taxonomy":"pwb-brand","embeddable":true,"href":"https:\/\/www.moskito.cz\/de\/wp-json\/wp\/v2\/pwb-brand?post=323724"},{"taxonomy":"product_brand","embeddable":true,"href":"https:\/\/www.moskito.cz\/de\/wp-json\/wp\/v2\/product_brand?post=323724"},{"taxonomy":"product_cat","embeddable":true,"href":"https:\/\/www.moskito.cz\/de\/wp-json\/wp\/v2\/product_cat?post=323724"},{"taxonomy":"product_tag","embeddable":true,"href":"https:\/\/www.moskito.cz\/de\/wp-json\/wp\/v2\/product_tag?post=323724"}],"curies":[{"name":"wp","href":"https:\/\/api.w.org\/{rel}","templated":true}]}}