{"id":323734,"date":"2023-03-25T14:30:44","date_gmt":"2024-03-25T14:11:36","guid":{"rendered":"https:\/\/www.moskito.cz\/produkt\/cold-steel-lynn-thompson-signature-spartan-klappmesser\/"},"modified":"2025-05-07T11:07:44","modified_gmt":"2025-05-07T10:07:44","slug":"cold-steel-lynn-thompson-signature-spartan-klappmesser","status":"publish","type":"product","link":"https:\/\/www.moskito.cz\/de\/produkt\/cold-steel-lynn-thompson-signature-spartan-klappmesser\/","title":{"rendered":"Cold Steel LYNN THOMPSON SIGNATURE SPARTAN Klappmesser"},"content":{"rendered":"<p><strong>Cold Steel<\/strong> LYNN THOMPSON SIGNATURE SPARTAN Klappmesser<\/p>\n<p><strong>Cold Steel<\/strong> Lynn Thompson Signature Spartan mit Signatur auf der Vorderseite der Klinge und Seriennummer der Echtheit. Die superscharfe gezackte Klinge von Spartans besteht aus S35VN-Stahl und wurde so konzipiert, dass sie die \u00c4sthetik und Schneidleistung des weltber\u00fchmten Kukri widerspiegelt, mit gebogener Klinge, gro\u00dfem Bauch und scharfer Spitze. Die Klinge dieses Cold Steel-Messers verf\u00fcgt \u00fcber eine patentierte \u201eDemko\u201c-Daumenplatte f\u00fcr sowohl einh\u00e4ndiges als auch herausziehbares \u00d6ffnen. Der gerillte OD Green G-10-Griff verf\u00fcgt \u00fcber eine ausgepr\u00e4gte Chol- und Kopfkurve f\u00fcr sicheren Halt, Stahleins\u00e4tze f\u00fcr Stabilit\u00e4t, ein Tri-Ad-Schloss und eine Fangriemen\u00f6se. Es ist f\u00fcr Komfort stark konturiert und verf\u00fcgt \u00fcber eine unregelm\u00e4\u00dfige R\u00e4ndelung und eine stark strukturierte Oberfl\u00e4che f\u00fcr einen au\u00dfergew\u00f6hnlich effektiven Halt.<\/p>\n<p>Beschreibung:<br \/>\nKlingenmaterial: CPM-S35VN<br \/>\nGriffmaterial: G-10<br \/>\nSicherheit: Tri-Ad-Schloss<br \/>\nKlingenl\u00e4nge: 11,4 cm<br \/>\nGesamtl\u00e4nge: 26,7 cm<br \/>\nL\u00e4nge des gefalteten Messers: 15,2 cm<br \/>\nKlingenst\u00e4rke: 4 mm<br \/>\nGewicht: 256 g<br \/>\nKlingentyp: Kukri<\/p>\n<p><iframe title=\"Cold Steel Lynn Thompson Signature Series Spartan Knife 1 Available at Cold Steel Dealers Nationwide\" width=\"800\" height=\"450\" src=\"https:\/\/www.youtube.com\/embed\/P5zbdjBcmpI?feature=oembed\" frameborder=\"0\" allow=\"accelerometer; autoplay; clipboard-write; encrypted-media; gyroscope; picture-in-picture; web-share\" allowfullscreen><\/iframe><\/p>\n<p>&nbsp;<\/p>\n<p>&nbsp;<\/p>\n","protected":false},"excerpt":{"rendered":"<p><strong>LYNN THOMPSON SIGNATURE SPARTAN, Klappmesser mit gezackter Klinge. Diesmal in einer limitierten, nummerierten Serie, signiert vom Gr\u00fcnder von Cold Steel.<\/strong><\/p>\n","protected":false},"featured_media":323735,"comment_status":"open","ping_status":"closed","template":"","meta":[],"pwb-brand":[3602],"product_brand":[],"product_cat":[3285,3303],"product_tag":[3669],"class_list":{"0":"post-323734","1":"product","2":"type-product","3":"status-publish","4":"has-post-thumbnail","6":"pwb-brand-kalter-stahl","7":"product_cat-messer","8":"product_cat-schliesmesser","9":"product_tag-b2b-de","11":"first","12":"instock","13":"taxable","14":"shipping-taxable","15":"purchasable","16":"product-type-simple"},"brands":[{"id":3602,"name":"Kalter Stahl","slug":"kalter-stahl"}],"_links":{"self":[{"href":"https:\/\/www.moskito.cz\/de\/wp-json\/wp\/v2\/product\/323734","targetHints":{"allow":["GET"]}}],"collection":[{"href":"https:\/\/www.moskito.cz\/de\/wp-json\/wp\/v2\/product"}],"about":[{"href":"https:\/\/www.moskito.cz\/de\/wp-json\/wp\/v2\/types\/product"}],"replies":[{"embeddable":true,"href":"https:\/\/www.moskito.cz\/de\/wp-json\/wp\/v2\/comments?post=323734"}],"wp:featuredmedia":[{"embeddable":true,"href":"https:\/\/www.moskito.cz\/de\/wp-json\/wp\/v2\/media\/323735"}],"wp:attachment":[{"href":"https:\/\/www.moskito.cz\/de\/wp-json\/wp\/v2\/media?parent=323734"}],"wp:term":[{"taxonomy":"pwb-brand","embeddable":true,"href":"https:\/\/www.moskito.cz\/de\/wp-json\/wp\/v2\/pwb-brand?post=323734"},{"taxonomy":"product_brand","embeddable":true,"href":"https:\/\/www.moskito.cz\/de\/wp-json\/wp\/v2\/product_brand?post=323734"},{"taxonomy":"product_cat","embeddable":true,"href":"https:\/\/www.moskito.cz\/de\/wp-json\/wp\/v2\/product_cat?post=323734"},{"taxonomy":"product_tag","embeddable":true,"href":"https:\/\/www.moskito.cz\/de\/wp-json\/wp\/v2\/product_tag?post=323734"}],"curies":[{"name":"wp","href":"https:\/\/api.w.org\/{rel}","templated":true}]}}