{"id":323810,"date":"2024-03-25T17:00:42","date_gmt":"2024-03-25T16:02:20","guid":{"rendered":"https:\/\/www.moskito.cz\/produkt\/feststehendes-messer-spartan-blades-phrike-sb17bkgrkybk\/"},"modified":"2025-05-07T11:07:45","modified_gmt":"2025-05-07T10:07:45","slug":"feststehendes-messer-spartan-blades-phrike-sb17bkgrkybk","status":"publish","type":"product","link":"https:\/\/www.moskito.cz\/de\/produkt\/feststehendes-messer-spartan-blades-phrike-sb17bkgrkybk\/","title":{"rendered":"Feststehendes Messer Spartan Blades Phrike SB17BKGRKYBK"},"content":{"rendered":"<p>Feststehendes Messer <strong>Spartan Blades<\/strong> Phrike SB17BKGRKYBK.<\/p>\n<p><strong>Das Spartan Phrike<\/strong> Selbstverteidigungs-\/Allzweckmesser ist von der antiken griechischen Mythologie inspiriert, wobei Phrike eine G\u00f6ttin ist, die mit Schrecken und Angst in Verbindung gebracht wird. In der griechischen Sprache wird \u201ephrike\u201c mit \u201ezittern\u201c oder \u201ezittern\u201c \u00fcbersetzt. Trotz seiner kompakten Gr\u00f6\u00dfe ist das ma\u00dfgeschneiderte Selbstverteidigungsmesser Spartan Phrike ein beeindruckendes und fein gearbeitetes Werkzeug, das sowohl f\u00fcr die Selbstverteidigung als auch f\u00fcr den Gebrauchsgebrauch konzipiert ist.<\/p>\n<p><strong>Der Phrike<\/strong> verf\u00fcgt \u00fcber eine kleine und leichte Klinge von 4,25 Zoll, die speziell f\u00fcr den einfachen Transport und vielseitige Anwendungen wie Selbstverteidigung und Bushcraft entwickelt wurde. Der minimal vertiefte Griff des Messers tr\u00e4gt zu seinem Komfort, seinem schlanken Profil und seiner hohen Tragbarkeit bei.<\/p>\n<p>Als hervorragendes Allzweckmesser eignet sich das Phrike f\u00fcr allt\u00e4gliche Aufgaben und bew\u00e4hrt sich in den unterschiedlichsten Situationen. Seine Outdoor-F\u00e4higkeiten machen ihn zu einem zuverl\u00e4ssigen Begleiter f\u00fcr die Jagd und Rucksacktouren. Neben seinem praktischen Nutzen zeichnet sich <strong>das Phrike<\/strong> auch als handgefertigtes Selbstverteidigungsmesser aus, ideal f\u00fcr Notf\u00e4lle und unvorhergesehene Umst\u00e4nde.<\/p>\n<p>Das Messer wird mit einer Kydexscheide geliefert, die mit einer IWB-Schlaufe (Inside the Waistband) ausgestattet ist und in Schwarz oder Coyote erh\u00e4ltlich ist.<\/p>\n<p>Die Spezifikationen f\u00fcr das Selbstverteidigungs-\/Allzweckmesser Spartan Phrike lauten wie folgt:<\/p>\n<p>Messername: Phrike<br \/>\nDesigner: Iovito\/Carey<br \/>\nKlingenl\u00e4nge: <span id=\"cwos\" class=\"qv3Wpe\">10,62<\/span> cm<br \/>\nGesamtl\u00e4nge: 21,25 cm<br \/>\nKlingenstahl: S45VN<br \/>\nKlingenh\u00e4rte: 59-61 HRC<br \/>\nKlingenstil: Massiv, gebogener Drop-Point<br \/>\nBeschichtung: SpartaCoat \u2013 PVD \u2013 Wolfram DLC (Flat Black) oder ZrN (Flat Dark Earth)<br \/>\nGriffmaterial: G10 (Schwarz, Gr\u00fcn und Coyote Tan)<br \/>\nScheide: Kydex mit IWB-Schlaufe (Schwarz oder Coyote)<br \/>\nGewicht: 0,244 Pfund<\/p>\n<p><iframe title=\"Spartan Blades Company Knife Company Story with Co-Founders Mark Carey and Curtis Iovito.\" width=\"800\" height=\"450\" src=\"https:\/\/www.youtube.com\/embed\/S-EVJgZR57Y?feature=oembed\" frameborder=\"0\" allow=\"accelerometer; autoplay; clipboard-write; encrypted-media; gyroscope; picture-in-picture; web-share\" allowfullscreen><\/iframe><\/p>\n<p>&nbsp;<\/p>\n","protected":false},"excerpt":{"rendered":"<p><strong>Das Spartan Phrike Selbstverteidigungs-\/Allzweckmesser ist von der antiken griechischen Mythologie inspiriert, wobei Phrike eine G\u00f6ttin ist, die mit Schrecken und Angst in Verbindung gebracht wird. In der griechischen Sprache wird \u201ephrike\u201c mit \u201ezittern\u201c oder \u201ezittern\u201c \u00fcbersetzt. Trotz seiner kompakten Gr\u00f6\u00dfe ist das ma\u00dfgeschneiderte Selbstverteidigungsmesser Spartan Phrike ein beeindruckendes und fein gearbeitetes Werkzeug, das sowohl f\u00fcr die Selbstverteidigung als auch f\u00fcr den Gebrauchsgebrauch konzipiert ist.<\/strong><\/p>\n<p><strong>Kostenloser Transport.<\/strong><\/p>\n","protected":false},"featured_media":323770,"comment_status":"open","ping_status":"closed","template":"","meta":[],"pwb-brand":[3839],"product_brand":[],"product_cat":[3285,3287],"product_tag":[3669],"class_list":{"0":"post-323810","1":"product","2":"type-product","3":"status-publish","4":"has-post-thumbnail","6":"pwb-brand-spartanische-klingen","7":"product_cat-messer","8":"product_cat-solide-messer","9":"product_tag-b2b-de","11":"first","12":"instock","13":"taxable","14":"shipping-taxable","15":"purchasable","16":"product-type-simple"},"brands":[{"id":3839,"name":"Spartanische Klingen","slug":"spartanische-klingen"}],"_links":{"self":[{"href":"https:\/\/www.moskito.cz\/de\/wp-json\/wp\/v2\/product\/323810","targetHints":{"allow":["GET"]}}],"collection":[{"href":"https:\/\/www.moskito.cz\/de\/wp-json\/wp\/v2\/product"}],"about":[{"href":"https:\/\/www.moskito.cz\/de\/wp-json\/wp\/v2\/types\/product"}],"replies":[{"embeddable":true,"href":"https:\/\/www.moskito.cz\/de\/wp-json\/wp\/v2\/comments?post=323810"}],"wp:featuredmedia":[{"embeddable":true,"href":"https:\/\/www.moskito.cz\/de\/wp-json\/wp\/v2\/media\/323770"}],"wp:attachment":[{"href":"https:\/\/www.moskito.cz\/de\/wp-json\/wp\/v2\/media?parent=323810"}],"wp:term":[{"taxonomy":"pwb-brand","embeddable":true,"href":"https:\/\/www.moskito.cz\/de\/wp-json\/wp\/v2\/pwb-brand?post=323810"},{"taxonomy":"product_brand","embeddable":true,"href":"https:\/\/www.moskito.cz\/de\/wp-json\/wp\/v2\/product_brand?post=323810"},{"taxonomy":"product_cat","embeddable":true,"href":"https:\/\/www.moskito.cz\/de\/wp-json\/wp\/v2\/product_cat?post=323810"},{"taxonomy":"product_tag","embeddable":true,"href":"https:\/\/www.moskito.cz\/de\/wp-json\/wp\/v2\/product_tag?post=323810"}],"curies":[{"name":"wp","href":"https:\/\/api.w.org\/{rel}","templated":true}]}}