{"id":323898,"date":"2023-10-26T19:40:56","date_gmt":"2024-03-26T09:44:51","guid":{"rendered":"https:\/\/www.moskito.cz\/produkt\/kershaw-payout-2075-schliessmesser\/"},"modified":"2025-05-07T11:07:47","modified_gmt":"2025-05-07T10:07:47","slug":"kershaw-payout-2075-schliessmesser","status":"publish","type":"product","link":"https:\/\/www.moskito.cz\/de\/produkt\/kershaw-payout-2075-schliessmesser\/","title":{"rendered":"Kershaw PAYOUT 2075 Schlie\u00dfmesser"},"content":{"rendered":"<p><strong>Kershaw<\/strong> PAYOUT 2075 Schlie\u00dfmesser<\/p>\n<p><strong>Payout<\/strong> ist ein gr\u00f6\u00dferes Messer, das mit Sicherheit bewundernde Blicke auf sich zieht. Die gro\u00dfe 3,5-Zoll-D2-Stahlklinge verf\u00fcgt \u00fcber eine einzigartige Spitzenkerbe, die dem Payout ein dynamisches Aussehen verleiht und das Gewicht der gr\u00f6\u00dferen Klinge etwas verringert. Die Vorderseite des Griffs aus bearbeitetem Stahl und schwarzem G10 wird durch einen dekorativen Stift und einen kupfereloxierten Aluminiumstift erg\u00e4nzt. Auf der R\u00fcckseite des Griffs befindet sich der ebenfalls in Kupfer eloxierte Drehring mit eigener \u00dcberkreuzsperre. Der letzte kupferne Touch ist ein St\u00e4nder, der als Loch f\u00fcr das Schl\u00fcsselband dient.<\/p>\n<p>Hochwertiges Taschenmesser mit einzigartigem Aussehen und hoher Leistung<br \/>\nD2-Werkzeugstahl mit hohem Kohlenstoffgehalt ist \u00e4u\u00dferst verschlei\u00dffest, z\u00e4h und bietet eine hervorragende Schnitthaltigkeit<br \/>\nEin drehbarer Ring aus kupfereloxiertem Aluminium, eine Abstandshalter-\/Lanyard-\u00d6se und ein Auflaufstopp sorgen f\u00fcr individuelle Akzente<br \/>\nDer Griff aus Stahl und G10 ist tief konturiert und passt sich bequem der Handfl\u00e4che an<br \/>\nDie gro\u00dfe Klinge \u00f6ffnet sich dank Kershaws \u00d6ffnungsunterst\u00fctzung schnell<br \/>\nDer umlaufende Taschenclip bietet angenehmen, tiefen Tragekomfort.<\/p>\n<p>T\u00e4glich verwenden, im Freien, bei der Arbeit<br \/>\nGeben Sie \u201eUnterst\u00fctzt\u201c und \u201eOrdner\u201c ein<br \/>\nStylisches Taschenmesser<br \/>\nDesigner Kershaw Originals<br \/>\nDrop-Point im Klingenstil<br \/>\nKlingenkante glatt<br \/>\nUnterst\u00fctzte \u00d6ffnungsaktion<br \/>\n\u00d6ffnet mit Flipper<br \/>\nSchlosstyp Rahmenschloss<br \/>\nTaschenclip Extra tiefes Tragen in einer Position (rechts, zusammenklappbar)<br \/>\nGrifffarbe Silber und Schwarz<br \/>\nHardware: Drehmutter aus br\u00fcniertem Stahl, Drehh\u00fclse aus bronze eloxiertem Aluminium, Taschenclip aus br\u00fcniertem Stahl, Rohrabstandshalter aus bronze eloxiertem Aluminium, Schrauben aus br\u00fcniertem Stahl<br \/>\nHerkunftsland USA: Design, Prototyp, Qualit\u00e4tskontrolle.<br \/>\nGarantie Eingeschr\u00e4nkte lebenslange Garantie<\/p>\n<p>SPEZIFIKATIONEN:<br \/>\nKlingenl\u00e4nge: 8,9 cm<br \/>\nKlingenmaterial D2<br \/>\nKlingenfinish\/Scheide Stonewash-Finish<br \/>\nKlingenst\u00e4rke 0,284 cm<br \/>\nL\u00e4nge geschlossen: 12,6 cm<br \/>\nGriffmaterial vorne G10, hinten Edelstahl<br \/>\nGrifffinish\/Beschichtung der R\u00fcckseite mit Stonewash-Finish<br \/>\nGriffst\u00e4rke: 10 cm<br \/>\nGesamtl\u00e4nge: 21,3 cm<br \/>\nGewicht: 150,3 g<\/p>\n","protected":false},"excerpt":{"rendered":"<p><strong>Hochwertiges Taschenmesser mit einzigartigem Aussehen und hoher Leistung.<\/strong><\/p>\n","protected":false},"featured_media":323899,"comment_status":"open","ping_status":"closed","template":"","meta":[],"pwb-brand":[3772],"product_brand":[],"product_cat":[3303,3285],"product_tag":[],"class_list":{"0":"post-323898","1":"product","2":"type-product","3":"status-publish","4":"has-post-thumbnail","6":"pwb-brand-kershaw-de","7":"product_cat-schliesmesser","8":"product_cat-messer","10":"first","11":"outofstock","12":"taxable","13":"shipping-taxable","14":"purchasable","15":"product-type-simple"},"brands":[{"id":3772,"name":"Kershaw","slug":"kershaw-de"}],"_links":{"self":[{"href":"https:\/\/www.moskito.cz\/de\/wp-json\/wp\/v2\/product\/323898","targetHints":{"allow":["GET"]}}],"collection":[{"href":"https:\/\/www.moskito.cz\/de\/wp-json\/wp\/v2\/product"}],"about":[{"href":"https:\/\/www.moskito.cz\/de\/wp-json\/wp\/v2\/types\/product"}],"replies":[{"embeddable":true,"href":"https:\/\/www.moskito.cz\/de\/wp-json\/wp\/v2\/comments?post=323898"}],"wp:featuredmedia":[{"embeddable":true,"href":"https:\/\/www.moskito.cz\/de\/wp-json\/wp\/v2\/media\/323899"}],"wp:attachment":[{"href":"https:\/\/www.moskito.cz\/de\/wp-json\/wp\/v2\/media?parent=323898"}],"wp:term":[{"taxonomy":"pwb-brand","embeddable":true,"href":"https:\/\/www.moskito.cz\/de\/wp-json\/wp\/v2\/pwb-brand?post=323898"},{"taxonomy":"product_brand","embeddable":true,"href":"https:\/\/www.moskito.cz\/de\/wp-json\/wp\/v2\/product_brand?post=323898"},{"taxonomy":"product_cat","embeddable":true,"href":"https:\/\/www.moskito.cz\/de\/wp-json\/wp\/v2\/product_cat?post=323898"},{"taxonomy":"product_tag","embeddable":true,"href":"https:\/\/www.moskito.cz\/de\/wp-json\/wp\/v2\/product_tag?post=323898"}],"curies":[{"name":"wp","href":"https:\/\/api.w.org\/{rel}","templated":true}]}}