{"id":323970,"date":"2024-03-26T18:06:37","date_gmt":"2024-03-26T17:07:23","guid":{"rendered":"https:\/\/www.moskito.cz\/produkt\/pro-tech-les-george-sbr-stonewashed-lg401-blue-schiessmesser\/"},"modified":"2025-05-07T11:07:48","modified_gmt":"2025-05-07T10:07:48","slug":"pro-tech-les-george-sbr-stonewashed-lg401-blue-schiessmesser","status":"publish","type":"product","link":"https:\/\/www.moskito.cz\/de\/produkt\/pro-tech-les-george-sbr-stonewashed-lg401-blue-schiessmesser\/","title":{"rendered":"Pro-Tech Les George SBR Stonewashed LG401-BLUE Schie\u00dfmesser"},"content":{"rendered":"<p><strong>Pro-Tech<\/strong> Les George SBR Stonewashed LG401-BLUE Schie\u00dfmesser<\/p>\n<p>Jedes <strong>Pro-Tech-<\/strong> Messer ist eine Mischung aus den besten verf\u00fcgbaren Materialien und einer Verpflichtung zur Handwerkskunst. <strong>Pro-Tech-<\/strong> Messer werden mit modernsten Herstellungsverfahren hergestellt, darunter: CNC-Bearbeitung, Drahterodieren, Laserschneiden usw. Hightech-Komponenten werden von engagierten und sorgf\u00e4ltigen Handwerkern in ihrem Werk in Artesia, Kalifornien, von Hand zusammengebaut und zusammengebaut. Sie fertigen ihre Messer in kleinen Mengen, sodass sie sich die Zeit nehmen k\u00f6nnen, jedes Messer individuell anzupassen und von Hand auf ein Niveau zu bringen, das bei Fabrikmessern selten zu finden ist. Ihre Serienmessermodelle bieten das beste Design, die beste Funktion und den besten Wert aller heute auf dem Markt erh\u00e4ltlichen Messer. Ihre ma\u00dfgeschneiderten Automatikmesser sind einzigartige Kunstwerke. Jedes der ma\u00dfgefertigten Messer in limitierter Auflage ist ein Beispiel f\u00fcr die Qualit\u00e4t eines Erbst\u00fccks. Egal f\u00fcr welches Messer Sie sich entscheiden, wir sind sicher, dass Sie mit Ihrem Kauf sehr zufrieden sein werden.<\/p>\n<p>Pro-Tech Knives ist stolz darauf, weltweit die erste Wahl f\u00fcr Strafverfolgungs- und Milit\u00e4rexperten zu sein. Pro-Tech-Messer sind auf Langlebigkeit ausgelegt. Der Short Bladed Rockeye, kurz SBR, ist eine kompakte Version des hervorragenden Rockeye Auto in Originalgr\u00f6\u00dfe. Beide Messer wurden vom Marine Corps-Messerdesigner Les George entworfen, dessen robuste, ergonomische Messer von Pro-Tech originalgetreu in automatische Versionen \u00fcbersetzt wurden. Der SBR verf\u00fcgt \u00fcber ein kompaktes Design mit einer 2,5-Zoll-Klinge, die f\u00fcr eine Vielzahl von Schneidaufgaben ausgelegt ist. Ein in Taschen gefr\u00e4ster R\u00fccken verleiht dem Design zus\u00e4tzlichen Halt und Tiefe. Dank des automatischen Pro-Tech-Spiralfedermechanismus \u00f6ffnet sich das Messer kraftvoll. Lassen Sie sich nicht von seiner Gr\u00f6\u00dfe t\u00e4uschen, das SBR ist eine echte Bantam-Power. Dieses Modell verf\u00fcgt \u00fcber solide, blau eloxierte Griffe, gestrahlte Hardware, einen tiefen Taschenclip und eine Klinge mit Steinfinish.<\/p>\n<p>Spezifikationen:<br \/>\nKlingenl\u00e4nge: 6,25 cm<br \/>\nL\u00e4nge geschlossen: 10 cm<br \/>\nGesamtl\u00e4nge: 17 cm<br \/>\nKlingenmaterial: CPM-S35VN Edelstahl<br \/>\nKlingenh\u00e4rte: 59HRC<br \/>\nKlingenstil: Drop Point<br \/>\nKlingenschliff: Flach<br \/>\nOberfl\u00e4chenbehandlung der Klinge: Stonewash<br \/>\nGriffmaterial: T6-6061 Aluminium, blau<br \/>\nVerriegelungsmechanismus: Knopf<br \/>\nTaschenclip: Edelstahl mit tiefem Tragegriff (herausklappbar, rechter Tragegriff)<br \/>\nGewicht: 2,9 Unzen.<br \/>\nDesigner: Les George<br \/>\nHergestellt in den USA<\/p>\n<p><iframe title=\"Meet Pro-Tech Knives\" width=\"800\" height=\"450\" src=\"https:\/\/www.youtube.com\/embed\/0TueVbHVDY4?feature=oembed\" frameborder=\"0\" allow=\"accelerometer; autoplay; clipboard-write; encrypted-media; gyroscope; picture-in-picture; web-share\" referrerpolicy=\"strict-origin-when-cross-origin\" allowfullscreen><\/iframe><\/p>\n<p>&nbsp;<\/p>\n","protected":false},"excerpt":{"rendered":"<p><strong>Unsere Produktionsmessermodelle bieten das beste Design, die beste Funktion und den besten Wert aller heute auf dem Markt erh\u00e4ltlichen Messer. Unsere ma\u00dfgefertigten Kunstmesser sind einzigartige Kunstwerke. Jedes unserer ma\u00dfgeschneiderten Messer in limitierter Auflage ist ein Beispiel f\u00fcr ein Erbe an Qualit\u00e4t. Egal f\u00fcr welches unserer Messer Sie sich entscheiden, wir sind sicher, dass Sie mit Ihrem Kauf sehr zufrieden sein werden.<\/strong><\/p>\n<p><strong>Vielen Dank f\u00fcr Ihr Interesse an unseren Qualit\u00e4tsmessern.<\/strong><\/p>\n<p>Kostenloser Transport.<\/p>\n","protected":false},"featured_media":323922,"comment_status":"open","ping_status":"closed","template":"","meta":[],"pwb-brand":[3818],"product_brand":[],"product_cat":[3285,3343],"product_tag":[3669],"class_list":{"0":"post-323970","1":"product","2":"type-product","3":"status-publish","4":"has-post-thumbnail","6":"pwb-brand-fur-tech","7":"product_cat-messer","8":"product_cat-schiesmesser","9":"product_tag-b2b-de","11":"first","12":"instock","13":"taxable","14":"shipping-taxable","15":"purchasable","16":"product-type-simple"},"brands":[{"id":3818,"name":"F\u00fcr Tech","slug":"fur-tech"}],"_links":{"self":[{"href":"https:\/\/www.moskito.cz\/de\/wp-json\/wp\/v2\/product\/323970","targetHints":{"allow":["GET"]}}],"collection":[{"href":"https:\/\/www.moskito.cz\/de\/wp-json\/wp\/v2\/product"}],"about":[{"href":"https:\/\/www.moskito.cz\/de\/wp-json\/wp\/v2\/types\/product"}],"replies":[{"embeddable":true,"href":"https:\/\/www.moskito.cz\/de\/wp-json\/wp\/v2\/comments?post=323970"}],"wp:featuredmedia":[{"embeddable":true,"href":"https:\/\/www.moskito.cz\/de\/wp-json\/wp\/v2\/media\/323922"}],"wp:attachment":[{"href":"https:\/\/www.moskito.cz\/de\/wp-json\/wp\/v2\/media?parent=323970"}],"wp:term":[{"taxonomy":"pwb-brand","embeddable":true,"href":"https:\/\/www.moskito.cz\/de\/wp-json\/wp\/v2\/pwb-brand?post=323970"},{"taxonomy":"product_brand","embeddable":true,"href":"https:\/\/www.moskito.cz\/de\/wp-json\/wp\/v2\/product_brand?post=323970"},{"taxonomy":"product_cat","embeddable":true,"href":"https:\/\/www.moskito.cz\/de\/wp-json\/wp\/v2\/product_cat?post=323970"},{"taxonomy":"product_tag","embeddable":true,"href":"https:\/\/www.moskito.cz\/de\/wp-json\/wp\/v2\/product_tag?post=323970"}],"curies":[{"name":"wp","href":"https:\/\/api.w.org\/{rel}","templated":true}]}}