{"id":324083,"date":"2023-07-04T14:30:22","date_gmt":"2024-03-28T10:40:03","guid":{"rendered":"https:\/\/www.moskito.cz\/produkt\/marfione-amphibian-hot-blued-tiger-mai-baker-forge-damast-klappmesser\/"},"modified":"2025-05-07T11:07:51","modified_gmt":"2025-05-07T10:07:51","slug":"marfione-amphibian-hot-blued-tiger-mai-baker-forge-damast-klappmesser","status":"publish","type":"product","link":"https:\/\/www.moskito.cz\/de\/produkt\/marfione-amphibian-hot-blued-tiger-mai-baker-forge-damast-klappmesser\/","title":{"rendered":"Marfione Amphibian Hot Blued Tiger Mai Baker Forge Damast-Klappmesser"},"content":{"rendered":"<p>Marfione Custom Knives Amphibian RAM-LOK Hot Blued Tiger Mai Baker Forge Damaskus- und Kohlefasergriffe mit gepunktetem Kupfer-Backspacer.<\/p>\n<p>Dies ist ein weiterer unglaublicher Marfione Custom Amphibian. Es verf\u00fcgt \u00fcber eine Klinge aus Hot Blued Tiger Mai Baker Forge Damaskus mit einer passenden handgepunkteten Kupfereinlage auf der R\u00fcckseite! Es verf\u00fcgt \u00fcber Kohlefasergriffe mit zweifarbiger DLC-Hardware. Inklusive Marfione Custom-Box, Stoff, signiertem Metall-Echtheitszertifikat, Metallaufn\u00e4her, Pl\u00fcschetui und Rei\u00dfverschlussdolch!<\/p>\n<p>Jedes Messer ist ein Unikat, die Damastmuster k\u00f6nnen variieren und m\u00f6glicherweise nicht den Abbildungen entsprechen.<\/p>\n<p>Klingenl\u00e4nge: 10 cm<\/p>\n<p>Klingenstahl: Hot Blued Tiger Mai Baker Forge Damaskus Damaskus<\/p>\n<p>Gesamtl\u00e4nge: 23 cm<\/p>\n<p>Griffmaterial: Kohlefaser mit zweifarbiger DLC-Hardware<\/p>\n<p>Gewicht: 5,8 Unzen<\/p>\n<p>&nbsp;<\/p>\n<p>&nbsp;<\/p>\n","protected":false},"excerpt":{"rendered":"<p><strong>Dies ist ein weiterer unglaublicher Marfione Custom Amphibian, der einzige in Europa.<\/strong><\/p>\n<p><strong>Kostenloser Versand.<\/strong><\/p>\n<p>&nbsp;<\/p>\n<p>&nbsp;<\/p>\n","protected":false},"featured_media":324092,"comment_status":"open","ping_status":"closed","template":"","meta":[],"pwb-brand":[3278],"product_brand":[],"product_cat":[3285,3303],"product_tag":[],"class_list":{"0":"post-324083","1":"product","2":"type-product","3":"status-publish","4":"has-post-thumbnail","6":"pwb-brand-microtech-de","7":"product_cat-messer","8":"product_cat-schliesmesser","10":"first","11":"outofstock","12":"taxable","13":"shipping-taxable","14":"purchasable","15":"product-type-simple"},"brands":[{"id":3278,"name":"Microtech","slug":"microtech-de"}],"_links":{"self":[{"href":"https:\/\/www.moskito.cz\/de\/wp-json\/wp\/v2\/product\/324083","targetHints":{"allow":["GET"]}}],"collection":[{"href":"https:\/\/www.moskito.cz\/de\/wp-json\/wp\/v2\/product"}],"about":[{"href":"https:\/\/www.moskito.cz\/de\/wp-json\/wp\/v2\/types\/product"}],"replies":[{"embeddable":true,"href":"https:\/\/www.moskito.cz\/de\/wp-json\/wp\/v2\/comments?post=324083"}],"wp:featuredmedia":[{"embeddable":true,"href":"https:\/\/www.moskito.cz\/de\/wp-json\/wp\/v2\/media\/324092"}],"wp:attachment":[{"href":"https:\/\/www.moskito.cz\/de\/wp-json\/wp\/v2\/media?parent=324083"}],"wp:term":[{"taxonomy":"pwb-brand","embeddable":true,"href":"https:\/\/www.moskito.cz\/de\/wp-json\/wp\/v2\/pwb-brand?post=324083"},{"taxonomy":"product_brand","embeddable":true,"href":"https:\/\/www.moskito.cz\/de\/wp-json\/wp\/v2\/product_brand?post=324083"},{"taxonomy":"product_cat","embeddable":true,"href":"https:\/\/www.moskito.cz\/de\/wp-json\/wp\/v2\/product_cat?post=324083"},{"taxonomy":"product_tag","embeddable":true,"href":"https:\/\/www.moskito.cz\/de\/wp-json\/wp\/v2\/product_tag?post=324083"}],"curies":[{"name":"wp","href":"https:\/\/api.w.org\/{rel}","templated":true}]}}