{"id":324236,"date":"2024-03-29T14:44:35","date_gmt":"2024-03-29T13:45:39","guid":{"rendered":"https:\/\/www.moskito.cz\/produkt\/feststehendes-messer-spartan-blades-formido-sb39bkkybk\/"},"modified":"2025-05-07T11:07:55","modified_gmt":"2025-05-07T10:07:55","slug":"feststehendes-messer-spartan-blades-formido-sb39bkkybk","status":"publish","type":"product","link":"https:\/\/www.moskito.cz\/de\/produkt\/feststehendes-messer-spartan-blades-formido-sb39bkkybk\/","title":{"rendered":"Feststehendes Messer Spartan Blades Formido SB39BKKYBK"},"content":{"rendered":"<p>Feststehendes Messer <strong>Spartan Blades<\/strong> Formido SB39BKKYBK.<\/p>\n<p>Wir stellen Ihnen das Formido Self-Defense Everyday Carry Knife von Spartan vor, eine erstklassige feststehende Klinge, die Komfort, Haltbarkeit und Zuverl\u00e4ssigkeit neu definiert. Dieses von Curtis Iovito sorgf\u00e4ltig entworfene, ma\u00dfgefertigte Messer ist Ihr perfekter Begleiter f\u00fcr allt\u00e4gliche Trage- und Selbstverteidigungsszenarien.<\/p>\n<p>Haupteigenschaften:<\/p>\n<p>Zweckm\u00e4\u00dfiges Design mit feststehender Klinge: Der Formido verf\u00fcgt \u00fcber eine sorgf\u00e4ltig gefertigte, skelettierte feststehende Klinge, die speziell f\u00fcr Selbstverteidigung und Bushcrafting geeignet ist. Mit einer ausgewogenen Klingenl\u00e4nge von 3 7\/8 Zoll bietet es einen schlanken und bequemen Tragekomfort und erleichtert bei Bedarf einen schnellen und effizienten Einsatz.<\/p>\n<p>Erstklassige Handwerkskunst: Mit Pr\u00e4zision und Sorgfalt gefertigt, verk\u00f6rpert der Formido Spartans Engagement f\u00fcr Qualit\u00e4t. Die solide Klinge mit geradem R\u00fccken besteht aus CPM S45VN-Stahl, der f\u00fcr seine au\u00dfergew\u00f6hnliche Schnitthaltigkeit und Korrosionsbest\u00e4ndigkeit bekannt ist und Haltbarkeit und Vielseitigkeit gew\u00e4hrleistet.<\/p>\n<p>Modernste PVD-Technologie: Formido f\u00fchrt modernste PVD-Technologie (Physical Vapour Deposition) mit Wolfram-DLC in Flat Black oder ZrN in Flat Dark Earth ein. Dieses fortschrittliche Finish sorgt nicht nur f\u00fcr eine besondere \u00c4sthetik, sondern erh\u00f6ht auch die Haltbarkeit und stellt sicher, dass Ihr Messer die Zeit \u00fcberdauert.<\/p>\n<p>Vielseitige Tragem\u00f6glichkeiten: Das Formido verf\u00fcgt \u00fcber eine Kydex-Scheide, die f\u00fcr das Tragen in der Taille (IWB) oder horizontal ausgelegt ist und vielseitige Tragem\u00f6glichkeiten sowie Zugriff auf die feststehende Klinge bietet. W\u00e4hlen Sie zwischen Schwarz und Coyote, passend zu Ihrem pers\u00f6nlichen Stil.<\/p>\n<p>Spezifikationen:<\/p>\n<p>Messername: Formido<br \/>\nDesigner: Curtis Iovito<br \/>\nKlingenl\u00e4nge: 10 cm<br \/>\nGesamtl\u00e4nge: 22 cm<br \/>\nKlingenstahl: CPM S45VN<br \/>\nKlingenh\u00e4rte: 58-60<br \/>\nKlingenstil: Massiv, gerader R\u00fccken<br \/>\nBeschichtung: PVD \u2013 Wolfram DLC (Flat Black) oder ZrN (Flat Dark Earth)<br \/>\nScheide: Kydex mit IWB-Schlaufe (Schwarz oder Coyote)<br \/>\nGewicht: 0,157 Pfund<\/p>\n<p>Werten Sie Ihren Alltag mit dem Formido-Messer mit feststehender Klinge auf \u2013 eine Kombination aus zweckm\u00e4\u00dfigem Design und einzigartiger Handwerkskunst. Vertrauen Sie darauf, dass Spartan eine solide Klinge liefert, die Ihre Erwartungen an Leistung, Haltbarkeit und Stil nicht nur erf\u00fcllt, sondern \u00fcbertrifft.<\/p>\n<p><iframe title=\"Spartan Blades Company Knife Company Story with Co-Founders Mark Carey and Curtis Iovito.\" width=\"800\" height=\"450\" src=\"https:\/\/www.youtube.com\/embed\/S-EVJgZR57Y?feature=oembed\" frameborder=\"0\" allow=\"accelerometer; autoplay; clipboard-write; encrypted-media; gyroscope; picture-in-picture; web-share\" referrerpolicy=\"strict-origin-when-cross-origin\" allowfullscreen><\/iframe><\/p>\n<p>&nbsp;<\/p>\n","protected":false},"excerpt":{"rendered":"<p><strong>Wir stellen Ihnen das Formido Self-Defense Everyday Carry Knife von Spartan vor, eine erstklassige feststehende Klinge, die Komfort, Haltbarkeit und Zuverl\u00e4ssigkeit neu definiert. Dieses von Curtis Iovito sorgf\u00e4ltig entworfene, ma\u00dfgefertigte Messer ist Ihr perfekter Begleiter f\u00fcr allt\u00e4gliche Trage- und Selbstverteidigungsszenarien.<\/strong><\/p>\n<p><strong>Portofrei.<\/strong><\/p>\n","protected":false},"featured_media":324199,"comment_status":"open","ping_status":"closed","template":"","meta":[],"pwb-brand":[3839],"product_brand":[],"product_cat":[3285,3287],"product_tag":[3669],"class_list":{"0":"post-324236","1":"product","2":"type-product","3":"status-publish","4":"has-post-thumbnail","6":"pwb-brand-spartanische-klingen","7":"product_cat-messer","8":"product_cat-solide-messer","9":"product_tag-b2b-de","11":"first","12":"instock","13":"taxable","14":"shipping-taxable","15":"purchasable","16":"product-type-simple"},"brands":[{"id":3839,"name":"Spartanische Klingen","slug":"spartanische-klingen"}],"_links":{"self":[{"href":"https:\/\/www.moskito.cz\/de\/wp-json\/wp\/v2\/product\/324236","targetHints":{"allow":["GET"]}}],"collection":[{"href":"https:\/\/www.moskito.cz\/de\/wp-json\/wp\/v2\/product"}],"about":[{"href":"https:\/\/www.moskito.cz\/de\/wp-json\/wp\/v2\/types\/product"}],"replies":[{"embeddable":true,"href":"https:\/\/www.moskito.cz\/de\/wp-json\/wp\/v2\/comments?post=324236"}],"wp:featuredmedia":[{"embeddable":true,"href":"https:\/\/www.moskito.cz\/de\/wp-json\/wp\/v2\/media\/324199"}],"wp:attachment":[{"href":"https:\/\/www.moskito.cz\/de\/wp-json\/wp\/v2\/media?parent=324236"}],"wp:term":[{"taxonomy":"pwb-brand","embeddable":true,"href":"https:\/\/www.moskito.cz\/de\/wp-json\/wp\/v2\/pwb-brand?post=324236"},{"taxonomy":"product_brand","embeddable":true,"href":"https:\/\/www.moskito.cz\/de\/wp-json\/wp\/v2\/product_brand?post=324236"},{"taxonomy":"product_cat","embeddable":true,"href":"https:\/\/www.moskito.cz\/de\/wp-json\/wp\/v2\/product_cat?post=324236"},{"taxonomy":"product_tag","embeddable":true,"href":"https:\/\/www.moskito.cz\/de\/wp-json\/wp\/v2\/product_tag?post=324236"}],"curies":[{"name":"wp","href":"https:\/\/api.w.org\/{rel}","templated":true}]}}