{"id":324282,"date":"2024-03-29T15:03:01","date_gmt":"2024-03-29T14:09:17","guid":{"rendered":"https:\/\/www.moskito.cz\/produkt\/spartan-blades-alala-feststehendes-messer-sbsl004bkbk\/"},"modified":"2025-05-07T11:07:57","modified_gmt":"2025-05-07T10:07:57","slug":"spartan-blades-alala-feststehendes-messer-sbsl004bkbk","status":"publish","type":"product","link":"https:\/\/www.moskito.cz\/de\/produkt\/spartan-blades-alala-feststehendes-messer-sbsl004bkbk\/","title":{"rendered":"Spartan Blades Alala Feststehendes Messer SBSL004BKBK"},"content":{"rendered":"<p><strong>Spartan Blades<\/strong> Alala Feststehendes Messer SBSL004BKBK.<\/p>\n<p><strong>Alala<\/strong> , benannt nach der altgriechischen Bedeutung \u201eSchlachtschrei\u201c oder \u201eKriegsschrei\u201c, war in der griechischen Mythologie der Inbegriff des Kriegsschreis. Das Alala ist ein Messer mit feststehender Klinge, hergestellt von KA-BAR Knives in Olean, NY, USA, f\u00fcr robuste Leistung und den t\u00e4glichen Gebrauch. Es bietet au\u00dfergew\u00f6hnliche Ergonomie und Zuverl\u00e4ssigkeit und ist ein vielseitiges Werkzeug, das Sie bei einer Vielzahl von Outdoor-Aufgaben unterst\u00fctzen kann.<\/p>\n<p>Haupteigenschaften:<\/p>\n<p>Alltagskomfort: <strong>Der Alala ist auf m\u00fchelose Praktikabilit\u00e4t ausgelegt und<\/strong> kombiniert Robustheit mit ergonomischer Perfektion. Es ist der perfekte Begleiter beim t\u00e4glichen Schneiden und bietet ein zuverl\u00e4ssiges Werkzeug, wann immer Sie es brauchen.<\/p>\n<p>Hochwertige Handwerkskunst: <strong>Das<\/strong> Alala wurde von den erfahrenen Handwerkern von KA-BAR Knives in Olean, NY, USA, hergestellt und spiegelt die Exzellenz amerikanischer Messerherstellung wider.<\/p>\n<p>Vielseitige Outdoor-Klinge: Die 3,75 Zoll lange, massive, flachgeschliffene Klinge aus 1095 Cro-Van-Stahl aus deutscher Produktion ist der ideale Outdoor-Begleiter. Seine Haltbarkeit und Sch\u00e4rfe machen es ideal f\u00fcr eine Vielzahl von Outdoor-Aufgaben.<\/p>\n<p>Elegante \u00c4sthetik: Die schwarze Pulverbeschichtung wertet nicht nur die Optik des Alal auf, sondern verleiht der Klinge auch eine Schutzschicht, um ihre Langlebigkeit zu gew\u00e4hrleisten.<\/p>\n<p>Bequemer Griff: Der CE Canvas Micarta\u00ae-Griff, erh\u00e4ltlich in Schwarz oder Gr\u00fcn, bietet einen sicheren und bequemen Griff, mit dem Sie Outdoor-Aufgaben sicher bew\u00e4ltigen k\u00f6nnen.<\/p>\n<p>Sichere Tragem\u00f6glichkeiten: Das spritzgegossene Holster verf\u00fcgt \u00fcber einen aktiven Daumengriffhebel und einen zweiten Haltegurt, um sichere und bequeme Tragem\u00f6glichkeiten zu bieten.<\/p>\n<p>Spezifikationen:<\/p>\n<p>Messername: Alala<br \/>\nDesigner: Iovito<br \/>\nGesamtl\u00e4nge: 20 cm<br \/>\nKlingenl\u00e4nge: 9,5 cm<br \/>\nKlingenstahl: 1095 Cro-Van (deutscher Ursprung)<br \/>\nKlingenh\u00e4rte: 56-58 HRC<br \/>\nKlingenstil: massiv \u2013 Drop Point \u2013 flache Oberfl\u00e4che<br \/>\nBeschichtung: schwarze Pulverbeschichtung<br \/>\nGriffmaterial: CE Canvas Micarta\u00ae (schwarz oder gr\u00fcn)<br \/>\nScheide: Gespritzte Scheide mit aktivem Halte-Daumenhebel und sekund\u00e4rem Haltegurt<br \/>\nGewicht: 0,294 Pfund (Messer)<\/p>\n<p>Erweitern Sie Ihre Outdoor-Abenteuer mit dem Alala, der f\u00fcr un\u00fcbertroffene Vielseitigkeit bei der Bew\u00e4ltigung der Herausforderungen der Wildnis konzipiert ist. Der auf Komfort, Haltbarkeit und Funktionalit\u00e4t ausgelegte Alala ist ein zuverl\u00e4ssiger Outdoor-Begleiter.<\/p>\n<p><iframe title=\"Spartan Blades Company Knife Company Story with Co-Founders Mark Carey and Curtis Iovito.\" width=\"800\" height=\"450\" src=\"https:\/\/www.youtube.com\/embed\/S-EVJgZR57Y?feature=oembed\" frameborder=\"0\" allow=\"accelerometer; autoplay; clipboard-write; encrypted-media; gyroscope; picture-in-picture; web-share\" referrerpolicy=\"strict-origin-when-cross-origin\" allowfullscreen><\/iframe><\/p>\n<p>&nbsp;<\/p>\n<p>&nbsp;<\/p>\n","protected":false},"excerpt":{"rendered":"<p><strong>Alala, benannt nach der altgriechischen Bedeutung \u201eSchlachtschrei\u201c oder \u201eKriegsschrei\u201c, war der Inbegriff des Kriegsschreis in der griechischen Mythologie. Das Alala ist ein Messer mit feststehender Klinge, hergestellt von KA-BAR Knives in Olean, NY, USA, f\u00fcr robuste Leistung und den t\u00e4glichen Gebrauch. Es bietet au\u00dfergew\u00f6hnliche Ergonomie und Zuverl\u00e4ssigkeit und ist ein vielseitiges Werkzeug, das Sie bei einer Vielzahl von Outdoor-Aufgaben unterst\u00fctzen kann.<\/strong><\/p>\n<p><strong>Kostenloser Transport.<\/strong><\/p>\n","protected":false},"featured_media":324247,"comment_status":"open","ping_status":"closed","template":"","meta":[],"pwb-brand":[3839],"product_brand":[],"product_cat":[3285,3287],"product_tag":[3669],"class_list":{"0":"post-324282","1":"product","2":"type-product","3":"status-publish","4":"has-post-thumbnail","6":"pwb-brand-spartanische-klingen","7":"product_cat-messer","8":"product_cat-solide-messer","9":"product_tag-b2b-de","11":"first","12":"instock","13":"taxable","14":"shipping-taxable","15":"purchasable","16":"product-type-simple"},"brands":[{"id":3839,"name":"Spartanische Klingen","slug":"spartanische-klingen"}],"_links":{"self":[{"href":"https:\/\/www.moskito.cz\/de\/wp-json\/wp\/v2\/product\/324282","targetHints":{"allow":["GET"]}}],"collection":[{"href":"https:\/\/www.moskito.cz\/de\/wp-json\/wp\/v2\/product"}],"about":[{"href":"https:\/\/www.moskito.cz\/de\/wp-json\/wp\/v2\/types\/product"}],"replies":[{"embeddable":true,"href":"https:\/\/www.moskito.cz\/de\/wp-json\/wp\/v2\/comments?post=324282"}],"wp:featuredmedia":[{"embeddable":true,"href":"https:\/\/www.moskito.cz\/de\/wp-json\/wp\/v2\/media\/324247"}],"wp:attachment":[{"href":"https:\/\/www.moskito.cz\/de\/wp-json\/wp\/v2\/media?parent=324282"}],"wp:term":[{"taxonomy":"pwb-brand","embeddable":true,"href":"https:\/\/www.moskito.cz\/de\/wp-json\/wp\/v2\/pwb-brand?post=324282"},{"taxonomy":"product_brand","embeddable":true,"href":"https:\/\/www.moskito.cz\/de\/wp-json\/wp\/v2\/product_brand?post=324282"},{"taxonomy":"product_cat","embeddable":true,"href":"https:\/\/www.moskito.cz\/de\/wp-json\/wp\/v2\/product_cat?post=324282"},{"taxonomy":"product_tag","embeddable":true,"href":"https:\/\/www.moskito.cz\/de\/wp-json\/wp\/v2\/product_tag?post=324282"}],"curies":[{"name":"wp","href":"https:\/\/api.w.org\/{rel}","templated":true}]}}