{"id":324433,"date":"2024-03-29T15:48:01","date_gmt":"2024-03-29T14:49:58","guid":{"rendered":"https:\/\/www.moskito.cz\/produkt\/feststehendes-messer-spartan-blades-cqb-sb9de\/"},"modified":"2025-05-07T11:07:58","modified_gmt":"2025-05-07T10:07:58","slug":"feststehendes-messer-spartan-blades-cqb-sb9de","status":"publish","type":"product","link":"https:\/\/www.moskito.cz\/de\/produkt\/feststehendes-messer-spartan-blades-cqb-sb9de\/","title":{"rendered":"Feststehendes Messer Spartan Blades CQB SB9DE"},"content":{"rendered":"<p>Feststehendes Messer <strong>Spartan Blades<\/strong> CQB SB9DE.<\/p>\n<p>Feststehendes Messer <strong>Spartan Blades<\/strong> CQB SB9BK.<\/p>\n<p><strong>Das Spartan CQB<\/strong> Tool macht seinem Namen alle Ehre und wurde speziell f\u00fcr Nahkampfszenarien entwickelt. Dieser Ringdolch wird mit einer Kydexscheide geliefert, die den Ring perfekt erg\u00e4nzt und ein schnelles und effizientes Entfernen erm\u00f6glicht. Die Scheide ist strategisch so konzipiert, dass sie an MOLLE\/PALS-Systemen befestigt werden kann und passt genau hinter Magazine oder andere vordere Westentaschen. Alternativ kann es f\u00fcr einen einfachen Zugriff am G\u00fcrtel oder in der Taille getragen werden.<\/p>\n<p>Das Konzept des CQB-Tools wurde von Greg Thompson entwickelt, einem renommierten Ausbilder f\u00fcr Nahkampftechniken f\u00fcr US-Spezialeinheiten. Herr Thompson, Gr\u00fcnder der H2H\/Team ROC-Trainingsgruppe und Entwickler des Special Operations Combatives Program (SOCP), entwarf das Werkzeug als Teil der Programmausr\u00fcstung. Das CQB Tool, auch \u201e\u00dcbergangswerkzeug\u201c genannt, dient als d\u00fcnnes, leicht zu verstauendes Messer mit schneller Erfassungsf\u00e4higkeit f\u00fcr Kampfsituationen im CQB-Kampf. Das ringf\u00f6rmige und d\u00fcnne Profil erm\u00f6glicht es dem Bediener, den Dolch schnell einzusetzen und einzusetzen, sich so aus dem Griff eines Angreifers zu befreien und einen reibungslosen \u00dcbergang zur\u00fcck zu seinem prim\u00e4ren Waffensystem zu erm\u00f6glichen.<\/p>\n<p>Spezifikationen:<\/p>\n<p>Messername: CQB Tool<br \/>\nDesigner: Thompson\/Iovito\/Carey<br \/>\nGesamtl\u00e4nge: 16 cm<br \/>\nKlingenl\u00e4nge: 7 cm (halbgesch\u00e4rft)<br \/>\nKlingenstahl: 154 cm<br \/>\nKlingenh\u00e4rte: 57-59 HRC<br \/>\nKlingenstil: S\u00e4belbodendolch<br \/>\nBeschichtung: SpartaCoat \u2013 PVD \u2013 Wolfram DLC (Schwarz) oder ZrN (Flat Dark Earth)<br \/>\nScheide: Kydex (schwarz) oder (Kojote), je nach Klingendesign.<br \/>\nGewicht: 0,126 Pfund (Messer)<\/p>\n<p><iframe title=\"Spartan Blades Company Knife Company Story with Co-Founders Mark Carey and Curtis Iovito.\" width=\"800\" height=\"450\" src=\"https:\/\/www.youtube.com\/embed\/S-EVJgZR57Y?feature=oembed\" frameborder=\"0\" allow=\"accelerometer; autoplay; clipboard-write; encrypted-media; gyroscope; picture-in-picture; web-share\" referrerpolicy=\"strict-origin-when-cross-origin\" allowfullscreen><\/iframe><\/p>\n","protected":false},"excerpt":{"rendered":"<div class=\"elementor-element elementor-element-bbb542b elementor-widget elementor-widget-woocommerce-product-short-description\" data-id=\"bbb542b\" data-element_type=\"widget\" data-widget_type=\"woocommerce-product-short-description.default\">\n<div class=\"elementor-widget-container\">\n<div class=\"woocommerce-product-details__short-description\">\n<p><strong>Das Spartan CQB Tool macht seinem Namen alle Ehre und wurde speziell f\u00fcr Nahkampfszenarien entwickelt. Dieser Ringdolch wird mit einer Kydexscheide geliefert, die den Ring perfekt erg\u00e4nzt und ein schnelles und effizientes Entfernen erm\u00f6glicht. Die Scheide ist strategisch so konzipiert, dass sie an MOLLE\/PALS-Systemen befestigt werden kann und passt genau hinter Magazine oder andere vordere Westentaschen. Alternativ kann es f\u00fcr einen einfachen Zugriff am G\u00fcrtel oder in der Taille getragen werden.<\/strong><\/p>\n<p><strong>Kostenloser Transport.<\/strong><\/p>\n<\/div>\n<\/div>\n<\/div>\n","protected":false},"featured_media":324402,"comment_status":"open","ping_status":"closed","template":"","meta":[],"pwb-brand":[3839],"product_brand":[],"product_cat":[3285,3287],"product_tag":[3669],"class_list":{"0":"post-324433","1":"product","2":"type-product","3":"status-publish","4":"has-post-thumbnail","6":"pwb-brand-spartanische-klingen","7":"product_cat-messer","8":"product_cat-solide-messer","9":"product_tag-b2b-de","11":"first","12":"outofstock","13":"taxable","14":"shipping-taxable","15":"purchasable","16":"product-type-simple"},"brands":[{"id":3839,"name":"Spartanische Klingen","slug":"spartanische-klingen"}],"_links":{"self":[{"href":"https:\/\/www.moskito.cz\/de\/wp-json\/wp\/v2\/product\/324433","targetHints":{"allow":["GET"]}}],"collection":[{"href":"https:\/\/www.moskito.cz\/de\/wp-json\/wp\/v2\/product"}],"about":[{"href":"https:\/\/www.moskito.cz\/de\/wp-json\/wp\/v2\/types\/product"}],"replies":[{"embeddable":true,"href":"https:\/\/www.moskito.cz\/de\/wp-json\/wp\/v2\/comments?post=324433"}],"wp:featuredmedia":[{"embeddable":true,"href":"https:\/\/www.moskito.cz\/de\/wp-json\/wp\/v2\/media\/324402"}],"wp:attachment":[{"href":"https:\/\/www.moskito.cz\/de\/wp-json\/wp\/v2\/media?parent=324433"}],"wp:term":[{"taxonomy":"pwb-brand","embeddable":true,"href":"https:\/\/www.moskito.cz\/de\/wp-json\/wp\/v2\/pwb-brand?post=324433"},{"taxonomy":"product_brand","embeddable":true,"href":"https:\/\/www.moskito.cz\/de\/wp-json\/wp\/v2\/product_brand?post=324433"},{"taxonomy":"product_cat","embeddable":true,"href":"https:\/\/www.moskito.cz\/de\/wp-json\/wp\/v2\/product_cat?post=324433"},{"taxonomy":"product_tag","embeddable":true,"href":"https:\/\/www.moskito.cz\/de\/wp-json\/wp\/v2\/product_tag?post=324433"}],"curies":[{"name":"wp","href":"https:\/\/api.w.org\/{rel}","templated":true}]}}