{"id":324483,"date":"2024-03-29T15:56:02","date_gmt":"2024-03-29T14:58:44","guid":{"rendered":"https:\/\/www.moskito.cz\/produkt\/feststehendes-messer-spartan-blades-enyo-sb2bk\/"},"modified":"2025-05-07T11:08:00","modified_gmt":"2025-05-07T10:08:00","slug":"feststehendes-messer-spartan-blades-enyo-sb2bk","status":"publish","type":"product","link":"https:\/\/www.moskito.cz\/de\/produkt\/feststehendes-messer-spartan-blades-enyo-sb2bk\/","title":{"rendered":"Feststehendes Messer Spartan Blades Enyo SB2BK"},"content":{"rendered":"<p>Feststehendes Messer Spartan Blades Enyo SB2BK.<\/p>\n<p><strong>Enyo<\/strong> (ausgesprochen i-nye-oh) war die griechische Kriegsg\u00f6ttin. Sie wird oft als Gef\u00e4hrtin von Ares, dem griechischen Kriegsgott, bezeichnet. Wir haben den Namen Enyo f\u00fcr diesen Alltagsbegleiter (EDC) gew\u00e4hlt, weil er in einer Tasche, in der Taille (IWB) oder um den Hals getragen werden kann.<\/p>\n<p>Als ma\u00dfgeschneidertes Messer mit feststehender Klinge f\u00fcr den t\u00e4glichen Gebrauch ist <strong>das Enyo<\/strong> auf Ergonomie und Tragbarkeit ausgelegt. Wenn es um allt\u00e4gliche Schneidaufgaben geht, ist die Enyo immer bereit f\u00fcr die Herausforderung. Aufgrund des festen Drop-Point-Designs wird die Kraft der Klinge nach vorne auf die Spitze \u00fcbertragen. Was auch immer die Situation sein mag, Enyo ist bereit zu gehen.<\/p>\n<p><strong>Der Spartan Enyo<\/strong> verf\u00fcgt \u00fcber eine konturierte Kydex-Scheide sowie eine Halskette aus Edelstahl, eine interaktive Whiteboard-Schlaufe und ein 2 Fu\u00df langes Paracord f\u00fcr eine Vielzahl praktischer Trageoptionen f\u00fcr den Alltag. Zu diesem handgefertigten Messer f\u00fcr den t\u00e4glichen Gebrauch geh\u00f6rt auch ein Trageband mit einem Spartan-Helm aus plattiertem Zinn.<\/p>\n<p>&nbsp;<\/p>\n<p>Spezifikationen:<\/p>\n<p>Messername: Enyo<br \/>\nDesigner: Iovito\/Carey<br \/>\nGesamtl\u00e4nge: 16 cm<br \/>\nKlingenl\u00e4nge: 7 cm<br \/>\nKlingenstahl: CPM S45VN<br \/>\nKlingenh\u00e4rte: 59-61 HRC<br \/>\nKlingenstil: Fester Drop-Point \u2013 Dieses Design sorgt f\u00fcr Stabilit\u00e4t an der Spitze der Klinge, indem sie in einer Linie mit der Hand des Benutzers platziert wird und gleichzeitig die Aufw\u00e4rtskurve der Klinge beibehalten wird.<br \/>\nBeschichtung: SpartaCoat \u2013 PVD \u2013 Wolfram DLC (Schwarz) oder ZrN (Flat Dark Earth)<br \/>\nScheide: Kydex (schwarz) oder (Kojote), je nach Klingendesign.<br \/>\nGewicht: 0,176 Pfund (Messer)<\/p>\n<p><iframe title=\"Spartan Blades Company Knife Company Story with Co-Founders Mark Carey and Curtis Iovito.\" width=\"800\" height=\"450\" src=\"https:\/\/www.youtube.com\/embed\/S-EVJgZR57Y?feature=oembed\" frameborder=\"0\" allow=\"accelerometer; autoplay; clipboard-write; encrypted-media; gyroscope; picture-in-picture; web-share\" referrerpolicy=\"strict-origin-when-cross-origin\" allowfullscreen><\/iframe><\/p>\n<p>&nbsp;<\/p>\n","protected":false},"excerpt":{"rendered":"<div class=\"elementor-element elementor-element-bbb542b elementor-widget elementor-widget-woocommerce-product-short-description\" data-id=\"bbb542b\" data-element_type=\"widget\" data-widget_type=\"woocommerce-product-short-description.default\">\n<div class=\"elementor-widget-container\">\n<div class=\"woocommerce-product-details__short-description\">\n<p><strong>Enyo (ausgesprochen i-nye-oh) war die griechische Kriegsg\u00f6ttin. Sie wird oft als Gef\u00e4hrtin von Ares, dem griechischen Kriegsgott, bezeichnet. Wir haben den Namen Enyo f\u00fcr diesen Alltagsbegleiter (EDC) gew\u00e4hlt, weil er in einer Tasche, in der Taille (IWB) oder um den Hals getragen werden kann.<\/strong><\/p>\n<p><strong>Kostenloser Transport.<\/strong><\/p>\n<\/div>\n<\/div>\n<\/div>\n","protected":false},"featured_media":324442,"comment_status":"open","ping_status":"closed","template":"","meta":[],"pwb-brand":[3839],"product_brand":[],"product_cat":[3285,3287],"product_tag":[3669],"class_list":{"0":"post-324483","1":"product","2":"type-product","3":"status-publish","4":"has-post-thumbnail","6":"pwb-brand-spartanische-klingen","7":"product_cat-messer","8":"product_cat-solide-messer","9":"product_tag-b2b-de","11":"first","12":"instock","13":"taxable","14":"shipping-taxable","15":"purchasable","16":"product-type-simple"},"brands":[{"id":3839,"name":"Spartanische Klingen","slug":"spartanische-klingen"}],"_links":{"self":[{"href":"https:\/\/www.moskito.cz\/de\/wp-json\/wp\/v2\/product\/324483","targetHints":{"allow":["GET"]}}],"collection":[{"href":"https:\/\/www.moskito.cz\/de\/wp-json\/wp\/v2\/product"}],"about":[{"href":"https:\/\/www.moskito.cz\/de\/wp-json\/wp\/v2\/types\/product"}],"replies":[{"embeddable":true,"href":"https:\/\/www.moskito.cz\/de\/wp-json\/wp\/v2\/comments?post=324483"}],"wp:featuredmedia":[{"embeddable":true,"href":"https:\/\/www.moskito.cz\/de\/wp-json\/wp\/v2\/media\/324442"}],"wp:attachment":[{"href":"https:\/\/www.moskito.cz\/de\/wp-json\/wp\/v2\/media?parent=324483"}],"wp:term":[{"taxonomy":"pwb-brand","embeddable":true,"href":"https:\/\/www.moskito.cz\/de\/wp-json\/wp\/v2\/pwb-brand?post=324483"},{"taxonomy":"product_brand","embeddable":true,"href":"https:\/\/www.moskito.cz\/de\/wp-json\/wp\/v2\/product_brand?post=324483"},{"taxonomy":"product_cat","embeddable":true,"href":"https:\/\/www.moskito.cz\/de\/wp-json\/wp\/v2\/product_cat?post=324483"},{"taxonomy":"product_tag","embeddable":true,"href":"https:\/\/www.moskito.cz\/de\/wp-json\/wp\/v2\/product_tag?post=324483"}],"curies":[{"name":"wp","href":"https:\/\/api.w.org\/{rel}","templated":true}]}}