{"id":324534,"date":"2024-03-31T20:32:55","date_gmt":"2024-03-31T19:34:03","guid":{"rendered":"https:\/\/www.moskito.cz\/produkt\/schiessmesser-pro-tech-knives-sinkevich-oligarch-blade-show-texas-2024\/"},"modified":"2025-05-07T11:08:02","modified_gmt":"2025-05-07T10:08:02","slug":"schiessmesser-pro-tech-knives-sinkevich-oligarch-blade-show-texas-2024","status":"publish","type":"product","link":"https:\/\/www.moskito.cz\/de\/produkt\/schiessmesser-pro-tech-knives-sinkevich-oligarch-blade-show-texas-2024\/","title":{"rendered":"Schie\u00dfmesser PRO-TECH KNIVES SINKEVICH OLIGARCH BLADE SHOW TEXAS 2024"},"content":{"rendered":"<p>Schie\u00dfmesser <strong>PRO-TECH KNIVES<\/strong> SINKEVICH OLIGARCH BLADE SHOW TEXAS 2024<\/p>\n<p><strong>Dmitri Sinkevich<\/strong> ist f\u00fcr seine auff\u00e4lligen Designs bekannt, die durch die Verwendung exzentrischer geometrischer Linien und die Liebe zum Detail einen hohen Wiedererkennungswert haben. All dies ist an diesem neuesten Auto deutlich zu erkennen. Zu diesen raffinierten Details geh\u00f6ren blau eloxierte Titanbeschl\u00e4ge, die einen Kontrast zu den monochromatischen Griffen aus geh\u00e4rtetem Edelstahl bilden, ein sorgf\u00e4ltig gefr\u00e4ster feiner Drehkragen, ein mit Perlmutt eingelegter Knopf in einer schwarzen Lippe und ein attraktives gefr\u00e4stes Rillenmuster, das sich \u00fcber die gesamte L\u00e4nge des Heftr\u00fcckens erstreckt und setzt sich auf der Klinge fort, w\u00e4hrend die sorgf\u00e4ltige Pr\u00fcfung zeigt, dass diese geritzten Linien auch bis in die Basis der Klinge reichen; Dadurch sind sie im geschlossenen Zustand und zwischen den Griffen diskret sichtbar. Die Griffe selbst zeichnen sich durch ein au\u00dfergew\u00f6hnliches Design mit sch\u00f6nen gro\u00dfen abgeschr\u00e4gten Kanten und gemusterten Fr\u00e4sungen aus. Alle verf\u00fcgen \u00fcber ein zweifarbig gestrahltes und handsatiniertes Finish, um jedes einzelne hervorzuheben. Auf der Vorderseite ist diese Pr\u00e4zisionsfr\u00e4sung mit einem rautenf\u00f6rmigen Landepad f\u00fcr einen blau eloxierten Titan-Miniclip f\u00fcr tiefen Verschlei\u00df zu sehen. Die neue Griffform geht nahtlos in die handgeschliffene Klinge \u00fcber, die von Mike Irie ein atemberaubendes geschliffenes und hochglanzpoliertes Finish aufweist. Die R\u00fcckseite der Klinge tr\u00e4gt die Aufschrift \u201ePrototype\u201c.  <strong>Eine sehr limitierte und schwer zu findende Serienversion stand nur auf der Blade Show 2024 zum Verkauf.<\/strong><\/p>\n<p>Herkunftsland: USA<br \/>\nEntstehungsdatum: 2024<br \/>\nZustand: brandneu<br \/>\nGriffmaterial: Edelstahl<br \/>\nKlingenmaterial: 154-CM<br \/>\nKlingenstil: Schaffu\u00df<br \/>\nOberfl\u00e4chenbehandlung der Klinge: Spiegelglanz<br \/>\nKantentyp: Standard<br \/>\nModell\/Muster: Oligarch<br \/>\nMessertyp: Automatisch<br \/>\nKlingenl\u00e4nge: 8,12 cm<br \/>\nGesamtl\u00e4nge: 18,62 cm<\/p>\n","protected":false},"excerpt":{"rendered":"<p><strong>Eine sehr limitierte und schwer zu findende Serienversion stand nur auf der Blade Show 2024 zum Verkauf.<\/strong><\/p>\n<p>Kostenloser Transport.<\/p>\n","protected":false},"featured_media":324505,"comment_status":"open","ping_status":"closed","template":"","meta":[],"pwb-brand":[3818],"product_brand":[],"product_cat":[3343,3285],"product_tag":[3669],"class_list":{"0":"post-324534","1":"product","2":"type-product","3":"status-publish","4":"has-post-thumbnail","6":"pwb-brand-fur-tech","7":"product_cat-schiesmesser","8":"product_cat-messer","9":"product_tag-b2b-de","11":"first","12":"instock","13":"taxable","14":"shipping-taxable","15":"purchasable","16":"product-type-simple"},"brands":[{"id":3818,"name":"F\u00fcr Tech","slug":"fur-tech"}],"_links":{"self":[{"href":"https:\/\/www.moskito.cz\/de\/wp-json\/wp\/v2\/product\/324534","targetHints":{"allow":["GET"]}}],"collection":[{"href":"https:\/\/www.moskito.cz\/de\/wp-json\/wp\/v2\/product"}],"about":[{"href":"https:\/\/www.moskito.cz\/de\/wp-json\/wp\/v2\/types\/product"}],"replies":[{"embeddable":true,"href":"https:\/\/www.moskito.cz\/de\/wp-json\/wp\/v2\/comments?post=324534"}],"wp:featuredmedia":[{"embeddable":true,"href":"https:\/\/www.moskito.cz\/de\/wp-json\/wp\/v2\/media\/324505"}],"wp:attachment":[{"href":"https:\/\/www.moskito.cz\/de\/wp-json\/wp\/v2\/media?parent=324534"}],"wp:term":[{"taxonomy":"pwb-brand","embeddable":true,"href":"https:\/\/www.moskito.cz\/de\/wp-json\/wp\/v2\/pwb-brand?post=324534"},{"taxonomy":"product_brand","embeddable":true,"href":"https:\/\/www.moskito.cz\/de\/wp-json\/wp\/v2\/product_brand?post=324534"},{"taxonomy":"product_cat","embeddable":true,"href":"https:\/\/www.moskito.cz\/de\/wp-json\/wp\/v2\/product_cat?post=324534"},{"taxonomy":"product_tag","embeddable":true,"href":"https:\/\/www.moskito.cz\/de\/wp-json\/wp\/v2\/product_tag?post=324534"}],"curies":[{"name":"wp","href":"https:\/\/api.w.org\/{rel}","templated":true}]}}