{"id":324606,"date":"2024-04-02T18:49:30","date_gmt":"2024-04-02T17:52:34","guid":{"rendered":"https:\/\/www.moskito.cz\/produkt\/verschlussmesser-spartan-blades-special-edition-dragon-stonewashed-sf5dragon\/"},"modified":"2025-05-07T11:08:03","modified_gmt":"2025-05-07T10:08:03","slug":"verschlussmesser-spartan-blades-special-edition-dragon-stonewashed-sf5dragon","status":"publish","type":"product","link":"https:\/\/www.moskito.cz\/de\/produkt\/verschlussmesser-spartan-blades-special-edition-dragon-stonewashed-sf5dragon\/","title":{"rendered":"Verschlussmesser Spartan Blades Special Edition Dragon Stonewashed SF5DRAGON"},"content":{"rendered":"<p>Verschlussmesser <strong>Spartan Blades<\/strong> Special Edition Dragon Stonewashed SF5DRAGON.<\/p>\n<p><strong>Das Spartan SHF<\/strong> ist das Ergebnis einer Zusammenarbeit zwischen <strong>Spartan Knives<\/strong> und dem weltbekannten Messerdesigner Bill Harsey. Es ist f\u00fcr den t\u00e4glichen Transport, den taktischen Einsatz oder den Feldeinsatz konzipiert. Sie verf\u00fcgen \u00fcber eine Klinge aus rostfreiem CPM-S45VN-Stahl und bis auf die Klinge, den Laufstift und den Anschlagstift bestehen alle Teile des Messers aus Titan. Der ergonomische Griff verf\u00fcgt \u00fcber Fingerrillen und Rillen, um das Design bei starker Bewegung in der Hand zu fixieren. verwenden. Der Griff verf\u00fcgt \u00fcber einen internen Rutschschutzmechanismus und der Titan-Taschenclip ist umkehrbar, sodass die Spitze beidh\u00e4ndig getragen werden kann. Die beiden Daumenpins sind extrem leicht zug\u00e4nglich, da Spartan die perfekte Rampe f\u00fcr Ihren Daumen gefr\u00e4st hat. Es verf\u00fcgt \u00fcber ein gut durchdachtes Design und eine spartanische Qualit\u00e4t, sodass Sie sicher sein k\u00f6nnen, dass Sie ein Messer erhalten, das Ihnen in jeder Einsatzumgebung gute Dienste leisten kann und wird.<\/p>\n<p>Spezifikationen:<br \/>\nKlingenl\u00e4nge: 10 cm<br \/>\nGesamtl\u00e4nge: 22 cm<br \/>\nKlingenmaterial: CPM-S45VN Edelstahl<br \/>\nKlingenh\u00e4rte: 58\u201360 HRC<br \/>\nKlingenstil: Drop Point<br \/>\nKlingenschliff: Hohl<br \/>\nOberfl\u00e4chenbehandlung der Klinge: Stonewash<br \/>\nGriffmaterial: Titan mit Drachengravur<br \/>\nVerriegelungsmechanismus: Rahmenschloss<br \/>\nStiftmontage: Unterlegscheiben aus Bronze<br \/>\nTaschenclip: Titan (klappbar, rechts\/links tragbar)<br \/>\nGewicht: 5,8 Unzen.<br \/>\nDesigner: William Harsey<br \/>\nHergestellt in den USA<\/p>\n<p><iframe title=\"Spartan Blades Company Knife Company Story with Co-Founders Mark Carey and Curtis Iovito.\" width=\"800\" height=\"450\" src=\"https:\/\/www.youtube.com\/embed\/S-EVJgZR57Y?feature=oembed\" frameborder=\"0\" allow=\"accelerometer; autoplay; clipboard-write; encrypted-media; gyroscope; picture-in-picture; web-share\" referrerpolicy=\"strict-origin-when-cross-origin\" allowfullscreen><\/iframe><\/p>\n<p>&nbsp;<\/p>\n","protected":false},"excerpt":{"rendered":"<p><strong>In dieses besondere Messer ist ein mehrfarbiger Drache eingraviert, der Gl\u00fcck, St\u00e4rke und Gesundheit bei allem, was Sie tun, symbolisiert. Es ist blau eloxiert und mit mehreren Laser-Eloxalfarben versehen, um dem Messer ein Bewegungsgef\u00fchl zu verleihen, indem es das Licht w\u00e4hrend der Bewegung reflektiert<\/strong>.<\/p>\n<p>Kostenloser Transport.<\/p>\n","protected":false},"featured_media":324564,"comment_status":"open","ping_status":"closed","template":"","meta":[],"pwb-brand":[3839],"product_brand":[],"product_cat":[3285,3303],"product_tag":[3669],"class_list":{"0":"post-324606","1":"product","2":"type-product","3":"status-publish","4":"has-post-thumbnail","6":"pwb-brand-spartanische-klingen","7":"product_cat-messer","8":"product_cat-schliesmesser","9":"product_tag-b2b-de","11":"first","12":"instock","13":"taxable","14":"shipping-taxable","15":"purchasable","16":"product-type-simple"},"brands":[{"id":3839,"name":"Spartanische Klingen","slug":"spartanische-klingen"}],"_links":{"self":[{"href":"https:\/\/www.moskito.cz\/de\/wp-json\/wp\/v2\/product\/324606","targetHints":{"allow":["GET"]}}],"collection":[{"href":"https:\/\/www.moskito.cz\/de\/wp-json\/wp\/v2\/product"}],"about":[{"href":"https:\/\/www.moskito.cz\/de\/wp-json\/wp\/v2\/types\/product"}],"replies":[{"embeddable":true,"href":"https:\/\/www.moskito.cz\/de\/wp-json\/wp\/v2\/comments?post=324606"}],"wp:featuredmedia":[{"embeddable":true,"href":"https:\/\/www.moskito.cz\/de\/wp-json\/wp\/v2\/media\/324564"}],"wp:attachment":[{"href":"https:\/\/www.moskito.cz\/de\/wp-json\/wp\/v2\/media?parent=324606"}],"wp:term":[{"taxonomy":"pwb-brand","embeddable":true,"href":"https:\/\/www.moskito.cz\/de\/wp-json\/wp\/v2\/pwb-brand?post=324606"},{"taxonomy":"product_brand","embeddable":true,"href":"https:\/\/www.moskito.cz\/de\/wp-json\/wp\/v2\/product_brand?post=324606"},{"taxonomy":"product_cat","embeddable":true,"href":"https:\/\/www.moskito.cz\/de\/wp-json\/wp\/v2\/product_cat?post=324606"},{"taxonomy":"product_tag","embeddable":true,"href":"https:\/\/www.moskito.cz\/de\/wp-json\/wp\/v2\/product_tag?post=324606"}],"curies":[{"name":"wp","href":"https:\/\/api.w.org\/{rel}","templated":true}]}}