{"id":324662,"date":"2024-04-02T19:21:18","date_gmt":"2024-04-02T18:22:51","guid":{"rendered":"https:\/\/www.moskito.cz\/produkt\/spartan-blades-zelos-schiessmesser-sf9bkbk\/"},"modified":"2025-08-04T00:00:37","modified_gmt":"2025-08-03T23:00:37","slug":"spartan-blades-zelos-schiessmesser-sf9bkbk","status":"publish","type":"product","link":"https:\/\/www.moskito.cz\/de\/produkt\/spartan-blades-zelos-schiessmesser-sf9bkbk\/","title":{"rendered":"Spartan Blades Zelos Schie\u00dfmesser SF9BKBK"},"content":{"rendered":"<p><strong>Spartan Blades<\/strong> Zelos Schie\u00dfmesser SF9BKBK.<\/p>\n<p>Klingenqualit\u00e4t: Das Zelos verf\u00fcgt \u00fcber eine Klinge aus CPM S45VN-Stahl, die f\u00fcr ihre au\u00dfergew\u00f6hnliche Sch\u00e4rfe, Korrosionsbest\u00e4ndigkeit und Schnitthaltigkeit bekannt ist. Die Klingenst\u00e4rke von 0,153 Zoll bietet Haltbarkeit und Vielseitigkeit f\u00fcr eine Vielzahl von Schneidaufgaben.<\/p>\n<p>Robuste Konstruktion: Zelos verf\u00fcgt \u00fcber einen pr\u00e4zisionsgefertigten Rahmen, der in der ge\u00f6ffneten Position einen Halt bietet, der bei automatischen \u00d6ffnern selten zu finden ist. Dieses Design legt Wert auf Zuverl\u00e4ssigkeit und Sicherheit bei jedem Einsatz.<\/p>\n<p>Elegante \u00c4sthetik: Die mit schwarzem PVD (Physical Vapour Deposition) beschichtete Drop-Point-Klinge erh\u00f6ht nicht nur die Korrosionsbest\u00e4ndigkeit, sondern tr\u00e4gt auch zum eleganten und taktischen Erscheinungsbild des Messers bei.<\/p>\n<p>Griffinnovation: Entscheiden Sie sich f\u00fcr schwarze Mil Elox 6061-Aluminiumgriffe, die die perfekte Balance zwischen leichtem Design und robuster Konstruktion bieten. Das ergonomische Design des Griffs sorgt f\u00fcr einen angenehmen Halt und macht Zelos zu einem zuverl\u00e4ssigen Begleiter f\u00fcr den l\u00e4ngeren Einsatz.<\/p>\n<p>Vielseitige Trageoptionen: Zelos bietet Trageoptionen zum Hoch- und Herunterklappen und bietet so Flexibilit\u00e4t f\u00fcr individuelle Vorlieben. Ein Taschenclip aus Kohlefaser oder Titan sorgt f\u00fcr einen Hauch von Hightech-Flair und sorgt gleichzeitig f\u00fcr einen sicheren und diskreten Tragekomfort.<\/p>\n<p>Elite-Handwerkskunst: Spartan Blades ist stolz auf die Herstellung von Elite-Werkzeugen, und die Zelos bilden da keine Ausnahme. Eine doppelte tiefe Kryo-W\u00e4rmebehandlung erh\u00f6ht die Z\u00e4higkeit und Sch\u00e4rfe der Klinge und hebt sie vom Premium-Klappmesser ab.<\/p>\n<p>Begrenzte Verf\u00fcgbarkeit: Nicht online verf\u00fcgbar, Zelos ist ausschlie\u00dflich f\u00fcr autorisierte Spartan Blades-H\u00e4ndler oder nur f\u00fcr den Verkauf im Gesch\u00e4ft erh\u00e4ltlich. Milit\u00e4r, Strafverfolgung, Rettungsdienst, Feuerwehr und andere autorisierte K\u00e4ufer werden gebeten, ein individuelles Angebot anzufordern.<\/p>\n<p>Erleben Sie den Geist von Zelos \u2013 die Verschmelzung von Design, Technologie und Funktion. Ganz gleich, ob Sie auf der Suche nach einem zuverl\u00e4ssigen Begleiter f\u00fcr den Alltag oder einem zuverl\u00e4ssigen Werkzeug f\u00fcr Ihre beruflichen Anforderungen sind, der Spartan Blades Zelos ist bereit, sich der Herausforderung mit un\u00fcbertroffenem Eifer zu stellen. Werten Sie Ihre Ausr\u00fcstungssammlung mit einem Messer auf, das in jedem pr\u00e4zisen Schnitt die Essenz von Hingabe und Rivalit\u00e4t verk\u00f6rpert.<\/p>\n<p>Spezifikationen:<br \/>\nKlingenl\u00e4nge: 8 cm<br \/>\nL\u00e4nge geschlossen: 12 cm<br \/>\nGesamtl\u00e4nge: 20 cm<br \/>\nKlingenmaterial: CPM-S45VN Edelstahl<br \/>\nKlingenh\u00e4rte: 58\u201359 HRC<br \/>\nKlingenstil: Drop Point<br \/>\nKlingenschliff: Flach<br \/>\nKlingenoberfl\u00e4chenbehandlung: schwarzes PVD<br \/>\nGriffmaterial: Schwarz eloxiertes Aluminium 6061<br \/>\nVerriegelungsmechanismus: Knopf<br \/>\nTaschenclip: Kohlefaser (Tip-Up\/Down, rechte Trageweise)<br \/>\nGewicht: 4,58 Unzen.<br \/>\nDesigner: Curtis Iovito<br \/>\nHergestellt in den USA<\/p>\n<p><iframe title=\"Spartan Blades Company Knife Company Story with Co-Founders Mark Carey and Curtis Iovito.\" width=\"800\" height=\"450\" src=\"https:\/\/www.youtube.com\/embed\/S-EVJgZR57Y?feature=oembed\" frameborder=\"0\" allow=\"accelerometer; autoplay; clipboard-write; encrypted-media; gyroscope; picture-in-picture; web-share\" referrerpolicy=\"strict-origin-when-cross-origin\" allowfullscreen><\/iframe><\/p>\n<p>&nbsp;<\/p>\n","protected":false},"excerpt":{"rendered":"<p><strong>Wir stellen das Spartan Blades Zelos vor, ein Klappmesser, das Pr\u00e4zisionstechnik nahtlos mit hochwertigen Materialien verbindet und den Geist der Hingabe und des Eifers seines Namensgebers aus der griechischen Mythologie verk\u00f6rpert. Zelos wurde vom Designer Iovito mit viel Liebe zum Detail gefertigt und sticht als Beweis f\u00fcr Exzellenz in Form und Funktion hervor.<\/strong><\/p>\n<p>Kostenloser Transport.<\/p>\n","protected":false},"featured_media":324615,"comment_status":"open","ping_status":"closed","template":"","meta":[],"pwb-brand":[3839],"product_brand":[],"product_cat":[3343,3285],"product_tag":[3669],"class_list":{"0":"post-324662","1":"product","2":"type-product","3":"status-publish","4":"has-post-thumbnail","6":"pwb-brand-spartanische-klingen","7":"product_cat-schiesmesser","8":"product_cat-messer","9":"product_tag-b2b-de","11":"first","12":"instock","13":"taxable","14":"shipping-taxable","15":"purchasable","16":"product-type-simple"},"brands":[{"id":3839,"name":"Spartanische Klingen","slug":"spartanische-klingen"}],"_links":{"self":[{"href":"https:\/\/www.moskito.cz\/de\/wp-json\/wp\/v2\/product\/324662","targetHints":{"allow":["GET"]}}],"collection":[{"href":"https:\/\/www.moskito.cz\/de\/wp-json\/wp\/v2\/product"}],"about":[{"href":"https:\/\/www.moskito.cz\/de\/wp-json\/wp\/v2\/types\/product"}],"replies":[{"embeddable":true,"href":"https:\/\/www.moskito.cz\/de\/wp-json\/wp\/v2\/comments?post=324662"}],"wp:featuredmedia":[{"embeddable":true,"href":"https:\/\/www.moskito.cz\/de\/wp-json\/wp\/v2\/media\/324615"}],"wp:attachment":[{"href":"https:\/\/www.moskito.cz\/de\/wp-json\/wp\/v2\/media?parent=324662"}],"wp:term":[{"taxonomy":"pwb-brand","embeddable":true,"href":"https:\/\/www.moskito.cz\/de\/wp-json\/wp\/v2\/pwb-brand?post=324662"},{"taxonomy":"product_brand","embeddable":true,"href":"https:\/\/www.moskito.cz\/de\/wp-json\/wp\/v2\/product_brand?post=324662"},{"taxonomy":"product_cat","embeddable":true,"href":"https:\/\/www.moskito.cz\/de\/wp-json\/wp\/v2\/product_cat?post=324662"},{"taxonomy":"product_tag","embeddable":true,"href":"https:\/\/www.moskito.cz\/de\/wp-json\/wp\/v2\/product_tag?post=324662"}],"curies":[{"name":"wp","href":"https:\/\/api.w.org\/{rel}","templated":true}]}}