{"id":324707,"date":"2024-04-02T19:36:40","date_gmt":"2024-04-02T18:40:38","guid":{"rendered":"https:\/\/www.moskito.cz\/produkt\/verschlussmesser-spartan-blades-special-edition-koi-fish-stonewashed-sf5koifish\/"},"modified":"2025-05-07T11:08:06","modified_gmt":"2025-05-07T10:08:06","slug":"verschlussmesser-spartan-blades-special-edition-koi-fish-stonewashed-sf5koifish","status":"publish","type":"product","link":"https:\/\/www.moskito.cz\/de\/produkt\/verschlussmesser-spartan-blades-special-edition-koi-fish-stonewashed-sf5koifish\/","title":{"rendered":"Verschlussmesser Spartan Blades Special Edition Koi Fish Stonewashed SF5KOIFISH"},"content":{"rendered":"<p>Verschlussmesser <strong>Spartan Blades<\/strong> Special Edition Koi Fish Stonewashed SF5KOIFISH.<\/p>\n<p><strong>Spartan Blades<\/strong> produziert jedes Jahr vier Spartan Harsey Folder in Sonderedition. Die Sonderedition f\u00fcr 2022 ist die Koi Fish 2022 Edition. Sowohl Mark als auch Curtis, die Gr\u00fcnder von Spartan Blades, haben mehrere Jahre in Asien gearbeitet und in Japan gelebt. Dieses Messer sollte die unglaubliche japanische Kultur repr\u00e4sentieren. Eines der Dinge, die uns an Japan gefallen haben, ist die Art und Weise, wie sie alte und moderne Methoden kombinieren, um Effizienz und Ordnung f\u00fcr die Menschen und ihr t\u00e4gliches Leben zu schaffen. Wir hoffen, dies durch die Kombination moderner Materialien mit klassisch japanischer Kunst zu erreichen.<\/p>\n<p>Das vom produktiven Messermacher William W. Harsey Jr. entworfene Spartan Harsey Folder (SHF) ist ein zuverl\u00e4ssiges Rahmenmesser, das bis auf die Klinge und den Anschlagstift vollst\u00e4ndig aus 6AL-4V-Titan gefertigt ist. Dieser hochwertige Ordner verf\u00fcgt \u00fcber einen doppelseitigen Taschenclip und zwei Daumenpins, um auch unseren linksh\u00e4ndigen Freunden gerecht zu werden. Es ist das ideale Werkzeug f\u00fcr alle, die Wert auf Qualit\u00e4t legen!<\/p>\n<p>&nbsp;<\/p>\n","protected":false},"excerpt":{"rendered":"<p><strong>Spartan Blades produziert jedes Jahr vier Spartan Harsey Folder in Sonderedition. Die Sonderedition f\u00fcr 2022 ist die Koi Fish 2022 Edition.<\/strong><\/p>\n<p>Kostenloser Transport.<\/p>\n","protected":false},"featured_media":324672,"comment_status":"open","ping_status":"closed","template":"","meta":[],"pwb-brand":[3839],"product_brand":[],"product_cat":[3285,3303],"product_tag":[3669],"class_list":{"0":"post-324707","1":"product","2":"type-product","3":"status-publish","4":"has-post-thumbnail","6":"pwb-brand-spartanische-klingen","7":"product_cat-messer","8":"product_cat-schliesmesser","9":"product_tag-b2b-de","11":"first","12":"instock","13":"taxable","14":"shipping-taxable","15":"purchasable","16":"product-type-simple"},"brands":[{"id":3839,"name":"Spartanische Klingen","slug":"spartanische-klingen"}],"_links":{"self":[{"href":"https:\/\/www.moskito.cz\/de\/wp-json\/wp\/v2\/product\/324707","targetHints":{"allow":["GET"]}}],"collection":[{"href":"https:\/\/www.moskito.cz\/de\/wp-json\/wp\/v2\/product"}],"about":[{"href":"https:\/\/www.moskito.cz\/de\/wp-json\/wp\/v2\/types\/product"}],"replies":[{"embeddable":true,"href":"https:\/\/www.moskito.cz\/de\/wp-json\/wp\/v2\/comments?post=324707"}],"wp:featuredmedia":[{"embeddable":true,"href":"https:\/\/www.moskito.cz\/de\/wp-json\/wp\/v2\/media\/324672"}],"wp:attachment":[{"href":"https:\/\/www.moskito.cz\/de\/wp-json\/wp\/v2\/media?parent=324707"}],"wp:term":[{"taxonomy":"pwb-brand","embeddable":true,"href":"https:\/\/www.moskito.cz\/de\/wp-json\/wp\/v2\/pwb-brand?post=324707"},{"taxonomy":"product_brand","embeddable":true,"href":"https:\/\/www.moskito.cz\/de\/wp-json\/wp\/v2\/product_brand?post=324707"},{"taxonomy":"product_cat","embeddable":true,"href":"https:\/\/www.moskito.cz\/de\/wp-json\/wp\/v2\/product_cat?post=324707"},{"taxonomy":"product_tag","embeddable":true,"href":"https:\/\/www.moskito.cz\/de\/wp-json\/wp\/v2\/product_tag?post=324707"}],"curies":[{"name":"wp","href":"https:\/\/api.w.org\/{rel}","templated":true}]}}