{"id":324886,"date":"2024-04-02T20:59:22","date_gmt":"2024-04-02T20:02:31","guid":{"rendered":"https:\/\/www.moskito.cz\/produkt\/spartan-blades-harsey-stonewashed-sf10swbz-klappmesser\/"},"modified":"2025-05-07T11:08:07","modified_gmt":"2025-05-07T10:08:07","slug":"spartan-blades-harsey-stonewashed-sf10swbz-klappmesser","status":"publish","type":"product","link":"https:\/\/www.moskito.cz\/de\/produkt\/spartan-blades-harsey-stonewashed-sf10swbz-klappmesser\/","title":{"rendered":"Spartan Blades Harsey Stonewashed SF10SWBZ Klappmesser"},"content":{"rendered":"<p><strong>Spartan Blades<\/strong> Harsey Stonewashed SF10SWBZ Klappmesser.<\/p>\n<p>Entdecken Sie den Spartan Harsey Folder 3.25, die neueste Zusammenarbeit von <strong>Spartan Blades<\/strong> und dem legend\u00e4ren Messermacher William \u201eBill\u201c Harsey Jr. Dieses Framelock-Messer aus 6AL4V-Titan verf\u00fcgt \u00fcber eine CPM S45VN-Klinge, die Messerliebhabern au\u00dfergew\u00f6hnliche Leistung garantiert.<\/p>\n<p>Haupteigenschaften:<\/p>\n<p>Titan-Eleganz: Das vollst\u00e4ndig aus 6AL-4V-Titan gefertigte SHF 3.25 stellt den Gipfel an Haltbarkeit und Stil in der Welt der Messer dar.<\/p>\n<p>Premium-Klinge: Die Klinge aus rostfreiem CPM-S45VN-Stahl mit 3,25 Zoll Durchmesser bietet hervorragende Schnitthaltigkeit und Korrosionsbest\u00e4ndigkeit und ist somit ideal f\u00fcr eine Vielzahl von Schneidaufgaben.<\/p>\n<p>Sicherer Frame-Lock-Mechanismus: Genie\u00dfen Sie das Vertrauen eines zuverl\u00e4ssigen Frame-Lock-Mechanismus, der einen sicheren und stabilen Klingeneingriff f\u00fcr alle Ihre Schneidanforderungen gew\u00e4hrleistet.<\/p>\n<p>Bequem zu tragen: Der auf Benutzerfreundlichkeit ausgelegte SHF 3.25 ist nicht nur leicht zu tragen, sondern auch bequem zu handhaben, was ihn zum perfekten Ordner f\u00fcr M\u00e4nner (oder Frauen) macht.<\/p>\n<p>Vielseitiger Taschenclip: Mit einem doppelseitigen Taschenclip und zwei Daumenpins bietet dieses Messer praktische Trageoptionen f\u00fcr links und rechts, ganz nach Ihren W\u00fcnschen.<\/p>\n<p>Markantes Finish: Ein satiniertes Finish des 6AL4V-Titanrahmens, erg\u00e4nzt durch bronzefarben eloxierte Beschl\u00e4ge, verleiht diesem au\u00dfergew\u00f6hnlichen St\u00fcck Eleganz.<\/p>\n<p>Spezifikationen:<\/p>\n<p>Hersteller: Spartan Blades<br \/>\nDesigner: William W. Harsey<br \/>\nKlingenl\u00e4nge: 8,12 cm<br \/>\nGesamtl\u00e4nge: 18 cm<br \/>\nKlingenmaterial: CPM S45VN Edelstahl<br \/>\nKlingenh\u00e4rte: 59-61<br \/>\nKlingenstil: Drop Point \u2013 Flachschliff \u2013 Stone Washed<br \/>\nRahmenmaterial: 6AL4V Titan \u2013 satiniert \u2013 gestrahlt<br \/>\nHardware: 6AL4V Titan \u2013 Bronze eloxierte Hardware<br \/>\nGewicht: 2,9 Unzen. \/ 0,184 Pfund<\/p>\n<p><iframe title=\"Spartan Blades Company Knife Company Story with Co-Founders Mark Carey and Curtis Iovito.\" width=\"800\" height=\"450\" src=\"https:\/\/www.youtube.com\/embed\/S-EVJgZR57Y?feature=oembed\" frameborder=\"0\" allow=\"accelerometer; autoplay; clipboard-write; encrypted-media; gyroscope; picture-in-picture; web-share\" referrerpolicy=\"strict-origin-when-cross-origin\" allowfullscreen><\/iframe><\/p>\n<p>&nbsp;<\/p>\n","protected":false},"excerpt":{"rendered":"<p><strong>Entdecken Sie den Spartan Harsey Folder 3.25, die neueste Zusammenarbeit von Spartan Blades und dem legend\u00e4ren Messermacher William \u201eBill\u201c Harsey Jr. Dieses Framelock-Messer aus 6AL4V-Titan verf\u00fcgt \u00fcber eine CPM S45VN-Klinge, die Messerliebhabern au\u00dfergew\u00f6hnliche Leistung garantiert.<\/strong><\/p>\n<p>Kostenloser Transport.<\/p>\n","protected":false},"featured_media":324841,"comment_status":"open","ping_status":"closed","template":"","meta":[],"pwb-brand":[3839],"product_brand":[],"product_cat":[3303,3285],"product_tag":[3669],"class_list":{"0":"post-324886","1":"product","2":"type-product","3":"status-publish","4":"has-post-thumbnail","6":"pwb-brand-spartanische-klingen","7":"product_cat-schliesmesser","8":"product_cat-messer","9":"product_tag-b2b-de","11":"first","12":"instock","13":"taxable","14":"shipping-taxable","15":"purchasable","16":"product-type-simple"},"brands":[{"id":3839,"name":"Spartanische Klingen","slug":"spartanische-klingen"}],"_links":{"self":[{"href":"https:\/\/www.moskito.cz\/de\/wp-json\/wp\/v2\/product\/324886","targetHints":{"allow":["GET"]}}],"collection":[{"href":"https:\/\/www.moskito.cz\/de\/wp-json\/wp\/v2\/product"}],"about":[{"href":"https:\/\/www.moskito.cz\/de\/wp-json\/wp\/v2\/types\/product"}],"replies":[{"embeddable":true,"href":"https:\/\/www.moskito.cz\/de\/wp-json\/wp\/v2\/comments?post=324886"}],"wp:featuredmedia":[{"embeddable":true,"href":"https:\/\/www.moskito.cz\/de\/wp-json\/wp\/v2\/media\/324841"}],"wp:attachment":[{"href":"https:\/\/www.moskito.cz\/de\/wp-json\/wp\/v2\/media?parent=324886"}],"wp:term":[{"taxonomy":"pwb-brand","embeddable":true,"href":"https:\/\/www.moskito.cz\/de\/wp-json\/wp\/v2\/pwb-brand?post=324886"},{"taxonomy":"product_brand","embeddable":true,"href":"https:\/\/www.moskito.cz\/de\/wp-json\/wp\/v2\/product_brand?post=324886"},{"taxonomy":"product_cat","embeddable":true,"href":"https:\/\/www.moskito.cz\/de\/wp-json\/wp\/v2\/product_cat?post=324886"},{"taxonomy":"product_tag","embeddable":true,"href":"https:\/\/www.moskito.cz\/de\/wp-json\/wp\/v2\/product_tag?post=324886"}],"curies":[{"name":"wp","href":"https:\/\/api.w.org\/{rel}","templated":true}]}}