{"id":325278,"date":"2024-04-03T19:29:41","date_gmt":"2024-04-03T18:33:34","guid":{"rendered":"https:\/\/www.moskito.cz\/produkt\/spartan-blades-harsey-stonewashed-sf10sw-klappmesser\/"},"modified":"2025-05-07T11:08:11","modified_gmt":"2025-05-07T10:08:11","slug":"spartan-blades-harsey-stonewashed-sf10sw-klappmesser","status":"publish","type":"product","link":"https:\/\/www.moskito.cz\/de\/produkt\/spartan-blades-harsey-stonewashed-sf10sw-klappmesser\/","title":{"rendered":"Spartan Blades Harsey Stonewashed SF10SW Klappmesser"},"content":{"rendered":"<p><strong>Spartan Blades<\/strong> Harsey Stonewashed SF10SW Klappmesser.<\/p>\n<p>Wir stellen den Spartan Harsey Folder vor \u2013 die neueste Spitzenleistung von Spartan Blades in Zusammenarbeit mit dem legend\u00e4ren Messermacher William \u201eBill\u201c Harsey Jr. Dieses Messer vereint die Kunst des Designs mit der Funktionalit\u00e4t, die ein Messer erfordert. Enthusiasten. Das mit Pr\u00e4zision und Liebe zum Detail gefertigte SHF 3.25 ist ein zuverl\u00e4ssiges 6AL4V-Titanrahmenmesser mit einer 3,25-Zoll-CPM-S45VN-Edelstahlklinge.<\/p>\n<p>Haupteigenschaften:<\/p>\n<p>Hochwertige Materialien: Das SHF 3.25 ist sorgf\u00e4ltig konstruiert und mit einem 6AL4V-Titan-Rahmenschloss ausgestattet, das f\u00fcr Langlebigkeit und ein leichtes Gef\u00fchl sorgt. Die aus CPM S45VN-Edelstahl gefertigte Klinge ist ein Beweis f\u00fcr \u00fcberlegene Metallurgie und Leistung.<\/p>\n<p>Preisgekr\u00f6ntes Design: Nach dem Vorbild seines preisgekr\u00f6nten SHF-Vorg\u00e4ngers beh\u00e4lt dieser mittelgro\u00dfe Falzapparat das gleiche Ma\u00df an Exzellenz bei. Es wurde in Zusammenarbeit mit William W. Harsey entworfen und ist auf diejenigen zugeschnitten, die auf der Suche nach wirklich au\u00dfergew\u00f6hnlichen Herren- (oder Damen-)Ordnern sind.<\/p>\n<p>Reversibler Taschenclip: Mit einem doppelseitigen Taschenclip und zwei Daumenpins ist der SHF 3.25 sowohl f\u00fcr Linksh\u00e4nder als auch f\u00fcr Rechtsh\u00e4nder geeignet und bietet Vielseitigkeit, ohne Kompromisse beim Stil einzugehen.<\/p>\n<p>Elite-Handwerkskunst: Das Frame-Lock-Messer besteht vollst\u00e4ndig aus 6AL-4V-Titan und ist satiniert, um ein raffiniertes \u00e4sthetisches und langlebiges Finish zu erzielen. Die ebenfalls aus 6AL4V-Titan gefertigte Hardware rundet die hochwertige Konstruktion des Messers ab.<\/p>\n<p>Klinge aus rostfreiem CPM-S45VN-Stahl: Die 3,25-Zoll-Drop-Point-Klinge mit Flachschliff und Steinwaschung besteht aus rostfreiem CPM-S45VN-Stahl, der f\u00fcr seine au\u00dfergew\u00f6hnliche H\u00e4rte (59\u201361 HRC) und Schnitthaltigkeit bekannt ist. Eine doppelte Tiefen-Kryo-W\u00e4rmebehandlung sorgt f\u00fcr optimale Leistung.<\/p>\n<p>Spezifikationen:<\/p>\n<p>Hersteller: Spartan Blades<br \/>\nDesigner: William W. Harsey<br \/>\nKlingenl\u00e4nge: 8,12 cm<br \/>\nGesamtl\u00e4nge: 18 cm<br \/>\nKlinge: CPM S45VN Edelstahl<br \/>\nKlingenh\u00e4rte: 59-61<br \/>\nKlingenstil: Drop Point \u2013 Flachschliff \u2013 Stone Washed<br \/>\nRahmen: 6AL4V Titan \u2013 satiniert \u2013 gestrahlt<br \/>\nBeschl\u00e4ge: 6AL4V Titan<br \/>\nGewicht: 2,9 Unzen. \/ 0,184 Pfund<br \/>\nVerbessern Sie Ihr allt\u00e4gliches Trageerlebnis mit dem Spartan Harsey Folder 3.25 \u2013 einer Mischung aus Kunst, Funktionalit\u00e4t und hervorragender Handwerkskunst. Dieser Ordner von den renommierten Herstellern Spartan Blades ist mehr als nur ein Werkzeug; Es ist ein Statement f\u00fcr Exzellenz in der Welt der Hochleistungsmesser<\/p>\n<p><iframe title=\"Spartan Blades Company Knife Company Story with Co-Founders Mark Carey and Curtis Iovito.\" width=\"800\" height=\"450\" src=\"https:\/\/www.youtube.com\/embed\/S-EVJgZR57Y?feature=oembed\" frameborder=\"0\" allow=\"accelerometer; autoplay; clipboard-write; encrypted-media; gyroscope; picture-in-picture; web-share\" referrerpolicy=\"strict-origin-when-cross-origin\" allowfullscreen><\/iframe><\/p>\n<p>&nbsp;<\/p>\n","protected":false},"excerpt":{"rendered":"<p><strong>Wir stellen den Spartan Harsey Folder vor \u2013 die neueste Spitzenleistung von Spartan Blades in Zusammenarbeit mit dem legend\u00e4ren Messermacher William \u201eBill\u201c Harsey Jr.<\/strong><\/p>\n<p>Kostenloser Transport.<\/p>\n","protected":false},"featured_media":325231,"comment_status":"open","ping_status":"closed","template":"","meta":[],"pwb-brand":[3839],"product_brand":[],"product_cat":[3303,3285],"product_tag":[3669],"class_list":{"0":"post-325278","1":"product","2":"type-product","3":"status-publish","4":"has-post-thumbnail","6":"pwb-brand-spartanische-klingen","7":"product_cat-schliesmesser","8":"product_cat-messer","9":"product_tag-b2b-de","11":"first","12":"instock","13":"taxable","14":"shipping-taxable","15":"purchasable","16":"product-type-simple"},"brands":[{"id":3839,"name":"Spartanische Klingen","slug":"spartanische-klingen"}],"_links":{"self":[{"href":"https:\/\/www.moskito.cz\/de\/wp-json\/wp\/v2\/product\/325278","targetHints":{"allow":["GET"]}}],"collection":[{"href":"https:\/\/www.moskito.cz\/de\/wp-json\/wp\/v2\/product"}],"about":[{"href":"https:\/\/www.moskito.cz\/de\/wp-json\/wp\/v2\/types\/product"}],"replies":[{"embeddable":true,"href":"https:\/\/www.moskito.cz\/de\/wp-json\/wp\/v2\/comments?post=325278"}],"wp:featuredmedia":[{"embeddable":true,"href":"https:\/\/www.moskito.cz\/de\/wp-json\/wp\/v2\/media\/325231"}],"wp:attachment":[{"href":"https:\/\/www.moskito.cz\/de\/wp-json\/wp\/v2\/media?parent=325278"}],"wp:term":[{"taxonomy":"pwb-brand","embeddable":true,"href":"https:\/\/www.moskito.cz\/de\/wp-json\/wp\/v2\/pwb-brand?post=325278"},{"taxonomy":"product_brand","embeddable":true,"href":"https:\/\/www.moskito.cz\/de\/wp-json\/wp\/v2\/product_brand?post=325278"},{"taxonomy":"product_cat","embeddable":true,"href":"https:\/\/www.moskito.cz\/de\/wp-json\/wp\/v2\/product_cat?post=325278"},{"taxonomy":"product_tag","embeddable":true,"href":"https:\/\/www.moskito.cz\/de\/wp-json\/wp\/v2\/product_tag?post=325278"}],"curies":[{"name":"wp","href":"https:\/\/api.w.org\/{rel}","templated":true}]}}