{"id":325339,"date":"2024-04-03T19:55:49","date_gmt":"2024-04-03T18:58:33","guid":{"rendered":"https:\/\/www.moskito.cz\/produkt\/spartan-blades-custom-harsey-damascus-sf10dmbl-klappmesser-aus-damast\/"},"modified":"2025-05-07T11:08:13","modified_gmt":"2025-05-07T10:08:13","slug":"spartan-blades-custom-harsey-damascus-sf10dmbl-klappmesser-aus-damast","status":"publish","type":"product","link":"https:\/\/www.moskito.cz\/de\/produkt\/spartan-blades-custom-harsey-damascus-sf10dmbl-klappmesser-aus-damast\/","title":{"rendered":"Spartan Blades Custom Harsey Damascus SF10DMBL Klappmesser aus Damast"},"content":{"rendered":"<p><strong>Spartan Blades<\/strong> Custom Harsey Damascus SF10DMBL Klappmesser aus Damast<\/p>\n<p>Wir stellen den Spartan-Harsey Folder vor, den neuesten H\u00f6hepunkt des Designs von Spartan Blades in Zusammenarbeit mit dem renommierten Messerhersteller William \u201eBill\u201c Harsey Jr. Dieses Taschenmesser mit 6AL4V-Titanrahmen wurde sorgf\u00e4ltig f\u00fcr diejenigen gefertigt, die Zuverl\u00e4ssigkeit, Handwerkskunst und einen Hauch von Eleganz sch\u00e4tzen.<\/p>\n<p>Haupteigenschaften:<\/p>\n<p>Klingenqualit\u00e4t: Die 3,25-Zoll-Klinge aus rostfreiem Damaststahl von Chad Nichols zeichnet sich nicht nur durch eine au\u00dfergew\u00f6hnliche \u00c4sthetik aus, sondern bietet auch eine \u00fcberragende Leistung. Der Drop-Point-Stil, die flache Oberfl\u00e4che und die Steinoberfl\u00e4che sorgen f\u00fcr Vielseitigkeit und Haltbarkeit.<\/p>\n<p>Rahmenschloss-Design: Das Rahmenschloss besteht vollst\u00e4ndig aus 6AL-4V-Titan und bietet eine sichere und zuverl\u00e4ssige Verriegelung. Der mittelgro\u00dfe Ordner bietet die perfekte Balance zwischen Funktionalit\u00e4t und Tragbarkeit.<\/p>\n<p>Reversibler Taschenclip: Genie\u00dfen Sie die Flexibilit\u00e4t beim Tragen mit einem doppelseitigen Taschenclip und zwei Daumenpins f\u00fcr nahtloses Tragen mit der linken und rechten Hand.<\/p>\n<p>Blau eloxierte Hardware: Diese Variante verf\u00fcgt \u00fcber auff\u00e4llige blau eloxierte Hardware, die Ihrer Alltagskleidung eine unverwechselbare Note verleiht.<\/p>\n<p>Fachm\u00e4nnische Handwerkskunst: Der mit Pr\u00e4zision und Sorgfalt gefertigte SHF 3.25 spiegelt das Qualit\u00e4tsversprechen von Spartan Blades wider. Die satinierte und gestrahlte Oberfl\u00e4che des Titanrahmens verleiht ihm einen Hauch von Raffinesse.<\/p>\n<p>Spezifikationen:<\/p>\n<p>Hersteller: Spartan Blades<br \/>\nDesigner: William W. Harsey<br \/>\nKlingenl\u00e4nge: 8,12 cm<br \/>\nGesamtl\u00e4nge: 18 cm<br \/>\nKlingenmaterial: Chad Nichols Edelstahl Damast<br \/>\nKlingenh\u00e4rte: 59-61<br \/>\nKlingenstil: Drop Point \u2013 Flachschliff \u2013 Stone Washed<br \/>\nRahmenmaterial: 6AL4V Titan \u2013 satiniert \u2013 gestrahlt<br \/>\nHardware: 6AL4V Titan \u2013 blau eloxierte Hardware<br \/>\nGewicht: 2,9 Unzen. \/ 0,184 Pfund<br \/>\nWerten Sie Ihren Alltag mit dem Spartan-Harsey Folder 3.25 auf \u2013 Kunst trifft auf Funktionalit\u00e4t in einem echten Gentleman-Ordner.<\/p>\n<p><iframe title=\"Spartan Blades Company Knife Company Story with Co-Founders Mark Carey and Curtis Iovito.\" width=\"800\" height=\"450\" src=\"https:\/\/www.youtube.com\/embed\/S-EVJgZR57Y?feature=oembed\" frameborder=\"0\" allow=\"accelerometer; autoplay; clipboard-write; encrypted-media; gyroscope; picture-in-picture; web-share\" referrerpolicy=\"strict-origin-when-cross-origin\" allowfullscreen><\/iframe><\/p>\n<p>&nbsp;<\/p>\n","protected":false},"excerpt":{"rendered":"<p><strong>Wir stellen den Spartan-Harsey Folder vor, den neuesten H\u00f6hepunkt des Designs von Spartan Blades in Zusammenarbeit mit dem renommierten Messerhersteller William \u201eBill\u201c Harsey Jr.<\/strong><\/p>\n<p>Kostenloser Transport.<\/p>\n","protected":false},"featured_media":325288,"comment_status":"open","ping_status":"closed","template":"","meta":[],"pwb-brand":[3839],"product_brand":[],"product_cat":[3420,3285],"product_tag":[3669],"class_list":{"0":"post-325339","1":"product","2":"type-product","3":"status-publish","4":"has-post-thumbnail","6":"pwb-brand-spartanische-klingen","7":"product_cat-damaszenermesser","8":"product_cat-messer","9":"product_tag-b2b-de","11":"first","12":"instock","13":"taxable","14":"shipping-taxable","15":"purchasable","16":"product-type-simple"},"brands":[{"id":3839,"name":"Spartanische Klingen","slug":"spartanische-klingen"}],"_links":{"self":[{"href":"https:\/\/www.moskito.cz\/de\/wp-json\/wp\/v2\/product\/325339","targetHints":{"allow":["GET"]}}],"collection":[{"href":"https:\/\/www.moskito.cz\/de\/wp-json\/wp\/v2\/product"}],"about":[{"href":"https:\/\/www.moskito.cz\/de\/wp-json\/wp\/v2\/types\/product"}],"replies":[{"embeddable":true,"href":"https:\/\/www.moskito.cz\/de\/wp-json\/wp\/v2\/comments?post=325339"}],"wp:featuredmedia":[{"embeddable":true,"href":"https:\/\/www.moskito.cz\/de\/wp-json\/wp\/v2\/media\/325288"}],"wp:attachment":[{"href":"https:\/\/www.moskito.cz\/de\/wp-json\/wp\/v2\/media?parent=325339"}],"wp:term":[{"taxonomy":"pwb-brand","embeddable":true,"href":"https:\/\/www.moskito.cz\/de\/wp-json\/wp\/v2\/pwb-brand?post=325339"},{"taxonomy":"product_brand","embeddable":true,"href":"https:\/\/www.moskito.cz\/de\/wp-json\/wp\/v2\/product_brand?post=325339"},{"taxonomy":"product_cat","embeddable":true,"href":"https:\/\/www.moskito.cz\/de\/wp-json\/wp\/v2\/product_cat?post=325339"},{"taxonomy":"product_tag","embeddable":true,"href":"https:\/\/www.moskito.cz\/de\/wp-json\/wp\/v2\/product_tag?post=325339"}],"curies":[{"name":"wp","href":"https:\/\/api.w.org\/{rel}","templated":true}]}}