{"id":325353,"date":"2022-04-21T20:29:40","date_gmt":"2022-04-21T19:29:40","guid":{"rendered":"https:\/\/www.moskito.cz\/produkt\/massives-messer-cold-steel-kobun-gezahnt\/"},"modified":"2025-05-07T11:08:14","modified_gmt":"2025-05-07T10:08:14","slug":"massives-messer-cold-steel-kobun-gezahnt","status":"publish","type":"product","link":"https:\/\/www.moskito.cz\/de\/produkt\/massives-messer-cold-steel-kobun-gezahnt\/","title":{"rendered":"Massives Messer Cold Steel KOBUN GEZAHNT"},"content":{"rendered":"<p>Massives Messer <strong>Cold Steel<\/strong> KOBUN GEZAHNT.<\/p>\n<p>Das Cold Steel Kobun ist ein leichtes Messer, das aus der japanischen Unterwelt stammt, wo das Wort \u201eKobun\u201c manchmal als Rangangabe verwendet wird, was an das Wort \u201eSoldat\u201c oder jemanden erinnert, der Befehle von seinem \u201eOyabun\u201c oder Chef entgegennimmt. Es ist ein passender Name f\u00fcr ein Messer wie das Kobun, das eigentlich als \u201eguter Soldat\u201c konzipiert wurde. Es hat sich beim Milit\u00e4r als \u00e4u\u00dferst beliebt erwiesen, wo es wegen seines geringen Gewichts und seines diskreten Profils sowie seiner Haltbarkeit und Schnittleistung gesch\u00e4tzt wird. Das Kobun verf\u00fcgt \u00fcber die ikonische \u201eAmerican Tanto\u201c-verst\u00e4rkte Spitze von Cold Steel, die es sehr widerstandsf\u00e4hig gegen Biegen oder Brechen macht, da es \u00fcber die gesamte Dicke des Klingenr\u00fcckens (der fast bis zur Spitze der Klinge reicht) verst\u00e4rkt ist. Trotz seines d\u00fcnnen Profils<\/p>\n<p>PRODUKTPARAMETER<br \/>\nGewicht: 129 g<br \/>\nFarbe: Schwarz\/Silber<br \/>\nMantelmaterial: Secure-Ex\u00ae Mantel<br \/>\nStahl: Japanischer AUS 8A Edelstahl<br \/>\nGriffmaterial: Long Kray-Ex\u2122<br \/>\nKlingenst\u00e4rke: 3 mm<br \/>\nGriffl\u00e4nge: 113 mm<br \/>\nGesamtgr\u00f6\u00dfe: 250 mm<br \/>\nKlingenl\u00e4nge: 137 mm<\/p>\n<p>Das Cold Steel Kobun ist ein leichtes Messer, das seinen Namen von der japanischen Unterwelt hat, wo das Wort \u201eKobun\u201c manchmal als Rangindikator verwendet wird, der auf das Wort \u201eSoldat\u201c oder jemanden, der Befehle von seinem \u201eOyabun\u201c entgegennimmt, schlie\u00dfen l\u00e4sst. oder Chef. Es ist ein passender Name f\u00fcr ein Messer wie das Kobun, das eigentlich als \u201eguter Soldat\u201c konzipiert wurde. Es hat sich beim Milit\u00e4r als unglaublich beliebt erwiesen, wo es sowohl f\u00fcr sein geringes Gewicht und sein diskretes Profil als auch f\u00fcr seine Haltbarkeit und Schnittleistung gesch\u00e4tzt wird. Das Kobun verf\u00fcgt \u00fcber die ikonische verst\u00e4rkte \u201eAmerican Tanto\u201c-Spitze von Cold Steel, die es sehr widerstandsf\u00e4hig gegen Biegen oder Brechen macht, da es durch die gesamte Dicke des Klingenr\u00fcckens (der fast bis zur Spitze der Klinge reicht) verst\u00e4rkt ist. Trotz seines d\u00fcnnen Profils ist der tief geriffelte Kray-Ex-Griff des Kobun so konzipiert, dass er maximalen Halt bietet und so geformt ist, dass er sich nicht in der Hand drehen oder verschieben l\u00e4sst.<br \/>\nGewicht: 4,4 Unzen Klingenst\u00e4rke: 3,5 mm Klingenl\u00e4nge: 5-1\/2 Zoll Klingenstahl: Japanischer AUS8A-Edelstahl Griffl\u00e4nge\/Material: 4-3\/8 Zoll Kray-Ex\u2122 Gesamtl\u00e4nge: 9-7\/8 Zoll Zus\u00e4tzliche Funktionen : Secure-Ex\u00ae Scheidenmesser Typ: Feste Klinge L\u00e4ngenbereich: 5+ in Stahlfamilie: AUS Klingenform: Tanto<\/p>\n","protected":false},"excerpt":{"rendered":"<p>Kobun von Cold Steel ist eine echte Ikone! Ein solides Messer mit einer Tanto-Klinge mit Wellenschliff, die sehr gut in Materialien eindringt.<\/p>\n","protected":false},"featured_media":325354,"comment_status":"open","ping_status":"closed","template":"","meta":[],"pwb-brand":[3602],"product_brand":[],"product_cat":[3287,3285],"product_tag":[3669],"class_list":{"0":"post-325353","1":"product","2":"type-product","3":"status-publish","4":"has-post-thumbnail","6":"pwb-brand-kalter-stahl","7":"product_cat-solide-messer","8":"product_cat-messer","9":"product_tag-b2b-de","11":"first","12":"instock","13":"taxable","14":"shipping-taxable","15":"purchasable","16":"product-type-simple"},"brands":[{"id":3602,"name":"Kalter Stahl","slug":"kalter-stahl"}],"_links":{"self":[{"href":"https:\/\/www.moskito.cz\/de\/wp-json\/wp\/v2\/product\/325353","targetHints":{"allow":["GET"]}}],"collection":[{"href":"https:\/\/www.moskito.cz\/de\/wp-json\/wp\/v2\/product"}],"about":[{"href":"https:\/\/www.moskito.cz\/de\/wp-json\/wp\/v2\/types\/product"}],"replies":[{"embeddable":true,"href":"https:\/\/www.moskito.cz\/de\/wp-json\/wp\/v2\/comments?post=325353"}],"wp:featuredmedia":[{"embeddable":true,"href":"https:\/\/www.moskito.cz\/de\/wp-json\/wp\/v2\/media\/325354"}],"wp:attachment":[{"href":"https:\/\/www.moskito.cz\/de\/wp-json\/wp\/v2\/media?parent=325353"}],"wp:term":[{"taxonomy":"pwb-brand","embeddable":true,"href":"https:\/\/www.moskito.cz\/de\/wp-json\/wp\/v2\/pwb-brand?post=325353"},{"taxonomy":"product_brand","embeddable":true,"href":"https:\/\/www.moskito.cz\/de\/wp-json\/wp\/v2\/product_brand?post=325353"},{"taxonomy":"product_cat","embeddable":true,"href":"https:\/\/www.moskito.cz\/de\/wp-json\/wp\/v2\/product_cat?post=325353"},{"taxonomy":"product_tag","embeddable":true,"href":"https:\/\/www.moskito.cz\/de\/wp-json\/wp\/v2\/product_tag?post=325353"}],"curies":[{"name":"wp","href":"https:\/\/api.w.org\/{rel}","templated":true}]}}