{"id":325359,"date":"2022-04-21T20:06:46","date_gmt":"2024-04-04T13:36:37","guid":{"rendered":"https:\/\/www.moskito.cz\/produkt\/cold-steel-double-safe-hunter-klappmesser\/"},"modified":"2025-05-07T11:08:14","modified_gmt":"2025-05-07T10:08:14","slug":"cold-steel-double-safe-hunter-klappmesser","status":"publish","type":"product","link":"https:\/\/www.moskito.cz\/de\/produkt\/cold-steel-double-safe-hunter-klappmesser\/","title":{"rendered":"Cold Steel DOUBLE SAFE HUNTER Klappmesser"},"content":{"rendered":"<p><strong>Cold Steel<\/strong> DOUBLE SAFE HUNTER Klappmesser.<\/p>\n<p>Wenn Sie auf der Suche nach einem preiswerten, aber leistungsstarken Klappj\u00e4ger sind, ist der Double Safe Hunter genau das Richtige f\u00fcr Sie. Es ist unserem \u00e4u\u00dferst beliebten Voyager der alten Schule nachempfunden. Seine breite Clip-on-Klinge ist 3,5 cm lang und besteht aus 8Cr13MoV-Stahl, geh\u00e4rtet auf 57-58 Rockwell-H\u00e4rte. Egal um welche Aufgabe es sich handelt, Sie k\u00f6nnen sicher sein, dass Sie das richtige Messer zur Hand haben, mit einer Klinge, die klein genug f\u00fcr komplizierte Schnitte, aber gro\u00df genug ist, um alles von der Maus bis zum Elch zu erlegen. Der Griff aus Camouflage-Nylon (GFN) ist schlank und ergonomisch ansprechend und verf\u00fcgt \u00fcber einen austauschbaren Taschenclip aus Kunststoff. Taschenklammern aus Kunststoff tragen dazu bei, die Kratzer und Schrammen auf Polstern und anderen Oberfl\u00e4chen zu reduzieren, die bekannterma\u00dfen durch Stahlklammern verursacht werden. Wie immer hat Cold Steel den Double Safe mit Blick auf Ihre Finger entwickelt. Die hochmoderne Halterungsverriegelung verf\u00fcgt \u00fcber einen sekund\u00e4ren Sicherheitsmechanismus, der bei Aktivierung \u00e4u\u00dferst sto\u00df- und sto\u00dffest ist.<\/p>\n<p>PRODUKTPARAMETER<br \/>\nKlingenl\u00e4nge. 89 mm<br \/>\nStahl: 8Cr13MoV Edelstahl<br \/>\nGewicht: 116 g<br \/>\nGriffl\u00e4nge: 140 mm<br \/>\nGesamtgr\u00f6\u00dfe: 229 mm<br \/>\nKlingenst\u00e4rke: 3 mm<br \/>\nFarbe: Braun\/Silber<br \/>\nSicherungstyp: Doppeltresorschloss<br \/>\nGriffmaterial: Langer GFN-Griff<\/p>\n<p>Wenn Sie auf der Suche nach einem preisg\u00fcnstigen und dennoch leistungsstarken Klappj\u00e4ger sind, sind Sie beim Double Safe Hunter genau richtig. Es ist unserem \u00e4u\u00dferst beliebten Voyager der alten Schule nachempfunden. Die breite Clip-Point-Klinge ist 8,9 cm lang und besteht aus 8Cr13MoV-Stahl, geh\u00e4rtet auf eine Rockwell-H\u00e4rte von 57\u201358. Ganz gleich, um welche Aufgabe es sich handelt, Sie k\u00f6nnen sicher sein, dass Sie das richtige Messer zur Hand haben, mit einer Klinge, die klein genug f\u00fcr komplizierte Schneidaufgaben und dennoch gro\u00df genug ist, um alles von einer Maus bis zu einem Elch zu h\u00e4uten. Der Griff aus glasfaserverst\u00e4rktem Nylon (GFN) mit Camouflage-Muster ist d\u00fcnn und ergonomisch ansprechend und verf\u00fcgt \u00fcber einen austauschbaren Taschenclip aus Kunststoff. Kunststoff-Taschenklammern tragen dazu bei, die durch Stahlklammern verursachten Risse und Kratzer an Polstern und anderen Oberfl\u00e4chen zu begrenzen. Wie immer hatte Cold Steel bei der Entwicklung von Double Safe an Ihre Finger gedacht. Sein hochmoderner Wippverschluss verf\u00fcgt \u00fcber einen sekund\u00e4ren Sicherheitsmechanismus, der im eingerasteten Zustand enorm sto\u00df- und schlagfest ist.<br \/>\nGewicht: 4,1 Unzen. Klingenst\u00e4rke: 3 mm Messertyp: Folder Produktfamilie: Double Safe Hunter Klingenl\u00e4ngenbereich: 3\u20135 Zoll Stahlfamilie: MoV Klingenform: Clip Point Verriegelungsmechanismus: Rocker Lock<\/p>\n<p>&nbsp;<\/p>\n","protected":false},"excerpt":{"rendered":"<p>Das Double Safe Hunter ist ein Arbeitsmesser f\u00fcr die Jagd, das von Andrew Demko unter Ber\u00fccksichtigung der Tatsache entworfen wurde, dass Arbeitsmesser stark beansprucht werden und oft verloren gehen.<\/p>\n","protected":false},"featured_media":325360,"comment_status":"open","ping_status":"closed","template":"","meta":[],"pwb-brand":[3602],"product_brand":[],"product_cat":[3285,3303],"product_tag":[],"class_list":{"0":"post-325359","1":"product","2":"type-product","3":"status-publish","4":"has-post-thumbnail","6":"pwb-brand-kalter-stahl","7":"product_cat-messer","8":"product_cat-schliesmesser","10":"first","11":"instock","12":"taxable","13":"shipping-taxable","14":"purchasable","15":"product-type-simple"},"brands":[{"id":3602,"name":"Kalter Stahl","slug":"kalter-stahl"}],"_links":{"self":[{"href":"https:\/\/www.moskito.cz\/de\/wp-json\/wp\/v2\/product\/325359","targetHints":{"allow":["GET"]}}],"collection":[{"href":"https:\/\/www.moskito.cz\/de\/wp-json\/wp\/v2\/product"}],"about":[{"href":"https:\/\/www.moskito.cz\/de\/wp-json\/wp\/v2\/types\/product"}],"replies":[{"embeddable":true,"href":"https:\/\/www.moskito.cz\/de\/wp-json\/wp\/v2\/comments?post=325359"}],"wp:featuredmedia":[{"embeddable":true,"href":"https:\/\/www.moskito.cz\/de\/wp-json\/wp\/v2\/media\/325360"}],"wp:attachment":[{"href":"https:\/\/www.moskito.cz\/de\/wp-json\/wp\/v2\/media?parent=325359"}],"wp:term":[{"taxonomy":"pwb-brand","embeddable":true,"href":"https:\/\/www.moskito.cz\/de\/wp-json\/wp\/v2\/pwb-brand?post=325359"},{"taxonomy":"product_brand","embeddable":true,"href":"https:\/\/www.moskito.cz\/de\/wp-json\/wp\/v2\/product_brand?post=325359"},{"taxonomy":"product_cat","embeddable":true,"href":"https:\/\/www.moskito.cz\/de\/wp-json\/wp\/v2\/product_cat?post=325359"},{"taxonomy":"product_tag","embeddable":true,"href":"https:\/\/www.moskito.cz\/de\/wp-json\/wp\/v2\/product_tag?post=325359"}],"curies":[{"name":"wp","href":"https:\/\/api.w.org\/{rel}","templated":true}]}}