{"id":325386,"date":"2021-05-18T21:14:52","date_gmt":"2021-05-18T20:14:52","guid":{"rendered":"https:\/\/www.moskito.cz\/produkt\/beltrame-imit-ivory-bay-schiessmesser\/"},"modified":"2025-11-04T02:17:44","modified_gmt":"2025-11-04T01:17:44","slug":"beltrame-imit-ivory-bay-schiessmesser","status":"publish","type":"product","link":"https:\/\/www.moskito.cz\/de\/produkt\/beltrame-imit-ivory-bay-schiessmesser\/","title":{"rendered":"Beltrame Imit Ivory Bay Schie\u00dfmesser"},"content":{"rendered":"<p><strong>Beltrame<\/strong> Imit Ivory Bay Schie\u00dfmesser.<\/p>\n<p>Verschlussmesser Stiletto Ivory (Ivory) \u2013 das ber\u00fchmteste automatische Stiletto!<\/p>\n<p>Das Schlussmesser von Frank Beltram ist ein klassisches Stilett von au\u00dfergew\u00f6hnlicher Sch\u00f6nheit und Anmut. Lang, leicht und sehr scharf.<\/p>\n<p>Klingenl\u00e4nge (mm \/ Zoll) 222 mm \/ 9&#8243;<br \/>\nL\u00e4nge des gefalteten Messers (mm) 125<br \/>\nKlingenl\u00e4nge (mm) 100<br \/>\nKlingenst\u00e4rke (mm): 3 mm \/ 0,12 Zoll<br \/>\nKlingenbajonett<br \/>\nKlingenmaterial AISI 420 Edelstahl<br \/>\nEdelstahl-Finish<br \/>\nSchwenkbares Vorh\u00e4ngeschloss<br \/>\nGriffmaterial Kunststoff, Elfenbeinimitat<br \/>\nGewicht (g) 110<br \/>\nDas namensgebende Klappmesser hat eine nadelartige Klinge<br \/>\nDas Land Italien<\/p>\n","protected":false},"excerpt":{"rendered":"<p><strong>Beltrame-<\/strong> Messer werden seit 1953 in Italien hergestellt. Das Unternehmen wurde von Frank Beltram gegr\u00fcndet. Das Geheimnis der Herstellung dieser Stiletto-Messer ist Teil der Geschichte von Maniago, die vom Vater an den Sohn weitergegeben wurde.<br \/>\n<strong>Hergestellt in Italien.<\/strong><\/p>\n","protected":false},"featured_media":325387,"comment_status":"open","ping_status":"closed","template":"","meta":[],"pwb-brand":[3533],"product_brand":[],"product_cat":[3343,3285],"product_tag":[],"class_list":{"0":"post-325386","1":"product","2":"type-product","3":"status-publish","4":"has-post-thumbnail","6":"pwb-brand-beltrame-de","7":"product_cat-schiesmesser","8":"product_cat-messer","10":"first","11":"instock","12":"taxable","13":"shipping-taxable","14":"purchasable","15":"product-type-simple"},"brands":[{"id":3533,"name":"Beltrame","slug":"beltrame-de"}],"_links":{"self":[{"href":"https:\/\/www.moskito.cz\/de\/wp-json\/wp\/v2\/product\/325386","targetHints":{"allow":["GET"]}}],"collection":[{"href":"https:\/\/www.moskito.cz\/de\/wp-json\/wp\/v2\/product"}],"about":[{"href":"https:\/\/www.moskito.cz\/de\/wp-json\/wp\/v2\/types\/product"}],"replies":[{"embeddable":true,"href":"https:\/\/www.moskito.cz\/de\/wp-json\/wp\/v2\/comments?post=325386"}],"wp:featuredmedia":[{"embeddable":true,"href":"https:\/\/www.moskito.cz\/de\/wp-json\/wp\/v2\/media\/325387"}],"wp:attachment":[{"href":"https:\/\/www.moskito.cz\/de\/wp-json\/wp\/v2\/media?parent=325386"}],"wp:term":[{"taxonomy":"pwb-brand","embeddable":true,"href":"https:\/\/www.moskito.cz\/de\/wp-json\/wp\/v2\/pwb-brand?post=325386"},{"taxonomy":"product_brand","embeddable":true,"href":"https:\/\/www.moskito.cz\/de\/wp-json\/wp\/v2\/product_brand?post=325386"},{"taxonomy":"product_cat","embeddable":true,"href":"https:\/\/www.moskito.cz\/de\/wp-json\/wp\/v2\/product_cat?post=325386"},{"taxonomy":"product_tag","embeddable":true,"href":"https:\/\/www.moskito.cz\/de\/wp-json\/wp\/v2\/product_tag?post=325386"}],"curies":[{"name":"wp","href":"https:\/\/api.w.org\/{rel}","templated":true}]}}