{"id":325395,"date":"2021-05-18T20:38:21","date_gmt":"2021-05-18T19:38:21","guid":{"rendered":"https:\/\/www.moskito.cz\/produkt\/beltrame-bajonett-23-37b-schiessmesser\/"},"modified":"2025-11-04T02:17:43","modified_gmt":"2025-11-04T01:17:43","slug":"beltrame-bajonett-23-37b-schiessmesser","status":"publish","type":"product","link":"https:\/\/www.moskito.cz\/de\/produkt\/beltrame-bajonett-23-37b-schiessmesser\/","title":{"rendered":"Beltrame Bajonett 23\/37B Schie\u00dfmesser"},"content":{"rendered":"<p><strong>Beltrame<\/strong> Bajonett 23\/37B Schie\u00dfmesser<\/p>\n<p>Klassisches italienisches schwarzes Nadelbajonett 23 cm, traditionelles italienisches Federmesser. Die vollst\u00e4ndig von Hand nach den Prinzipien italienischer Handwerkskunst gefertigten Stiletto-Messer von Frank Beltrame sind dank ihrer extremen Leichtigkeit und Haltbarkeit auf der ganzen Welt ber\u00fchmt. Aufgrund seiner Eigenschaften eignet sich der italienische Dolch f\u00fcr den Einsatz in jeder Umgebung, von der Jagd bis zum Camping. Eine robuste, langlebige Konstruktion und eine starke Klingen\u00f6ffnungsfeder sind das Markenzeichen der klassischen italienischen Federg\u00fcrtel von Frank Beltrame.<\/p>\n<p>Griff \u2013 mit schwarzer Hartpolymerbeschichtung \u00fcberzogen und mit polierten Nickelpolstern versehen, sorgt f\u00fcr einen bequemen und sicheren Halt. Die Bediensicherheit wird durch die ergonomische Form des Griffs erh\u00f6ht, die ein Abrutschen der Hand w\u00e4hrend der Arbeit verhindert. Messingnieten.<\/p>\n<p>Sperre \u2013 verhindert versehentliches Einklappen oder \u00d6ffnen der Klinge. Das \u00d6ffnen des automatischen Messers erfolgt \u00fcber einen festen Knopf am Griff.<\/p>\n<p>Feder \u2013 besonderes Augenmerk wird auf die Gestaltung der Feder (Edelstahl) gelegt: Die Klinge muss innerhalb weniger Hundertstelsekunden ge\u00f6ffnet werden (Merkmal der Stiletto-Messer). Die Beltrame-Komponente erzeugt beim \u00d6ffnen der Klinge ein charakteristisches Ger\u00e4usch (Klick), das es von anderen Federmessern unterscheidet.<\/p>\n<p>Klinge \u2013 extrem scharf mit einem Spear-Point-Profil, 3,5 mm dick mit einer kurzen falschen Klinge zur Verbesserung der Durchdringungseigenschaften. Hergestellt aus leicht zu sch\u00e4rfendem Edelstahl AISI 420 MA5M, der sich durch hohe Korrosionsbest\u00e4ndigkeit auszeichnet. Geh\u00e4rteter Stahl 56 HRC. Flacher Klingentyp, abgeleitet vom Flachschleifen, der gute Schneid- und Eindringeigenschaften bietet. Der Stahlschutz sch\u00fctzt die Hand vor versehentlichem Abrutschen und erm\u00f6glicht das Herunterklappen der Klinge beim Dr\u00fccken.<\/p>\n<p>Spezifikationen:<br \/>\nProduktnummer: FB 23 \/ 37B<br \/>\nName: Klassisches italienisches Stiletto-Schwarzbajonett 23<br \/>\nStahlsorte: AISI 420 MA5M<br \/>\nRockwell-Klingenh\u00e4rte: 56 HRC<br \/>\nKlingenl\u00e4nge: 98 mm \/ 3,86 Zoll<br \/>\nKlingenst\u00e4rke: 35 mm \/ 1,13 Zoll<br \/>\nGesamtl\u00e4nge: 230 mm<br \/>\n: Gewicht: 108 g<br \/>\nKlinge: Glatt<br \/>\nKlingentyp: Speerspitze<br \/>\nMessersperre: Ja<br \/>\nGrifftyp: Kunststoff<br \/>\nHersteller: F.LLI Beltrame, Italien<\/p>\n","protected":false},"excerpt":{"rendered":"<p><strong>Beltrame-<\/strong> Messer werden seit 1953 in Italien hergestellt. Das Unternehmen wurde von Frank Beltram gegr\u00fcndet. Das Geheimnis der Herstellung dieser Stiletto-Messer ist Teil der Geschichte von Maniago, die vom Vater an den Sohn weitergegeben wurde.<br \/>\n<strong>Hergestellt in Italien.<\/strong><\/p>\n","protected":false},"featured_media":325396,"comment_status":"open","ping_status":"closed","template":"","meta":[],"pwb-brand":[3533],"product_brand":[],"product_cat":[3343,3285],"product_tag":[],"class_list":{"0":"post-325395","1":"product","2":"type-product","3":"status-publish","4":"has-post-thumbnail","6":"pwb-brand-beltrame-de","7":"product_cat-schiesmesser","8":"product_cat-messer","10":"first","11":"instock","12":"taxable","13":"shipping-taxable","14":"purchasable","15":"product-type-simple"},"brands":[{"id":3533,"name":"Beltrame","slug":"beltrame-de"}],"_links":{"self":[{"href":"https:\/\/www.moskito.cz\/de\/wp-json\/wp\/v2\/product\/325395","targetHints":{"allow":["GET"]}}],"collection":[{"href":"https:\/\/www.moskito.cz\/de\/wp-json\/wp\/v2\/product"}],"about":[{"href":"https:\/\/www.moskito.cz\/de\/wp-json\/wp\/v2\/types\/product"}],"replies":[{"embeddable":true,"href":"https:\/\/www.moskito.cz\/de\/wp-json\/wp\/v2\/comments?post=325395"}],"wp:featuredmedia":[{"embeddable":true,"href":"https:\/\/www.moskito.cz\/de\/wp-json\/wp\/v2\/media\/325396"}],"wp:attachment":[{"href":"https:\/\/www.moskito.cz\/de\/wp-json\/wp\/v2\/media?parent=325395"}],"wp:term":[{"taxonomy":"pwb-brand","embeddable":true,"href":"https:\/\/www.moskito.cz\/de\/wp-json\/wp\/v2\/pwb-brand?post=325395"},{"taxonomy":"product_brand","embeddable":true,"href":"https:\/\/www.moskito.cz\/de\/wp-json\/wp\/v2\/product_brand?post=325395"},{"taxonomy":"product_cat","embeddable":true,"href":"https:\/\/www.moskito.cz\/de\/wp-json\/wp\/v2\/product_cat?post=325395"},{"taxonomy":"product_tag","embeddable":true,"href":"https:\/\/www.moskito.cz\/de\/wp-json\/wp\/v2\/product_tag?post=325395"}],"curies":[{"name":"wp","href":"https:\/\/api.w.org\/{rel}","templated":true}]}}