{"id":325423,"date":"2020-10-21T15:18:43","date_gmt":"2020-10-21T14:18:43","guid":{"rendered":"https:\/\/www.moskito.cz\/produkt\/beltrame-classic-bone-bajonett-schiessmesser\/"},"modified":"2025-12-22T16:01:52","modified_gmt":"2025-12-22T15:01:52","slug":"beltrame-classic-bone-bajonett-schiessmesser","status":"publish","type":"product","link":"https:\/\/www.moskito.cz\/de\/produkt\/beltrame-classic-bone-bajonett-schiessmesser\/","title":{"rendered":"Beltrame Classic Knochen Bajonett 23 cm"},"content":{"rendered":"<div class=\"flex-1 overflow-hidden @container\/thread\">\n<div class=\"h-full\">\n<div class=\"react-scroll-to-bottom--css-quzxw-79elbk h-full\">\n<div class=\"react-scroll-to-bottom--css-quzxw-1n7m0yu\">\n<div class=\"flex flex-col text-sm\">\n<article class=\"w-full scroll-mb-[var(--thread-trailing-height,150px)] text-token-text-primary focus-visible:outline-2 focus-visible:outline-offset-[-4px]\" dir=\"auto\" data-testid=\"conversation-turn-61\" data-scroll-anchor=\"true\">\n<div class=\"m-auto text-base py-[18px] px-3 md:px-4 w-full md:px-5 lg:px-4 xl:px-5\">\n<div class=\"mx-auto flex flex-1 gap-4 text-base md:gap-5 lg:gap-6 md:max-w-3xl\">\n<div class=\"group\/conversation-turn relative flex w-full min-w-0 flex-col agent-turn\">\n<div class=\"flex-col gap-1 md:gap-3\">\n<div class=\"flex max-w-full flex-col flex-grow\">\n<div class=\"min-h-8 text-message flex w-full flex-col items-end gap-2 whitespace-normal break-words text-start [.text-message+&amp;]:mt-5\" dir=\"auto\" data-message-author-role=\"assistant\" data-message-id=\"f710b637-5037-4e50-84e6-4ac6fb6e6e91\" data-message-model-slug=\"gpt-4o-mini\">\n<div class=\"flex w-full flex-col gap-1 empty:hidden first:pt-[3px]\">\n<div class=\"markdown prose w-full break-words dark:prose-invert light\">\n<h1 data-pm-slice=\"1 1 []\">\ud83d\udde1\ufe0f <strong>Auswurfmesser Beltrame Classic Bone Bajonett 23 cm &#8211; Traditionelle Eleganz mit luxuri\u00f6ser Anmutung<\/strong><\/h1>\n<p><strong>Beltrame Classic Bone Bayonet 23 cm<\/strong> ist ein <strong>klassisches italienisches Springmesser<\/strong>, das sich durch <strong>sein elegantes Design und seine hochwertige Verarbeitung<\/strong> auszeichnet. Der Griff aus echtem Knochen verleiht dem Messer ein <strong>luxuri\u00f6ses Aussehen<\/strong>, w\u00e4hrend die <strong>Bajonettklinge aus rostfreiem Pr\u00e4zisionsstahl<\/strong> eine zuverl\u00e4ssige Leistung gew\u00e4hrleistet. <\/p>\n<h2>\u2728 <strong>Hauptmerkmale<\/strong><\/h2>\n<p>\ud83d\udd2a  <strong>Die Klinge:<\/strong> <strong>440A<\/strong> rostfreier Stahl &#8211; <strong>korrosionsbest\u00e4ndig, leicht zu sch\u00e4rfen<\/strong><br \/>\n\ud83d\udccf <strong>Klingenl\u00e4nge:<\/strong> <strong>10 cm<\/strong> &#8211; <strong>praktische und vielseitige Gr\u00f6\u00dfe<\/strong><br \/>\n\ud83d\udcd0 <strong>Gesamtl\u00e4nge:<\/strong> <strong>23 cm<\/strong> &#8211; <strong>kompakt und dennoch leicht zu handhaben<\/strong><br \/>\n\u2696\ufe0f <strong>Gewicht:<\/strong> ca. <strong>140 g<\/strong> &#8211;          <strong>Leicht und ausgewogen f\u00fcr komfortablen Gebrauch<\/strong><br \/>\n\ud83d\udd04 <strong>Mechanismus:<\/strong> Seitenknopf &#8211; <strong>schnelles und zuverl\u00e4ssiges \u00d6ffnen<\/strong><br \/>\n\ud83d\udd17 <strong>Sicherheit:<\/strong> R\u00fcckenverriegelung &#8211; <strong>sorgt f\u00fcr sicheres Tragen und Handling<\/strong><br \/>\n\ud83c\udfa8 <strong>Griff:<\/strong> echter Knochen &#8211;       <strong>luxuri\u00f6s, stark und langlebig<\/strong><\/p>\n<h2>\ud83d\udccc <strong>Verwendung<\/strong><\/h2>\n<p>\u2705  <strong>Klassisches Sammlerst\u00fcck<\/strong> &#8211; geeignet f\u00fcr Fans von traditionellen italienischen Messern<br \/>\n\u2705  <strong>Praktisches und elegantes Accessoire<\/strong> &#8211; ideal f\u00fcr das t\u00e4gliche Tragen<br \/>\n\u2705  <strong>Zuverl\u00e4ssiger Auswurfmechanismus<\/strong> &#8211; schnell und bequem in der Anwendung<\/p>\n<h2>\ud83d\udd27 <strong>Wartung und Schleifen<\/strong><\/h2>\n<p>\ud83e\uddfc <strong>Reinigung:<\/strong> Wischen Sie die Klinge nach dem Gebrauch mit einem <strong>trockenen Tuch<\/strong> ab und schmieren Sie den Mechanismus regelm\u00e4\u00dfig.<br \/>\n\ud83e\ude92 S <strong>chleifen:<\/strong> Es wird empfohlen, <strong>Keramik- oder Diamantschleifer<\/strong> zu verwenden, um die Sch\u00e4rfe zu erhalten<br \/>\n\ud83c\udf21\ufe0f <strong>Lagerung:<\/strong> in <strong>einer trockenen Umgebung<\/strong> lagern, um die Qualit\u00e4t der Materialien zu erhalten  <\/p>\n<h2>\u2705 <strong>Vorteile<\/strong><\/h2>\n<p>\u2714\ufe0f <strong>Luxuri\u00f6ser Look<\/strong> &#8211; echter Knochen verleiht dem Messer <strong>Eleganz und Einzigartigkeit<\/strong><br \/>\n\u2714\ufe0f <strong>Langlebige Klinge aus rostfreiem Stahl<\/strong> &#8211; einfache Pflege und lange Lebensdauer<br \/>\n\u2714\ufe0f <strong>Schneller und zuverl\u00e4ssiger Mechanismus<\/strong> &#8211; sofortiges \u00d6ffnen per Knopfdruck<br \/>\n\u2714\ufe0f <strong>Leichtes und kompaktes Design<\/strong> &#8211; ideal zum Tragen und Ausstellen in einer Sammlung <\/p>\n<h2>\u274c <strong>Nachteile<\/strong><\/h2>\n<p>\u2757 <strong>Rechter Knochengriff<\/strong> &#8211; kann empfindlicher auf Feuchtigkeit und St\u00f6\u00dfe reagieren<br \/>\n\u2757 <strong>Nicht f\u00fcr den harten Einsatz konzipiert<\/strong> &#8211; eher als stilvolles Messer denn als Arbeitswerkzeug geeignet<br \/>\n\u2757 <strong>Erfordert regelm\u00e4\u00dfige Wartung<\/strong> &#8211; Schmierung und Reinigung des Mechanismus f\u00fcr langfristige Funktionalit\u00e4t <\/p>\n<h2>\ud83d\udd1a <strong>Fazit<\/strong><\/h2>\n<p><strong>Das Beltrame Classic Bone Bayonet 23 cm<\/strong> ist ein <strong>au\u00dfergew\u00f6hnliches Springmesser<\/strong>, das <strong>traditionelle italienische Qualit\u00e4t mit luxuri\u00f6sen Materialien kombiniert<\/strong>. Es ist ideal f\u00fcr Sammler, Messerliebhaber und alle, die <strong>ein elegantes und stilvolles Messer mit einem historischen Touch<\/strong> suchen. <\/p>\n<p><strong>\ud83d\udce2 Bestellen Sie jetzt und f\u00fcgen Sie Ihrer Sammlung ein St\u00fcck echter italienischer Tradition hinzu!<\/strong> \ud83d\uded2<\/p>\n<\/div>\n<\/div>\n<\/div>\n<\/div>\n<\/div>\n<\/div>\n<\/div>\n<\/div>\n<\/article>\n<\/div>\n<\/div>\n<\/div>\n<\/div>\n<\/div>\n","protected":false},"excerpt":{"rendered":"<p><strong>Das Beltrame Classic Bone Bayonet 23 cm ist ein au\u00dfergew\u00f6hnliches Springmesser, das traditionelle italienische Qualit\u00e4t mit luxuri\u00f6sen Materialien kombiniert. Es ist ideal f\u00fcr Sammler, Messerliebhaber und alle, die ein elegantes und stilvolles Messer mit einem historischen Touch suchen. <\/strong><\/p>\n","protected":false},"featured_media":176147,"comment_status":"open","ping_status":"closed","template":"","meta":[],"pwb-brand":[3533],"product_brand":[],"product_cat":[3343,3285],"product_tag":[],"class_list":{"0":"post-325423","1":"product","2":"type-product","3":"status-publish","4":"has-post-thumbnail","6":"pwb-brand-beltrame-de","7":"product_cat-schiesmesser","8":"product_cat-messer","10":"first","11":"instock","12":"taxable","13":"shipping-taxable","14":"purchasable","15":"product-type-simple"},"brands":[{"id":3533,"name":"Beltrame","slug":"beltrame-de"}],"_links":{"self":[{"href":"https:\/\/www.moskito.cz\/de\/wp-json\/wp\/v2\/product\/325423","targetHints":{"allow":["GET"]}}],"collection":[{"href":"https:\/\/www.moskito.cz\/de\/wp-json\/wp\/v2\/product"}],"about":[{"href":"https:\/\/www.moskito.cz\/de\/wp-json\/wp\/v2\/types\/product"}],"replies":[{"embeddable":true,"href":"https:\/\/www.moskito.cz\/de\/wp-json\/wp\/v2\/comments?post=325423"}],"wp:featuredmedia":[{"embeddable":true,"href":"https:\/\/www.moskito.cz\/de\/wp-json\/wp\/v2\/media\/176147"}],"wp:attachment":[{"href":"https:\/\/www.moskito.cz\/de\/wp-json\/wp\/v2\/media?parent=325423"}],"wp:term":[{"taxonomy":"pwb-brand","embeddable":true,"href":"https:\/\/www.moskito.cz\/de\/wp-json\/wp\/v2\/pwb-brand?post=325423"},{"taxonomy":"product_brand","embeddable":true,"href":"https:\/\/www.moskito.cz\/de\/wp-json\/wp\/v2\/product_brand?post=325423"},{"taxonomy":"product_cat","embeddable":true,"href":"https:\/\/www.moskito.cz\/de\/wp-json\/wp\/v2\/product_cat?post=325423"},{"taxonomy":"product_tag","embeddable":true,"href":"https:\/\/www.moskito.cz\/de\/wp-json\/wp\/v2\/product_tag?post=325423"}],"curies":[{"name":"wp","href":"https:\/\/api.w.org\/{rel}","templated":true}]}}