{"id":325427,"date":"2020-10-09T17:12:13","date_gmt":"2020-10-09T16:12:13","guid":{"rendered":"https:\/\/www.moskito.cz\/produkt\/beltrame-stiletto-pearl-bajonett-schiessmesser\/"},"modified":"2025-07-11T07:52:46","modified_gmt":"2025-07-11T06:52:46","slug":"beltrame-stiletto-pearl-bajonett-schiessmesser","status":"publish","type":"product","link":"https:\/\/www.moskito.cz\/de\/produkt\/beltrame-stiletto-pearl-bajonett-schiessmesser\/","title":{"rendered":"Beltrame Stiletto Pearl Bajonett-Schie\u00dfmesser"},"content":{"rendered":"<p><strong>Beltrame<\/strong> Stiletto Pearl Bajonett-Schie\u00dfmesser.<br \/>\nSeitenschie\u00dfmesser mit Sicherung am Griff. Der Stiel besteht aus wei\u00dfem Perlmutt, die Klinge aus Stahl 420 (H\u00e4rte 54 bis 56 HRC). L\u00e4nge im ge\u00f6ffneten Zustand 23 cm. Die L\u00e4nge der Klinge betr\u00e4gt 9,8 cm.<\/p>\n<p><strong>Beltrame-<\/strong> Messer werden seit 1953 in Italien hergestellt. Das Unternehmen wurde von Frank Beltram gegr\u00fcndet. Das Geheimnis der Herstellung dieser Stiletto-Messer ist Teil der Geschichte von Maniago, die vom Vater an den Sohn weitergegeben wurde. Als kleiner Junge half Frank in der Fabrik seines Vaters, wo er sp\u00e4ter als Lehrling seines Vaters zu arbeiten begann. Dar\u00fcber hinaus besuchte er eine Schule f\u00fcr traditionelles Besteck, wo er alles \u00fcber verschiedene Materialien, neueste Verarbeitungstechnologien und verschiedene Designstile lernte. Im Jahr 1958 begannen Frank und seine Familie mit der Herstellung automatischer Messer. Ein Jahr nachdem Franks Vater w\u00e4hrend seiner Arbeit in der Fabrik an einem Herzinfarkt starb, gr\u00fcndete Frank die Firma <strong>Beltrame<\/strong> . In den folgenden Jahren besch\u00e4ftigte er sich weiterhin mit Messern, geeigneten Materialien und Design. Schon nach kurzer Zeit kamen billige Nachahmungen aus Taiwan auf den Markt, traditionelle italienische Stiletto-Messer. Also musste sich Frank einem neuen Problem stellen. Gl\u00fccklicherweise spricht die Qualit\u00e4t dieser g\u00fcnstigen Messer f\u00fcr sich, jeder Sammler wei\u00df, dass es keine M\u00f6glichkeit gibt, sie mit einem echten Beltrame-Dolch zu vergleichen. Beltrame-Messer haben dank Franks Leidenschaft f\u00fcr diese Messer die Anerkennung der anspruchsvollsten Kunden der Welt gewonnen. Bei der Herstellung von Messern nutzt er seine langj\u00e4hrige Erfahrung, die er schon in jungen Jahren erworben hat. Im Jahr 2005 erhielten Beltrame-Messer das Maniago-Qualit\u00e4tszertifikat, mit dem sie die europ\u00e4ischen Qualit\u00e4tsstandards \u00fcbertrafen. Das bedeutet, dass diese Messer jedes Jahr auf ihre Materialqualit\u00e4t gepr\u00fcft werden.<\/p>\n<p>Zum Entriegeln der Klinge dient der drehbare Kropf aus Edelstahl oder Neusilber, ebenfalls aus Edelstahl AISI 420 rostfrei MA5M HRC 56. Das \u00d6ffnen erfolgt \u00fcber den Knopf in der Mitte des Griffs.<\/p>\n<p>Beschreibung<br \/>\nZum Entriegeln der Klinge dient der drehbare Kropf aus Edelstahl oder Neusilber, ebenfalls aus Edelstahl AISI 420 rostfrei MA5M HRC 56. Das \u00d6ffnen erfolgt \u00fcber den Knopf in der Mitte des Griffs.<br \/>\nDie Griffe k\u00f6nnen aus farbigem Kunststoff in den Farben Wei\u00df, Schwarz, Rot, Blau und Gr\u00fcn, dunklem Horn, blondem Horn und brasilianischem Horn, Palisander, Cocobolo, Olivenholz, Schlangenholz, Hirschhorn, Knochen, Abalone und Perlmutt gefertigt sein.<br \/>\nDie Liner bestehen aus Messing und die Feder besteht aus Edelstahl. Die Montage und Faltung erfolgt manuell durch <strong>Frank Beltrame<\/strong> , niemals durch eine Maschine.<br \/>\nDie Nieten an den Griffen sind aus Messing<br \/>\nDas Classic-Modell wird vollst\u00e4ndig von Hand mit Pr\u00e4zision und Genauigkeit zusammengebaut und verf\u00fcgt \u00fcber ein handgefertigtes Finish.<\/p>\n","protected":false},"excerpt":{"rendered":"<p><strong>Beltrame-<\/strong> Messer werden seit 1953 in Italien hergestellt. Das Unternehmen wurde von Frank Beltram gegr\u00fcndet. Das Geheimnis der Herstellung dieser Stiletto-Messer ist Teil der Geschichte von Maniago, die vom Vater an den Sohn weitergegeben wurde.<br \/>\n<strong>Hergestellt in Italien.<\/strong><\/p>\n","protected":false},"featured_media":176132,"comment_status":"open","ping_status":"closed","template":"","meta":[],"pwb-brand":[3533],"product_brand":[],"product_cat":[3343,3285],"product_tag":[],"class_list":{"0":"post-325427","1":"product","2":"type-product","3":"status-publish","4":"has-post-thumbnail","6":"pwb-brand-beltrame-de","7":"product_cat-schiesmesser","8":"product_cat-messer","10":"first","11":"instock","12":"taxable","13":"shipping-taxable","14":"purchasable","15":"product-type-simple"},"brands":[{"id":3533,"name":"Beltrame","slug":"beltrame-de"}],"_links":{"self":[{"href":"https:\/\/www.moskito.cz\/de\/wp-json\/wp\/v2\/product\/325427","targetHints":{"allow":["GET"]}}],"collection":[{"href":"https:\/\/www.moskito.cz\/de\/wp-json\/wp\/v2\/product"}],"about":[{"href":"https:\/\/www.moskito.cz\/de\/wp-json\/wp\/v2\/types\/product"}],"replies":[{"embeddable":true,"href":"https:\/\/www.moskito.cz\/de\/wp-json\/wp\/v2\/comments?post=325427"}],"wp:featuredmedia":[{"embeddable":true,"href":"https:\/\/www.moskito.cz\/de\/wp-json\/wp\/v2\/media\/176132"}],"wp:attachment":[{"href":"https:\/\/www.moskito.cz\/de\/wp-json\/wp\/v2\/media?parent=325427"}],"wp:term":[{"taxonomy":"pwb-brand","embeddable":true,"href":"https:\/\/www.moskito.cz\/de\/wp-json\/wp\/v2\/pwb-brand?post=325427"},{"taxonomy":"product_brand","embeddable":true,"href":"https:\/\/www.moskito.cz\/de\/wp-json\/wp\/v2\/product_brand?post=325427"},{"taxonomy":"product_cat","embeddable":true,"href":"https:\/\/www.moskito.cz\/de\/wp-json\/wp\/v2\/product_cat?post=325427"},{"taxonomy":"product_tag","embeddable":true,"href":"https:\/\/www.moskito.cz\/de\/wp-json\/wp\/v2\/product_tag?post=325427"}],"curies":[{"name":"wp","href":"https:\/\/api.w.org\/{rel}","templated":true}]}}