{"id":325484,"date":"2023-09-28T16:00:03","date_gmt":"2024-04-05T09:25:12","guid":{"rendered":"https:\/\/www.moskito.cz\/produkt\/schliessmesser-crkt-zuendgeraet-unterstuetzt-6885\/"},"modified":"2025-05-07T11:08:22","modified_gmt":"2025-05-07T10:08:22","slug":"schliessmesser-crkt-zuendgeraet-unterstuetzt-6885","status":"publish","type":"product","link":"https:\/\/www.moskito.cz\/de\/produkt\/schliessmesser-crkt-zuendgeraet-unterstuetzt-6885\/","title":{"rendered":"Schlie\u00dfmesser CRKT Z\u00fcndger\u00e4t unterst\u00fctzt 6885"},"content":{"rendered":"<p>Schlie\u00dfmesser <strong>CRKT<\/strong> Z\u00fcndger\u00e4t unterst\u00fctzt 6885<\/p>\n<p>Die perfekte Kombination aus Form und Funktion.<\/p>\n<p>Der Ignitor\u2122 ist auf dem gleichen schlanken Rahmen wie die Standardversion aufgebaut, mit einem tiefen Fingergef\u00fchl und einem beruhigenden Kopf, der sich wie zu Hause in der Hand anf\u00fchlt. Aber die neue Iteration bietet noch mehr Vielseitigkeit. Es verwendet weiterhin die Schnell\u00f6ffnungshilfe, glatte IKBS-Lager und leicht zu sch\u00e4rfenden Kohlenstoffstahl, aber die 3,5-Zoll-Drop-Point-Klinge ist jetzt korrosionsbest\u00e4ndig beschichtet und verf\u00fcgt \u00fcber Veff Serrations\u2122 zum Durchschneiden von Seilen und anderen Fasern. Material.<\/p>\n<p>Unterst\u00fctztes \u00d6ffnen: Flipper entfaltet die Klinge schnell<br \/>\nExtrem scharf: Veff Serrations\u2122 bieten eine hervorragende Schneidleistung f\u00fcr Seile und Gurtb\u00e4nder<br \/>\nEinfaches Sch\u00e4rfen: Die Klinge aus rostfreiem Kohlenstoffstahl h\u00e4lt die Schneide gut<br \/>\nSanftes \u00d6ffnen: Der IKBS\u2122-Kugellagerstift entfaltet die Klinge sanft<br \/>\nVerbesserter Schutz: Schwarze Beschichtung verbessert die Korrosionsbest\u00e4ndigkeit<br \/>\nAu\u00dfergew\u00f6hnlicher Halt: Der G10-Griff bietet au\u00dfergew\u00f6hnlichen Halt unter allen Bedingungen<\/p>\n<p>Klingendetails<\/p>\n<p>Klinge aus 8Cr13MoV-Stahl<br \/>\nKlingenkante Veff Serrations\u2122<br \/>\nOxidoberfl\u00e4chenbehandlung der Klinge<\/p>\n<p>Klingenl\u00e4nge: 8,82 cm<br \/>\nKlingenst\u00e4rke: 0,26 cm<br \/>\nGesamtl\u00e4nge: 19,52 cm<br \/>\nL\u00e4nge geschlossen: 10,82 cm<br \/>\nGewicht: 102,06 g<\/p>\n<p>Griffmaterial G10<br \/>\nStilvolles Klappmesser mit Liner Lock-Unterst\u00fctzung<\/p>\n<p>&nbsp;<\/p>\n","protected":false},"excerpt":{"rendered":"<p><strong>DesignerKen SteigerwaltOrangeville, Pennsylvania.<\/strong><\/p>\n<p><strong>Wenn Ken seit seiner Kindheit ein Messer brauchte, baute er einfach eines. Sein erstes Modell wurde aus einem S\u00e4geblatt am K\u00fcchentisch mit Schraubstock, Feilen und Schleifpapier gefertigt. Unn\u00f6tig zu erw\u00e4hnen, dass er sich vorgenommen hat, noch bessere Messer zu entwickeln, die ihm in sieben aufeinanderfolgenden Jahren elf Blade Show-Auszeichnungen eingebracht haben, darunter zwei Auszeichnungen f\u00fcr das beste Faltbrett und eine f\u00fcr das beste Faltbrett des Jahres. Er arbeitete auch am Design der patentierten Sicherheitsinnovation Fire Safe\u00ae mit, die bei vielen CRKT\u00ae-S\u00e4gebl\u00e4ttern zum Einsatz kommt.<\/strong><\/p>\n<p>&nbsp;<\/p>\n","protected":false},"featured_media":325485,"comment_status":"open","ping_status":"closed","template":"","meta":[],"pwb-brand":[3457],"product_brand":[],"product_cat":[3303,3285],"product_tag":[3669],"class_list":{"0":"post-325484","1":"product","2":"type-product","3":"status-publish","4":"has-post-thumbnail","6":"pwb-brand-crkt-de","7":"product_cat-schliesmesser","8":"product_cat-messer","9":"product_tag-b2b-de","11":"first","12":"instock","13":"taxable","14":"shipping-taxable","15":"purchasable","16":"product-type-simple"},"brands":[{"id":3457,"name":"CRKT","slug":"crkt-de"}],"_links":{"self":[{"href":"https:\/\/www.moskito.cz\/de\/wp-json\/wp\/v2\/product\/325484","targetHints":{"allow":["GET"]}}],"collection":[{"href":"https:\/\/www.moskito.cz\/de\/wp-json\/wp\/v2\/product"}],"about":[{"href":"https:\/\/www.moskito.cz\/de\/wp-json\/wp\/v2\/types\/product"}],"replies":[{"embeddable":true,"href":"https:\/\/www.moskito.cz\/de\/wp-json\/wp\/v2\/comments?post=325484"}],"wp:featuredmedia":[{"embeddable":true,"href":"https:\/\/www.moskito.cz\/de\/wp-json\/wp\/v2\/media\/325485"}],"wp:attachment":[{"href":"https:\/\/www.moskito.cz\/de\/wp-json\/wp\/v2\/media?parent=325484"}],"wp:term":[{"taxonomy":"pwb-brand","embeddable":true,"href":"https:\/\/www.moskito.cz\/de\/wp-json\/wp\/v2\/pwb-brand?post=325484"},{"taxonomy":"product_brand","embeddable":true,"href":"https:\/\/www.moskito.cz\/de\/wp-json\/wp\/v2\/product_brand?post=325484"},{"taxonomy":"product_cat","embeddable":true,"href":"https:\/\/www.moskito.cz\/de\/wp-json\/wp\/v2\/product_cat?post=325484"},{"taxonomy":"product_tag","embeddable":true,"href":"https:\/\/www.moskito.cz\/de\/wp-json\/wp\/v2\/product_tag?post=325484"}],"curies":[{"name":"wp","href":"https:\/\/api.w.org\/{rel}","templated":true}]}}