{"id":325648,"date":"2023-10-03T16:17:41","date_gmt":"2024-04-05T09:42:46","guid":{"rendered":"https:\/\/www.moskito.cz\/produkt\/schliessmesser-crkt-kalbi-7540\/"},"modified":"2025-05-07T11:08:28","modified_gmt":"2025-05-07T10:08:28","slug":"schliessmesser-crkt-kalbi-7540","status":"publish","type":"product","link":"https:\/\/www.moskito.cz\/de\/produkt\/schliessmesser-crkt-kalbi-7540\/","title":{"rendered":"Schlie\u00dfmesser CRKT Kalbi 7540"},"content":{"rendered":"<p>Schlie\u00dfmesser <strong>CRKT<\/strong> Kalbi 7540<\/p>\n<p>Allt\u00e4gliche Entwicklung.<\/p>\n<p>Als Mitglied der Crossbones-Familie ist das Kalbi ein vielseitiges Alltagsmesser, das f\u00fcr eine bessere Schnitthaltigkeit mit einer japanischen Acuto 440-Klinge aufger\u00fcstet wurde. Das praktische und elegante Crossbones-Design kehrt zur\u00fcck, jetzt mit einem unverwechselbaren blauen Aluminiumgriff, der dieses Messer zu etwas Besonderem macht.<\/p>\n<p>Verbesserte Leistung: Der Acuto 440 h\u00e4lt die Nase gut<br \/>\nSanftes \u00d6ffnen: Der IKBS\u2122-Kugellagerstift entfaltet die Klinge sanft<br \/>\nStark und leicht: Der Aluminiumgriff vereint Stabilit\u00e4t mit minimalem Gewicht<br \/>\nEinfach zu schlie\u00dfen: Der Einsteckverschluss l\u00e4sst sich ganz einfach mit einer Hand schlie\u00dfen<br \/>\nNiedriges Profil: Taschenclip sorgt f\u00fcr sicheren Tragekomfort<br \/>\nZubeh\u00f6roptionen: Lanyard-Loch f\u00fcr Schl\u00fcsselring oder Anh\u00e4nger<\/p>\n<p>Klinge aus Acuto 440-Stahl<br \/>\nKlingenkante glatt<br \/>\nSatiniertes Klingenfinish<\/p>\n<p>Klingenl\u00e4nge: 8,33 cm<br \/>\nKlingenst\u00e4rke: 0,26 cm<br \/>\nGesamtl\u00e4nge: 18,57 cm<br \/>\nL\u00e4nge geschlossen: 10,21 cm<br \/>\nGewicht: 56,70 g<\/p>\n<p>Griffmaterial Aluminium<br \/>\nStylisches Klappmesser mit Liner Lock<\/p>\n<p><iframe title=\"CRKT Kalbi | Jeff Park Design\" width=\"800\" height=\"450\" src=\"https:\/\/www.youtube.com\/embed\/rBeyUWLRsMA?feature=oembed\" frameborder=\"0\" allow=\"accelerometer; autoplay; clipboard-write; encrypted-media; gyroscope; picture-in-picture; web-share\" referrerpolicy=\"strict-origin-when-cross-origin\" allowfullscreen><\/iframe><\/p>\n<p>&nbsp;<\/p>\n<p>&nbsp;<\/p>\n<p>&nbsp;<\/p>\n","protected":false},"excerpt":{"rendered":"<p><strong>DesignerJeff Park Mililani, Hawaii<\/strong><\/p>\n<p><strong>An einem schicksalhaften Tag im Jahr 2005 betrat er Ken Onions Laden in Kaneohe, Hawaii und verlie\u00df ihn nicht mehr. Nun, das stimmt nicht ganz, aber er hat einen Weltklasse-Messermacher auf jeden Fall beeindruckt und dabei das eine oder andere gelernt. Jeff Park ist ein detailorientierter Mensch und damit meinen wir einen absoluten Perfektionisten, was sich in seinen einfachen, aber makellosen Designs zeigt. Er ist im grundlegendsten Sinne ein K\u00fcnstler: Die Form folgt der Funktion, und seine Messer spiegeln ein bemerkenswertes Verst\u00e4ndnis f\u00fcr beides wider.<\/strong><\/p>\n<p>&nbsp;<\/p>\n","protected":false},"featured_media":325649,"comment_status":"open","ping_status":"closed","template":"","meta":[],"pwb-brand":[3457],"product_brand":[],"product_cat":[3303,3285],"product_tag":[3669],"class_list":{"0":"post-325648","1":"product","2":"type-product","3":"status-publish","4":"has-post-thumbnail","6":"pwb-brand-crkt-de","7":"product_cat-schliesmesser","8":"product_cat-messer","9":"product_tag-b2b-de","11":"first","12":"instock","13":"taxable","14":"shipping-taxable","15":"purchasable","16":"product-type-simple"},"brands":[{"id":3457,"name":"CRKT","slug":"crkt-de"}],"_links":{"self":[{"href":"https:\/\/www.moskito.cz\/de\/wp-json\/wp\/v2\/product\/325648","targetHints":{"allow":["GET"]}}],"collection":[{"href":"https:\/\/www.moskito.cz\/de\/wp-json\/wp\/v2\/product"}],"about":[{"href":"https:\/\/www.moskito.cz\/de\/wp-json\/wp\/v2\/types\/product"}],"replies":[{"embeddable":true,"href":"https:\/\/www.moskito.cz\/de\/wp-json\/wp\/v2\/comments?post=325648"}],"wp:featuredmedia":[{"embeddable":true,"href":"https:\/\/www.moskito.cz\/de\/wp-json\/wp\/v2\/media\/325649"}],"wp:attachment":[{"href":"https:\/\/www.moskito.cz\/de\/wp-json\/wp\/v2\/media?parent=325648"}],"wp:term":[{"taxonomy":"pwb-brand","embeddable":true,"href":"https:\/\/www.moskito.cz\/de\/wp-json\/wp\/v2\/pwb-brand?post=325648"},{"taxonomy":"product_brand","embeddable":true,"href":"https:\/\/www.moskito.cz\/de\/wp-json\/wp\/v2\/product_brand?post=325648"},{"taxonomy":"product_cat","embeddable":true,"href":"https:\/\/www.moskito.cz\/de\/wp-json\/wp\/v2\/product_cat?post=325648"},{"taxonomy":"product_tag","embeddable":true,"href":"https:\/\/www.moskito.cz\/de\/wp-json\/wp\/v2\/product_tag?post=325648"}],"curies":[{"name":"wp","href":"https:\/\/api.w.org\/{rel}","templated":true}]}}