{"id":325665,"date":"2022-09-08T21:22:49","date_gmt":"2024-04-05T09:42:50","guid":{"rendered":"https:\/\/www.moskito.cz\/produkt\/verschlussmesser-crkt-tuna-2520\/"},"modified":"2025-05-07T11:08:29","modified_gmt":"2025-05-07T10:08:29","slug":"verschlussmesser-crkt-tuna-2520","status":"publish","type":"product","link":"https:\/\/www.moskito.cz\/de\/produkt\/verschlussmesser-crkt-tuna-2520\/","title":{"rendered":"Verschlussmesser CRKT TUNA 2520"},"content":{"rendered":"<div class=\"flex-1 overflow-hidden @container\/thread\">\n<div class=\"h-full\">\n<div class=\"react-scroll-to-bottom--css-vxybp-79elbk h-full\">\n<div class=\"react-scroll-to-bottom--css-vxybp-1n7m0yu\">\n<div class=\"flex flex-col text-sm\">\n<article class=\"w-full scroll-mb-[var(--thread-trailing-height,150px)] text-token-text-primary focus-visible:outline-2 focus-visible:outline-offset-[-4px]\" dir=\"auto\" data-testid=\"conversation-turn-161\" data-scroll-anchor=\"true\">\n<div class=\"m-auto text-base py-[18px] px-3 md:px-4 w-full md:px-5 lg:px-4 xl:px-5\">\n<div class=\"mx-auto flex flex-1 gap-4 text-base md:gap-5 lg:gap-6 md:max-w-3xl\">\n<div class=\"group\/conversation-turn relative flex w-full min-w-0 flex-col agent-turn\">\n<div class=\"flex-col gap-1 md:gap-3\">\n<div class=\"flex max-w-full flex-col flex-grow\">\n<div class=\"min-h-8 text-message flex w-full flex-col items-end gap-2 whitespace-normal break-words text-start [.text-message+&amp;]:mt-5\" dir=\"auto\" data-message-author-role=\"assistant\" data-message-id=\"e43aa1d9-bf93-4e77-bebd-c49e91292557\" data-message-model-slug=\"gpt-4o-mini\">\n<div class=\"flex w-full flex-col gap-1 empty:hidden first:pt-[3px]\">\n<div class=\"markdown prose w-full break-words dark:prose-invert light\">\n<p><strong>Das Klappmesser CRKT TUNA 2520<\/strong> vereint <strong>au\u00dfergew\u00f6hnliche Leistung<\/strong> , <strong>St\u00e4rke<\/strong> und <strong>stilvolles Design<\/strong> . Mit seiner <strong>starken Klinge<\/strong> , <strong>dem ergonomischen Griff<\/strong> und <strong>der einfachen \u00d6ffnung<\/strong> ist dieses Messer ideal f\u00fcr den allt\u00e4glichen Gebrauch (EDC) sowie f\u00fcr anspruchsvollere Aufgaben. <\/p>\n<h3>Hauptmerkmale und Vorteile:<\/h3>\n<ol>\n<li><strong>Leistungsstarke Klinge<\/strong> :\n<ul>\n<li><strong>Klingenl\u00e4nge<\/strong> : 81,81 mm (3,22 Zoll) \u2013 Optimale Gr\u00f6\u00dfe f\u00fcr allt\u00e4gliche Aufgaben wie das Schneiden von Verpackungen, Karton oder Seil.<\/li>\n<li><strong>Stahl<\/strong> : <strong>8Cr14MoV<\/strong> \u2013 Dieses Material ist f\u00fcr seine <strong>Verschlei\u00dffestigkeit<\/strong> und <strong>gute Sch\u00e4rfebest\u00e4ndigkeit<\/strong> bekannt. Dar\u00fcber hinaus ist es <strong>korrosionsbest\u00e4ndig<\/strong> und somit ideal f\u00fcr den t\u00e4glichen Gebrauch. <\/li>\n<li><strong>Oberfl\u00e4chenbeschaffenheit<\/strong> : <strong>Stonewash<\/strong> \u2013 mattes Erscheinungsbild mit sehr geringer Kratzersichtbarkeit und einfacher Pflege.<\/li>\n<\/ul>\n<\/li>\n<li><strong>Schnelles \u00d6ffnen<\/strong> :\n<ul>\n<li><strong>Der Daumenknopf<\/strong> erm\u00f6glicht ein <strong>schnelles und einfaches \u00d6ffnen mit einer Hand<\/strong> . Diese Funktion erm\u00f6glicht Ihnen, das Messer mit einer einzigen Bewegung zu \u00f6ffnen, was die Effizienz erh\u00f6ht, wenn Sie nur eine Hand frei haben. <\/li>\n<\/ul>\n<\/li>\n<li><strong>Robustes Rahmenschloss<\/strong> :\n<ul>\n<li><strong>Der Framelock<\/strong> mit <strong>starkem Bolzen<\/strong> sorgt f\u00fcr <strong>eine unglaubliche Klingenstabilit\u00e4t<\/strong> w\u00e4hrend des Gebrauchs. Dieses Schloss ist sehr zuverl\u00e4ssig und sicher und daher ideal f\u00fcr <strong>anspruchsvolle Aufgaben<\/strong> . <\/li>\n<\/ul>\n<\/li>\n<li><strong>Ergonomischer Griff<\/strong> :\n<ul>\n<li><strong>Der Griff<\/strong> besteht aus <strong>G10<\/strong> und <strong>Edelstahl<\/strong> , was auch unter schwierigen Bedingungen (nasse oder rutschige Umgebungen) <strong>einen hohen Grip<\/strong> gew\u00e4hrleistet.<\/li>\n<li><strong>G10<\/strong> bietet einen komfortablen und sicheren Griff, der auch bei intensiver Nutzung stabil bleibt.<\/li>\n<\/ul>\n<\/li>\n<li><strong>Kompaktes und praktisches Design<\/strong> :\n<ul>\n<li><strong>Gesamtl\u00e4nge<\/strong> : 195,28 mm (7,69 Zoll) \u2013 Kompakte Gr\u00f6\u00dfe, die f\u00fcr die meisten Aufgaben gro\u00df genug ist und dennoch problemlos in eine Tasche passt.<\/li>\n<li><strong>L\u00e4nge geschlossen<\/strong> : 113,92 mm (4,49 Zoll) \u2013 Das Messer eignet sich hervorragend f\u00fcr den t\u00e4glichen Gebrauch. Es ist klein genug, um beim Tragen nicht im Weg zu sein, bietet aber dennoch viel Kraft und St\u00e4rke.<\/li>\n<li><strong>Gewicht<\/strong> : 104,89 g (3,70 oz) \u2013 Mit diesem Gewicht ist das Messer <strong>robust genug<\/strong> f\u00fcr die Arbeit, aber leicht genug, um es den ganzen Tag bequem zu tragen.<\/li>\n<\/ul>\n<\/li>\n<\/ol>\n<h3>Spezifikationen:<\/h3>\n<ul>\n<li><strong>Klingenl\u00e4nge<\/strong> : 81,81 mm (3,22 Zoll)<\/li>\n<li><strong>Klingenkante<\/strong> : Glatt<\/li>\n<li><strong>Klingenmaterial<\/strong> : 8Cr14MoV-Stahl<\/li>\n<li><strong>Oberfl\u00e4chenbehandlung der Klinge<\/strong> : Stonewash<\/li>\n<li><strong>Klingenst\u00e4rke<\/strong> : 3,68 mm (0,15 Zoll)<\/li>\n<li><strong>Gesamtl\u00e4nge<\/strong> : 195,28 mm (7,69 Zoll)<\/li>\n<li><strong>Geschlossene L\u00e4nge<\/strong> : 113,92 mm (4,49 Zoll)<\/li>\n<li><strong>Gewicht<\/strong> : 104,89 g (3,70 oz)<\/li>\n<li><strong>Griff<\/strong> : G10 | Edelstahl<\/li>\n<li><strong>Mechanismus<\/strong> : Klappmesser mit Framelock<\/li>\n<\/ul>\n<h3>Geeignete Verwendung:<\/h3>\n<ul>\n<li><strong>Everyday Carry (EDC)<\/strong> : <strong>Schnelles \u00d6ffnen<\/strong> und <strong>Haltbarkeit<\/strong> machen es ideal f\u00fcr g\u00e4ngige Aufgaben wie Schneiden, \u00d6ffnen von Paketen oder Durchschneiden von Seilen.<\/li>\n<li><strong>Outdoor und Abenteuer<\/strong> : <strong>Der G10-Griff<\/strong> bietet <strong>hervorragenden Halt<\/strong> unter harten Bedingungen und <strong>die langlebige Klinge<\/strong> bew\u00e4ltigt anspruchsvollere Aufgaben wie Holzbearbeitung oder Lebensmittelzubereitung.<\/li>\n<li><strong>Taktischer Einsatz<\/strong> : <strong>Durch die Rahmenverriegelung<\/strong> und <strong>die robuste Klinge<\/strong> ist dieses Messer f\u00fcr taktische oder Selbstverteidigungsszenarien geeignet.<\/li>\n<\/ul>\n<h3>Zusammenfassung:<\/h3>\n<p><strong>Das CRKT Tuna 2520<\/strong> ist ein hochfunktionelles und <strong>elegantes Klappmesser<\/strong> , das <strong>tolle Eigenschaften<\/strong> f\u00fcr den t\u00e4glichen Gebrauch mit <strong>hoher Leistung<\/strong> und <strong>Haltbarkeit<\/strong> kombiniert. Mit <strong>einem G10-Griff<\/strong> , <strong>Framelock<\/strong> , <strong>einfacher \u00d6ffnung<\/strong> und <strong>robuster Klinge<\/strong> ist es das ideale Werkzeug f\u00fcr alle, die ein <strong>zuverl\u00e4ssiges<\/strong> und <strong>vielseitiges Messer<\/strong> f\u00fcr allt\u00e4gliche Aufgaben oder Outdoor-Aktivit\u00e4ten suchen. <\/p>\n<\/div>\n<\/div>\n<\/div>\n<\/div>\n<div class=\"mb-2 flex gap-3 empty:hidden -ml-2\">\n<div class=\"items-center justify-start rounded-xl p-1 flex\">\n<div class=\"flex items-center\"><\/div>\n<\/div>\n<\/div>\n<\/div>\n<\/div>\n<\/div>\n<\/div>\n<\/article>\n<\/div>\n<\/div>\n<\/div>\n<\/div>\n<\/div>\n<div class=\"md:pt-0 dark:border-white\/20 md:border-transparent md:dark:border-transparent w-full\">\n<div>\n<div class=\"m-auto text-base px-3 md:px-4 w-full md:px-5 lg:px-4 xl:px-5\">\n<div class=\"mx-auto flex flex-1 gap-4 text-base md:gap-5 lg:gap-6 md:max-w-3xl\">\n<div class=\"flex justify-center\"><\/div>\n<\/div>\n<\/div>\n<\/div>\n<\/div>\n","protected":false},"excerpt":{"rendered":"<div class=\"flex-1 overflow-hidden @container\/thread\">\n<div class=\"h-full\">\n<div class=\"react-scroll-to-bottom--css-vxybp-79elbk h-full\">\n<div class=\"react-scroll-to-bottom--css-vxybp-1n7m0yu\">\n<div class=\"flex flex-col text-sm\">\n<article class=\"w-full scroll-mb-[var(--thread-trailing-height,150px)] text-token-text-primary focus-visible:outline-2 focus-visible:outline-offset-[-4px]\" dir=\"auto\" data-testid=\"conversation-turn-161\" data-scroll-anchor=\"true\">\n<div class=\"m-auto text-base py-[18px] px-3 md:px-4 w-full md:px-5 lg:px-4 xl:px-5\">\n<div class=\"mx-auto flex flex-1 gap-4 text-base md:gap-5 lg:gap-6 md:max-w-3xl\">\n<div class=\"group\/conversation-turn relative flex w-full min-w-0 flex-col agent-turn\">\n<div class=\"flex-col gap-1 md:gap-3\">\n<div class=\"flex max-w-full flex-col flex-grow\">\n<div class=\"min-h-8 text-message flex w-full flex-col items-end gap-2 whitespace-normal break-words text-start [.text-message+&amp;]:mt-5\" dir=\"auto\" data-message-author-role=\"assistant\" data-message-id=\"e43aa1d9-bf93-4e77-bebd-c49e91292557\" data-message-model-slug=\"gpt-4o-mini\">\n<div class=\"flex w-full flex-col gap-1 empty:hidden first:pt-[3px]\">\n<div class=\"markdown prose w-full break-words dark:prose-invert light\">\n<p><strong>Das CRKT Tuna 2520 ist ein hochfunktionelles und elegantes Klappmesser, das tolle Eigenschaften f\u00fcr den t\u00e4glichen Gebrauch mit hoher Leistung und Haltbarkeit verbindet. Mit einem G10-Griff, Framelock, einfacher \u00d6ffnung und robuster Klinge ist es das ideale Werkzeug f\u00fcr alle, die ein zuverl\u00e4ssiges und vielseitiges Messer f\u00fcr allt\u00e4gliche Aufgaben oder Outdoor-Aktivit\u00e4ten suchen. <\/strong><\/p>\n<\/div>\n<\/div>\n<\/div>\n<\/div>\n<div class=\"mb-2 flex gap-3 empty:hidden -ml-2\">\n<div class=\"items-center justify-start rounded-xl p-1 flex\">\n<div class=\"flex items-center\"><\/div>\n<\/div>\n<\/div>\n<\/div>\n<\/div>\n<\/div>\n<\/div>\n<\/article>\n<\/div>\n<\/div>\n<\/div>\n<\/div>\n<\/div>\n<div class=\"md:pt-0 dark:border-white\/20 md:border-transparent md:dark:border-transparent w-full\">\n<div>\n<div class=\"m-auto text-base px-3 md:px-4 w-full md:px-5 lg:px-4 xl:px-5\">\n<div class=\"mx-auto flex flex-1 gap-4 text-base md:gap-5 lg:gap-6 md:max-w-3xl\">\n<div class=\"flex justify-center\"><\/div>\n<\/div>\n<\/div>\n<\/div>\n<\/div>\n","protected":false},"featured_media":325667,"comment_status":"open","ping_status":"closed","template":"","meta":[],"pwb-brand":[3457],"product_brand":[],"product_cat":[3303,3285],"product_tag":[3669],"class_list":{"0":"post-325665","1":"product","2":"type-product","3":"status-publish","4":"has-post-thumbnail","6":"pwb-brand-crkt-de","7":"product_cat-schliesmesser","8":"product_cat-messer","9":"product_tag-b2b-de","11":"first","12":"instock","13":"sale","14":"taxable","15":"shipping-taxable","16":"purchasable","17":"product-type-simple"},"brands":[{"id":3457,"name":"CRKT","slug":"crkt-de"}],"_links":{"self":[{"href":"https:\/\/www.moskito.cz\/de\/wp-json\/wp\/v2\/product\/325665","targetHints":{"allow":["GET"]}}],"collection":[{"href":"https:\/\/www.moskito.cz\/de\/wp-json\/wp\/v2\/product"}],"about":[{"href":"https:\/\/www.moskito.cz\/de\/wp-json\/wp\/v2\/types\/product"}],"replies":[{"embeddable":true,"href":"https:\/\/www.moskito.cz\/de\/wp-json\/wp\/v2\/comments?post=325665"}],"wp:featuredmedia":[{"embeddable":true,"href":"https:\/\/www.moskito.cz\/de\/wp-json\/wp\/v2\/media\/325667"}],"wp:attachment":[{"href":"https:\/\/www.moskito.cz\/de\/wp-json\/wp\/v2\/media?parent=325665"}],"wp:term":[{"taxonomy":"pwb-brand","embeddable":true,"href":"https:\/\/www.moskito.cz\/de\/wp-json\/wp\/v2\/pwb-brand?post=325665"},{"taxonomy":"product_brand","embeddable":true,"href":"https:\/\/www.moskito.cz\/de\/wp-json\/wp\/v2\/product_brand?post=325665"},{"taxonomy":"product_cat","embeddable":true,"href":"https:\/\/www.moskito.cz\/de\/wp-json\/wp\/v2\/product_cat?post=325665"},{"taxonomy":"product_tag","embeddable":true,"href":"https:\/\/www.moskito.cz\/de\/wp-json\/wp\/v2\/product_tag?post=325665"}],"curies":[{"name":"wp","href":"https:\/\/api.w.org\/{rel}","templated":true}]}}