{"id":325802,"date":"2022-08-19T21:32:42","date_gmt":"2024-04-05T09:54:34","guid":{"rendered":"https:\/\/www.moskito.cz\/produkt\/schliessmesser-crkt-squid-assisted-2492\/"},"modified":"2025-05-07T11:08:31","modified_gmt":"2025-05-07T10:08:31","slug":"schliessmesser-crkt-squid-assisted-2492","status":"publish","type":"product","link":"https:\/\/www.moskito.cz\/de\/produkt\/schliessmesser-crkt-squid-assisted-2492\/","title":{"rendered":"Schlie\u00dfmesser CRKT SQUID ASSISTED 2492"},"content":{"rendered":"<p>Schlie\u00dfmesser <strong>CRKT<\/strong> SQUID ASSISTED 2492.<\/p>\n<p><b>Es ist eine Messerpistole: Es macht Aufgaben zunichte.<\/b><\/p>\n<p>Dieses von Lucas Burnley entworfene Alltagsmesser ist kompakt in der Gr\u00f6\u00dfe, bietet aber eine beeindruckende Funktionalit\u00e4t. Mit Rahmenschloss f\u00fcr Sicherheit und unterst\u00fctzter \u00d6ffnung f\u00fcr superschnellen Einsatz. Seien Sie vorsichtig, wohin Sie es richten.<br \/>\nUnterst\u00fctztes \u00d6ffnen: Flipper entfaltet die Klinge schnell<br \/>\nSanftes \u00d6ffnen: Der IKBS\u2122-Kugellagerstift entfaltet die Klinge sanft<br \/>\nEinfaches Sch\u00e4rfen: Die Klinge aus rostfreiem Kohlenstoffstahl h\u00e4lt die Schneide gut<br \/>\nMaximale Kontrolle: An den Reibungsrillen der Klinge zum Greifen<br \/>\nMaximale Haltbarkeit: Der Edelstahlgriff h\u00e4lt starker Beanspruchung stand<br \/>\nNiedriges Profil: Taschenclip sorgt f\u00fcr sicheren Tragekomfort<br \/>\nZubeh\u00f6roptionen: Lanyard-Loch f\u00fcr Schl\u00fcsselring oder Anh\u00e4nger<\/p>\n<p>SPEZIFIKATIONEN<br \/>\nKlingenl\u00e4nge 2,37&#8243; (60,20 mm)<br \/>\nKlinge Klinge Plain<br \/>\nKlingenstahl 8Cr14MoV<br \/>\nOberfl\u00e4chenfinish der Klinge Perlstrahlen<br \/>\nKlingenst\u00e4rke: 0,11 Zoll (2,69 mm)<br \/>\nGesamtl\u00e4nge 5,94&#8243; (150,83 mm)<br \/>\nL\u00e4nge geschlossen 3,59&#8243; (91,14 mm)<br \/>\nGewicht 3,70 oz (104,89 g)<br \/>\nGriff aus Edelstahl<br \/>\nStyle Unterst\u00fctztes Klappmesser mit Rahmenschloss<\/p>\n","protected":false},"excerpt":{"rendered":"<p>Entworfen von Lucas Burnley in Bend, Oregon.<\/p>\n","protected":false},"featured_media":325803,"comment_status":"open","ping_status":"closed","template":"","meta":[],"pwb-brand":[3457],"product_brand":[],"product_cat":[3285,3303],"product_tag":[3669],"class_list":{"0":"post-325802","1":"product","2":"type-product","3":"status-publish","4":"has-post-thumbnail","6":"pwb-brand-crkt-de","7":"product_cat-messer","8":"product_cat-schliesmesser","9":"product_tag-b2b-de","11":"first","12":"outofstock","13":"taxable","14":"shipping-taxable","15":"purchasable","16":"product-type-simple"},"brands":[{"id":3457,"name":"CRKT","slug":"crkt-de"}],"_links":{"self":[{"href":"https:\/\/www.moskito.cz\/de\/wp-json\/wp\/v2\/product\/325802","targetHints":{"allow":["GET"]}}],"collection":[{"href":"https:\/\/www.moskito.cz\/de\/wp-json\/wp\/v2\/product"}],"about":[{"href":"https:\/\/www.moskito.cz\/de\/wp-json\/wp\/v2\/types\/product"}],"replies":[{"embeddable":true,"href":"https:\/\/www.moskito.cz\/de\/wp-json\/wp\/v2\/comments?post=325802"}],"wp:featuredmedia":[{"embeddable":true,"href":"https:\/\/www.moskito.cz\/de\/wp-json\/wp\/v2\/media\/325803"}],"wp:attachment":[{"href":"https:\/\/www.moskito.cz\/de\/wp-json\/wp\/v2\/media?parent=325802"}],"wp:term":[{"taxonomy":"pwb-brand","embeddable":true,"href":"https:\/\/www.moskito.cz\/de\/wp-json\/wp\/v2\/pwb-brand?post=325802"},{"taxonomy":"product_brand","embeddable":true,"href":"https:\/\/www.moskito.cz\/de\/wp-json\/wp\/v2\/product_brand?post=325802"},{"taxonomy":"product_cat","embeddable":true,"href":"https:\/\/www.moskito.cz\/de\/wp-json\/wp\/v2\/product_cat?post=325802"},{"taxonomy":"product_tag","embeddable":true,"href":"https:\/\/www.moskito.cz\/de\/wp-json\/wp\/v2\/product_tag?post=325802"}],"curies":[{"name":"wp","href":"https:\/\/api.w.org\/{rel}","templated":true}]}}