{"id":325855,"date":"2022-08-17T21:12:56","date_gmt":"2024-04-05T11:19:00","guid":{"rendered":"https:\/\/www.moskito.cz\/produkt\/schliessmesser-crkt-m21-12g\/"},"modified":"2025-05-07T11:08:32","modified_gmt":"2025-05-07T10:08:32","slug":"schliessmesser-crkt-m21-12g","status":"publish","type":"product","link":"https:\/\/www.moskito.cz\/de\/produkt\/schliessmesser-crkt-m21-12g\/","title":{"rendered":"Schlie\u00dfmesser CRKT M21-12G"},"content":{"rendered":"<p>Schlie\u00dfmesser <strong>CRKT<\/strong> M21-12G.<\/p>\n<p>Es begann als Weihnachtswunschliste.<\/p>\n<p>Was w\u00e4re, wenn wir die M21\u2122-Serie von Kit Carson genau so bauen k\u00f6nnten, wie es ein ma\u00dfgeschneiderter Messermacher tun w\u00fcrde: mit einer G10- und InterFrame-Edelstahlkonstruktion und einer hochwertigen, mit Titannitrid beschichteten Edelstahlklinge? Was w\u00e4re, wenn wir es zu einem sehr wettbewerbsf\u00e4higen Preis anbieten k\u00f6nnten? Wie ein Kind am Weihnachtstag bekamen wir alles, was wir wollten. Und das k\u00f6nnen Sie auch.<br \/>\nAutomatische Einstecksicherung<br \/>\nCarson Flipper-Er\u00f6ffnung<br \/>\nVeff Serrations\u2122<\/p>\n<p>SPEZIFIKATIONEN<br \/>\nKlingenl\u00e4nge 3,11&#8243; (79,10 mm)<br \/>\nVeff Serrations\u2122 Klingenkante<br \/>\nKlingenstahl 1.4116<br \/>\nKlingenoberfl\u00e4chenbehandlung Teflonbeschichtung<br \/>\nKlingenst\u00e4rke: 0,12 Zoll (3,00 mm)<br \/>\nGesamtl\u00e4nge 7,38&#8243; (187,33 mm)<br \/>\nL\u00e4nge geschlossen 4,24&#8243; (107,67 mm)<br \/>\nGewicht 3,70 oz (104,89 g)<br \/>\nG10-Griff<br \/>\nStyle Klappmesser mit Liner Lock<\/p>\n","protected":false},"excerpt":{"rendered":"<p>Entworfen von Kit Carson in Vine Grove, Kentucky.<\/p>\n","protected":false},"featured_media":325856,"comment_status":"open","ping_status":"closed","template":"","meta":[],"pwb-brand":[3457],"product_brand":[],"product_cat":[3303,3285],"product_tag":[3669],"class_list":{"0":"post-325855","1":"product","2":"type-product","3":"status-publish","4":"has-post-thumbnail","6":"pwb-brand-crkt-de","7":"product_cat-schliesmesser","8":"product_cat-messer","9":"product_tag-b2b-de","11":"first","12":"outofstock","13":"sale","14":"taxable","15":"shipping-taxable","16":"purchasable","17":"product-type-simple"},"brands":[{"id":3457,"name":"CRKT","slug":"crkt-de"}],"_links":{"self":[{"href":"https:\/\/www.moskito.cz\/de\/wp-json\/wp\/v2\/product\/325855","targetHints":{"allow":["GET"]}}],"collection":[{"href":"https:\/\/www.moskito.cz\/de\/wp-json\/wp\/v2\/product"}],"about":[{"href":"https:\/\/www.moskito.cz\/de\/wp-json\/wp\/v2\/types\/product"}],"replies":[{"embeddable":true,"href":"https:\/\/www.moskito.cz\/de\/wp-json\/wp\/v2\/comments?post=325855"}],"wp:featuredmedia":[{"embeddable":true,"href":"https:\/\/www.moskito.cz\/de\/wp-json\/wp\/v2\/media\/325856"}],"wp:attachment":[{"href":"https:\/\/www.moskito.cz\/de\/wp-json\/wp\/v2\/media?parent=325855"}],"wp:term":[{"taxonomy":"pwb-brand","embeddable":true,"href":"https:\/\/www.moskito.cz\/de\/wp-json\/wp\/v2\/pwb-brand?post=325855"},{"taxonomy":"product_brand","embeddable":true,"href":"https:\/\/www.moskito.cz\/de\/wp-json\/wp\/v2\/product_brand?post=325855"},{"taxonomy":"product_cat","embeddable":true,"href":"https:\/\/www.moskito.cz\/de\/wp-json\/wp\/v2\/product_cat?post=325855"},{"taxonomy":"product_tag","embeddable":true,"href":"https:\/\/www.moskito.cz\/de\/wp-json\/wp\/v2\/product_tag?post=325855"}],"curies":[{"name":"wp","href":"https:\/\/api.w.org\/{rel}","templated":true}]}}