{"id":325961,"date":"2021-07-31T19:49:52","date_gmt":"2021-07-31T18:49:52","guid":{"rendered":"https:\/\/www.moskito.cz\/produkt\/verschlussmesser-crkt-pilar\/"},"modified":"2025-05-07T11:08:34","modified_gmt":"2025-05-07T10:08:34","slug":"verschlussmesser-crkt-pilar","status":"publish","type":"product","link":"https:\/\/www.moskito.cz\/de\/produkt\/verschlussmesser-crkt-pilar\/","title":{"rendered":"Verschlussmesser CRKT PILAR"},"content":{"rendered":"<p>Verschlussmesser <strong>CRKT<\/strong> PILAR.<\/p>\n<p>Entworfen von Jesper Voxnaes in Loegstrup, D\u00e4nemark<br \/>\nWo minimales Design auf maximalen Nutzen trifft.<\/p>\n<p>Pilar\u00ae ist ein superkompaktes Alltagsmesser mit einem auff\u00e4llig minimalistischen Design und einer epischen Geschichte hinter seinem Namen. Es ist flach und unauff\u00e4llig, wenn es verstaut wird, und wurde sorgf\u00e4ltig entwickelt, um im Gebrauch mehr zu leisten als sein Gewicht.<br \/>\nSetzen Sie die Klinge auf den Daumen<br \/>\nSatiniertes Klingenfinish<br \/>\nOberfl\u00e4chenbehandlung des Griffs<\/p>\n<p>SPEZIFIKATIONEN<br \/>\nKlingenl\u00e4nge 2,40&#8243; (61,01 mm)<br \/>\nKlingenkante einfach<br \/>\nKlingenstahl 8Cr13MoV<br \/>\nSatiniertes Klingenfinish<br \/>\nKlingenst\u00e4rke 0,68 Zoll (3,68 mm)<br \/>\nGesamtl\u00e4nge 5,94&#8243; (150,83 mm)<br \/>\nGeschlossene L\u00e4nge 3,53 Zoll (89,66 mm)<br \/>\nGewicht 4,20 Unzen. (119,07 g)<br \/>\nGriff aus Edelstahl<br \/>\nStyle Klappmesser mit Framelock<\/p>\n<p><strong>CRKT\u00ae<\/strong> (Columbia River Knife and Tool\u00ae) wurde 1994 gegr\u00fcndet. Vom ersten Tag an standen Innovation und Integrit\u00e4t an erster Stelle. Sein Ziel ist es, Messer und Werkzeuge herzustellen, die inspirieren und lange halten. Er arbeitet mit den besten Designern der Welt zusammen und arbeitet nach einem einfachen Prinzip: Das Beste, was er seinen Kunden geben kann, ist Vertrauen in seine H\u00e4nde.<\/p>\n","protected":false},"excerpt":{"rendered":"<p>Feststellbares Messer mit Sicherung und Clip zum Tragen.<\/p>\n","protected":false},"featured_media":325964,"comment_status":"open","ping_status":"closed","template":"","meta":[],"pwb-brand":[3457],"product_brand":[],"product_cat":[3303,3285],"product_tag":[3669],"class_list":{"0":"post-325961","1":"product","2":"type-product","3":"status-publish","4":"has-post-thumbnail","6":"pwb-brand-crkt-de","7":"product_cat-schliesmesser","8":"product_cat-messer","9":"product_tag-b2b-de","11":"first","12":"outofstock","13":"taxable","14":"shipping-taxable","15":"purchasable","16":"product-type-simple"},"brands":[{"id":3457,"name":"CRKT","slug":"crkt-de"}],"_links":{"self":[{"href":"https:\/\/www.moskito.cz\/de\/wp-json\/wp\/v2\/product\/325961","targetHints":{"allow":["GET"]}}],"collection":[{"href":"https:\/\/www.moskito.cz\/de\/wp-json\/wp\/v2\/product"}],"about":[{"href":"https:\/\/www.moskito.cz\/de\/wp-json\/wp\/v2\/types\/product"}],"replies":[{"embeddable":true,"href":"https:\/\/www.moskito.cz\/de\/wp-json\/wp\/v2\/comments?post=325961"}],"wp:featuredmedia":[{"embeddable":true,"href":"https:\/\/www.moskito.cz\/de\/wp-json\/wp\/v2\/media\/325964"}],"wp:attachment":[{"href":"https:\/\/www.moskito.cz\/de\/wp-json\/wp\/v2\/media?parent=325961"}],"wp:term":[{"taxonomy":"pwb-brand","embeddable":true,"href":"https:\/\/www.moskito.cz\/de\/wp-json\/wp\/v2\/pwb-brand?post=325961"},{"taxonomy":"product_brand","embeddable":true,"href":"https:\/\/www.moskito.cz\/de\/wp-json\/wp\/v2\/product_brand?post=325961"},{"taxonomy":"product_cat","embeddable":true,"href":"https:\/\/www.moskito.cz\/de\/wp-json\/wp\/v2\/product_cat?post=325961"},{"taxonomy":"product_tag","embeddable":true,"href":"https:\/\/www.moskito.cz\/de\/wp-json\/wp\/v2\/product_tag?post=325961"}],"curies":[{"name":"wp","href":"https:\/\/api.w.org\/{rel}","templated":true}]}}