{"id":326066,"date":"2022-08-19T20:28:09","date_gmt":"2024-04-05T11:38:35","guid":{"rendered":"https:\/\/www.moskito.cz\/produkt\/schliessmesser-crkt-m16-02ss\/"},"modified":"2025-05-07T11:08:37","modified_gmt":"2025-05-07T10:08:37","slug":"schliessmesser-crkt-m16-02ss","status":"publish","type":"product","link":"https:\/\/www.moskito.cz\/de\/produkt\/schliessmesser-crkt-m16-02ss\/","title":{"rendered":"Schlie\u00dfmesser CRKT M16-02SS"},"content":{"rendered":"<p>Schlie\u00dfmesser <strong>CRKT<\/strong> M16-02SS.<\/p>\n<p>Ein klassisches Comeback. Das beliebte M16\u00ae-Design des verstorbenen Kit Carson kehrt mit einer Edelstahlserie zur\u00fcck. Diese drei Versionen bieten noch mehr Leistung und Funktionalit\u00e4t als zuvor und bieten eine Reihe von Klingengr\u00f6\u00dfen und -designs \u2013 so k\u00f6nnen Sie w\u00e4hlen, welches am besten zu Ihnen passt. Der M16\u00ae-02SS beh\u00e4lt alle beliebten Funktionen aus Kit&#8217;s Sortiment an taktischen Komponenten bei, die f\u00fcr den t\u00e4glichen Transport \u00fcberarbeitet wurden und dem Mix noch mehr Kraft und Leistung verleihen. Es besteht aus Tanto, einer hochwertigen Sandvik 12C27\u2122-Klinge f\u00fcr hervorragende Schnitthaltigkeit, und ist perlgestrahlt, um unerw\u00fcnschte Blendungen oder Reflexionen zu reduzieren. Als echter Klassiker ist die M16\u00ae-02SS aus Edelstahl ein ganz anderes Kaliber.<\/p>\n<p>SPEZIFIKATIONEN<br \/>\nKlingenl\u00e4nge 3,06&#8243; (77,83 mm)<br \/>\nKlinge Klinge Plain<br \/>\nKlingenstahl 12C27 Sandvik<br \/>\nOberfl\u00e4chenfinish der Klinge Perlstrahlen<br \/>\nKlingenst\u00e4rke: 0,12 Zoll (2,92 mm)<br \/>\nGesamtl\u00e4nge 7,38&#8243; (187,33 mm)<br \/>\nGeschlossene L\u00e4nge 4,25&#8243; (108,00 mm)<br \/>\nGewicht 3,60 oz (102,06 g)<br \/>\nGriff aus Edelstahl<br \/>\nStyle Klappmesser mit Framelock<\/p>\n<p><iframe title=\"CRKT M16\u00ae-02SS | Kit Carson Design\" width=\"800\" height=\"450\" src=\"https:\/\/www.youtube.com\/embed\/iekqTraZ52A?feature=oembed\" frameborder=\"0\" allow=\"accelerometer; autoplay; clipboard-write; encrypted-media; gyroscope; picture-in-picture; web-share\" referrerpolicy=\"strict-origin-when-cross-origin\" allowfullscreen><\/iframe><\/p>\n<p>&nbsp;<\/p>\n","protected":false},"excerpt":{"rendered":"<p>Entworfen von Kit Carson in Vine Grove, Kentucky.<\/p>\n","protected":false},"featured_media":326067,"comment_status":"open","ping_status":"closed","template":"","meta":[],"pwb-brand":[3457],"product_brand":[],"product_cat":[3285,3303],"product_tag":[3669],"class_list":{"0":"post-326066","1":"product","2":"type-product","3":"status-publish","4":"has-post-thumbnail","6":"pwb-brand-crkt-de","7":"product_cat-messer","8":"product_cat-schliesmesser","9":"product_tag-b2b-de","11":"first","12":"outofstock","13":"taxable","14":"shipping-taxable","15":"purchasable","16":"product-type-simple"},"brands":[{"id":3457,"name":"CRKT","slug":"crkt-de"}],"_links":{"self":[{"href":"https:\/\/www.moskito.cz\/de\/wp-json\/wp\/v2\/product\/326066","targetHints":{"allow":["GET"]}}],"collection":[{"href":"https:\/\/www.moskito.cz\/de\/wp-json\/wp\/v2\/product"}],"about":[{"href":"https:\/\/www.moskito.cz\/de\/wp-json\/wp\/v2\/types\/product"}],"replies":[{"embeddable":true,"href":"https:\/\/www.moskito.cz\/de\/wp-json\/wp\/v2\/comments?post=326066"}],"wp:featuredmedia":[{"embeddable":true,"href":"https:\/\/www.moskito.cz\/de\/wp-json\/wp\/v2\/media\/326067"}],"wp:attachment":[{"href":"https:\/\/www.moskito.cz\/de\/wp-json\/wp\/v2\/media?parent=326066"}],"wp:term":[{"taxonomy":"pwb-brand","embeddable":true,"href":"https:\/\/www.moskito.cz\/de\/wp-json\/wp\/v2\/pwb-brand?post=326066"},{"taxonomy":"product_brand","embeddable":true,"href":"https:\/\/www.moskito.cz\/de\/wp-json\/wp\/v2\/product_brand?post=326066"},{"taxonomy":"product_cat","embeddable":true,"href":"https:\/\/www.moskito.cz\/de\/wp-json\/wp\/v2\/product_cat?post=326066"},{"taxonomy":"product_tag","embeddable":true,"href":"https:\/\/www.moskito.cz\/de\/wp-json\/wp\/v2\/product_tag?post=326066"}],"curies":[{"name":"wp","href":"https:\/\/api.w.org\/{rel}","templated":true}]}}