{"id":326195,"date":"2022-09-03T10:32:32","date_gmt":"2024-04-05T12:20:06","guid":{"rendered":"https:\/\/www.moskito.cz\/produkt\/verschlussmesser-crkt-kith-6433\/"},"modified":"2025-05-07T11:08:39","modified_gmt":"2025-05-07T10:08:39","slug":"verschlussmesser-crkt-kith-6433","status":"publish","type":"product","link":"https:\/\/www.moskito.cz\/de\/produkt\/verschlussmesser-crkt-kith-6433\/","title":{"rendered":"Verschlussmesser CRKT KITH 6433"},"content":{"rendered":"<p>Verschlussmesser <strong>CRKT<\/strong> KITH 6433.<\/p>\n<p>Bekannt. Genau wie ein alter Freund. Das Kith wurde vom erfahrenen Messermacher Ken Steigerwalt entworfen, der sich von traditionellen Mittelgliedern und Backfolds inspirieren lie\u00df, um mit dem Front-Lock-Design einen v\u00f6llig neuen Ansatz zu entwickeln. Aufgrund der intuitiven Konstruktion f\u00fchlt sich das \u00d6ffnen der Klinge zweitrangig an, was dem altenglischen Namen dieses Messers f\u00fcr \u201eFreund\u201c eine v\u00f6llig andere Bedeutung verleiht.<\/p>\n<p>Der Messermachermeister Ken Steigerwalt aus Orangeville, Pennsylvania, erfindet traditionelle Verriegelungsmechanismen mit der Frontverriegelungsfunktion von Kith neu, bei der Messereins\u00e4tze als Federn verwendet werden, um mehr Platz f\u00fcr die Klinge zu schaffen. Basierend auf diesen bew\u00e4hrten Schlosskonstruktionen erm\u00f6glichen der strategisch platzierte Daumenstift und die vordere Klingenverriegelung ein einfaches \u00d6ffnen und Schlie\u00dfen mit der bevorzugten Hand \u2013 f\u00fcr v\u00f6llige beidh\u00e4ndige Freiheit.<\/p>\n<p>Mit einer 2,95-Zoll-Klinge mit d\u00fcnner und robuster Spitze eignet sich das Kith f\u00fcr pr\u00e4ziseres Arbeiten. Der Griff ist vom klassischen Micarta-Look inspiriert und beh\u00e4lt eine schlichte und klare \u00c4sthetik bei, die auch mehrere Griff- und Tragem\u00f6glichkeiten bietet. Dieses flache Herrenmesser punktet mit der Haltbarkeit und Leichtigkeit beider Boxen und verf\u00fcgt \u00fcber einen Griff aus glasfaserverst\u00e4rktem Nylon, was es zu einem gro\u00dfartigen Begleiter f\u00fcr den Alltag macht, der weder Sie noch Ihre Tasche belastet.<\/p>\n<p>Schlicht und einfach: Kith ist ein vertrauter, allt\u00e4glicher Favorit.<\/p>\n<p>SPEZIFIKATIONEN<br \/>\nKlingenl\u00e4nge 2,95&#8243; (74,96 mm)<br \/>\nKlinge Klinge Plain<br \/>\nKlingenstahl 8Cr13MoV<br \/>\nOberfl\u00e4chenbehandlung der Klinge Satin<br \/>\nKlingenst\u00e4rke: 0,11 Zoll (2,69 mm)<br \/>\nGesamtl\u00e4nge 6,75&#8243; (171,45 mm)<br \/>\nGeschlossene L\u00e4nge 3,78&#8243; (95,91 mm)<br \/>\nGewicht 2,30 oz (65,20 g)<br \/>\nGriff aus glasfaserverst\u00e4rktem Nylon<br \/>\nStyle Klappmesser mit Frontverriegelung<\/p>\n<p><iframe title=\"CRKT KITH | Ken Steigerwalt Design\" width=\"800\" height=\"450\" src=\"https:\/\/www.youtube.com\/embed\/739SVHTsvOk?feature=oembed\" frameborder=\"0\" allow=\"accelerometer; autoplay; clipboard-write; encrypted-media; gyroscope; picture-in-picture; web-share\" referrerpolicy=\"strict-origin-when-cross-origin\" allowfullscreen><\/iframe><\/p>\n<p>&nbsp;<\/p>\n","protected":false},"excerpt":{"rendered":"<p>Entworfen von Ken Steigerwalt in Orangeville, Pennsylvania.<\/p>\n","protected":false},"featured_media":326196,"comment_status":"open","ping_status":"closed","template":"","meta":[],"pwb-brand":[3457],"product_brand":[],"product_cat":[3303,3285],"product_tag":[3669],"class_list":{"0":"post-326195","1":"product","2":"type-product","3":"status-publish","4":"has-post-thumbnail","6":"pwb-brand-crkt-de","7":"product_cat-schliesmesser","8":"product_cat-messer","9":"product_tag-b2b-de","11":"first","12":"instock","13":"taxable","14":"shipping-taxable","15":"purchasable","16":"product-type-simple"},"brands":[{"id":3457,"name":"CRKT","slug":"crkt-de"}],"_links":{"self":[{"href":"https:\/\/www.moskito.cz\/de\/wp-json\/wp\/v2\/product\/326195","targetHints":{"allow":["GET"]}}],"collection":[{"href":"https:\/\/www.moskito.cz\/de\/wp-json\/wp\/v2\/product"}],"about":[{"href":"https:\/\/www.moskito.cz\/de\/wp-json\/wp\/v2\/types\/product"}],"replies":[{"embeddable":true,"href":"https:\/\/www.moskito.cz\/de\/wp-json\/wp\/v2\/comments?post=326195"}],"wp:featuredmedia":[{"embeddable":true,"href":"https:\/\/www.moskito.cz\/de\/wp-json\/wp\/v2\/media\/326196"}],"wp:attachment":[{"href":"https:\/\/www.moskito.cz\/de\/wp-json\/wp\/v2\/media?parent=326195"}],"wp:term":[{"taxonomy":"pwb-brand","embeddable":true,"href":"https:\/\/www.moskito.cz\/de\/wp-json\/wp\/v2\/pwb-brand?post=326195"},{"taxonomy":"product_brand","embeddable":true,"href":"https:\/\/www.moskito.cz\/de\/wp-json\/wp\/v2\/product_brand?post=326195"},{"taxonomy":"product_cat","embeddable":true,"href":"https:\/\/www.moskito.cz\/de\/wp-json\/wp\/v2\/product_cat?post=326195"},{"taxonomy":"product_tag","embeddable":true,"href":"https:\/\/www.moskito.cz\/de\/wp-json\/wp\/v2\/product_tag?post=326195"}],"curies":[{"name":"wp","href":"https:\/\/api.w.org\/{rel}","templated":true}]}}