{"id":326237,"date":"2021-08-02T19:26:58","date_gmt":"2024-04-05T13:21:22","guid":{"rendered":"https:\/\/www.moskito.cz\/produkt\/schliessmesser-crkt-compano\/"},"modified":"2025-05-07T11:08:40","modified_gmt":"2025-05-07T10:08:40","slug":"schliessmesser-crkt-compano","status":"publish","type":"product","link":"https:\/\/www.moskito.cz\/de\/produkt\/schliessmesser-crkt-compano\/","title":{"rendered":"Schlie\u00dfmesser CRKT COMPANO"},"content":{"rendered":"<p><strong>Das CRKT Compano Klappmesser<\/strong> ist ein sehr praktisches und kompaktes Werkzeug f\u00fcr den t\u00e4glichen Gebrauch, ideal f\u00fcr alle, die immer ein kleines, aber effektives Messer zur Hand haben m\u00fcssen. Mit einem auf Tragbarkeit und Funktionalit\u00e4t ausgerichteten Design ist <strong>Compano\u2122<\/strong> ein gro\u00dfartiger Begleiter, der sich leicht an Ihrer Tasche, Ihrem Schl\u00fcsselbund oder Ihrem Rucksack befestigen l\u00e4sst. <\/p>\n<h3>Hauptmerkmale <strong>von CRKT Compano<\/strong> :<\/h3>\n<ol>\n<li><strong>Kompaktes und tragbares Design<\/strong> :\n<ul>\n<li><strong>Klingenl\u00e4nge:<\/strong> 1,42 Zoll (36,17 mm) \u2013 sehr klein, was es zu einem idealen <strong>Miniatur-Everyday-Carry-Werkzeug (EDC)<\/strong> macht. Dieses Messer passt problemlos in eine Tasche oder kann an Ihren Schl\u00fcsseln oder Ihrem Rucksack befestigt werden. <\/li>\n<li><strong>Gesamtl\u00e4nge:<\/strong> 4,59 Zoll (116,56 mm) und <strong>geschlossene L\u00e4nge:<\/strong> 3,23 Zoll (82,04 mm) \u2013 sehr kompakte Gr\u00f6\u00dfe f\u00fcr maximale Tragbarkeit.<\/li>\n<\/ul>\n<\/li>\n<li><strong>Langlebige Klinge<\/strong> :\n<ul>\n<li><strong>5Cr15MoV-Stahl<\/strong> ist <strong>ein rostfreier Stahl mit hohem Kohlenstoffgehalt<\/strong> , was bedeutet, dass die Klinge ihre Sch\u00e4rfe gut beh\u00e4lt und gleichzeitig korrosionsbest\u00e4ndig ist. Obwohl es sich nicht um den hochwertigsten Stahl handelt, bietet es f\u00fcr ein kleines EDC-Messer eine solide Leistung. <\/li>\n<li><strong>Klingenoberfl\u00e4che<\/strong> : Die Satinoberfl\u00e4che sorgt f\u00fcr ein \u00e4sthetisches Erscheinungsbild, das auch die Wartung und das Sch\u00e4rfen erleichtert.<\/li>\n<\/ul>\n<\/li>\n<li><strong>Praktische Anwendung<\/strong> :\n<ul>\n<li><strong>Schiebegelenk:<\/strong> Der klassische Schiebemechanismus erm\u00f6glicht ein leichtes \u00d6ffnen und Schlie\u00dfen des Messers und sorgt f\u00fcr eine sichere Arretierung im geschlossenen Zustand. Dieses System sorgt daf\u00fcr, dass die Klinge im geschlossenen Zustand des Messers fest an ihrem Platz bleibt, w\u00e4hrend im ge\u00f6ffneten Zustand eine komfortable Handhabung m\u00f6glich ist. <\/li>\n<li><strong>Karabiner zur Befestigung:<\/strong> Das Messer ist <strong>mit einem Karabiner<\/strong> ausgestattet, der eine einfache Befestigung an Schl\u00fcsseln, G\u00fcrtel oder Rucksack erm\u00f6glicht, sodass Sie es immer griffbereit haben. Dies ist eine sehr n\u00fctzliche Funktion f\u00fcr den Alltag. <\/li>\n<\/ul>\n<\/li>\n<li><strong>\u00c4sthetisches Erscheinungsbild<\/strong> :\n<ul>\n<li><strong>Griff:<\/strong> Der Griff besteht aus <strong>2Cr13 SS<\/strong> und hat <strong>ein schwarzes Stonewash-Finish mit Bronzeakzenten<\/strong> , was dem Messer ein elegantes Aussehen verleiht. Dieser Griff sieht nicht nur toll aus, sondern liegt auch angenehm in der Hand. <\/li>\n<\/ul>\n<\/li>\n<\/ol>\n<h3>Spezifikationen:<\/h3>\n<ul>\n<li><strong>Klingenl\u00e4nge:<\/strong> 1,42 Zoll (36,17 mm)<\/li>\n<li><strong>Klingenkante:<\/strong> Glatt<\/li>\n<li><strong>Klingenstahl:<\/strong> 5Cr15MoV<\/li>\n<li><strong>Oberfl\u00e4chenbehandlung der Klinge:<\/strong> Satin<\/li>\n<li><strong>Klingenst\u00e4rke:<\/strong> 0,66 Zoll (3,66 mm)<\/li>\n<li><strong>Gesamtl\u00e4nge:<\/strong> 4,59 Zoll (116,56 mm)<\/li>\n<li><strong>L\u00e4nge geschlossen:<\/strong> 3,23 Zoll (82,04 mm)<\/li>\n<li><strong>Gewicht:<\/strong> 62,37 g<\/li>\n<li><strong>Griff:<\/strong> 2Cr13 SS<\/li>\n<li><strong>Ausf\u00fchrung:<\/strong> Klappmesser mit Anti-Rutsch-Gelenk<\/li>\n<\/ul>\n<h3>Abschluss:<\/h3>\n<p><strong>Das CRKT Compano<\/strong> ist eine ausgezeichnete Wahl f\u00fcr alle, die <strong>ein kompaktes, funktionales und tragbares Messer<\/strong> f\u00fcr den t\u00e4glichen Gebrauch suchen. Obwohl die Klinge nicht extrem gro\u00df ist, ist sie stark genug f\u00fcr g\u00e4ngige Aufgaben wie das \u00d6ffnen von Paketen, Kartons oder das Durchschneiden von Schn\u00fcren. <strong>Der Karabiner<\/strong> zur Befestigung und <strong>der Schiebemechanismus<\/strong> machen dieses Messer sehr tragbar und bequem f\u00fcr den t\u00e4glichen Gebrauch. Dank seiner <strong>ansprechenden Optik<\/strong> und <strong>hochwertigen Verarbeitung<\/strong> ist <strong>Compano\u2122<\/strong> die ideale Wahl f\u00fcr alle, die <strong>Funktionalit\u00e4t und Stil<\/strong> in einem suchen.  <\/p>\n<p><iframe title=\"CRKT COMPANO\u2122 | Mike Bond Design\" width=\"800\" height=\"450\" src=\"https:\/\/www.youtube.com\/embed\/aNM14OvTMNE?feature=oembed\" frameborder=\"0\" allow=\"accelerometer; autoplay; clipboard-write; encrypted-media; gyroscope; picture-in-picture; web-share\" referrerpolicy=\"strict-origin-when-cross-origin\" allowfullscreen><\/iframe><\/p>\n<p>&nbsp;<\/p>\n<p>&nbsp;<\/p>\n","protected":false},"excerpt":{"rendered":"<p><strong>Das CRKT Compano ist eine ausgezeichnete Wahl f\u00fcr alle, die ein kompaktes, funktionales und tragbares Messer f\u00fcr den t\u00e4glichen Gebrauch suchen. Obwohl die Klinge nicht extrem gro\u00df ist, ist sie stark genug f\u00fcr g\u00e4ngige Aufgaben wie das \u00d6ffnen von Paketen, Kartons oder das Durchschneiden von Schn\u00fcren. Der Karabiner zur Befestigung und der Schiebemechanismus machen dieses Messer sehr tragbar und bequem f\u00fcr den t\u00e4glichen Gebrauch. Dank seiner ansprechenden Optik und hochwertigen Verarbeitung ist Compano\u2122 die ideale Wahl f\u00fcr alle, die Funktionalit\u00e4t und Stil in einem suchen.   <\/strong><\/p>\n","protected":false},"featured_media":326238,"comment_status":"open","ping_status":"closed","template":"","meta":[],"pwb-brand":[3457],"product_brand":[],"product_cat":[3285,3303],"product_tag":[3669],"class_list":{"0":"post-326237","1":"product","2":"type-product","3":"status-publish","4":"has-post-thumbnail","6":"pwb-brand-crkt-de","7":"product_cat-messer","8":"product_cat-schliesmesser","9":"product_tag-b2b-de","11":"first","12":"instock","13":"taxable","14":"shipping-taxable","15":"purchasable","16":"product-type-simple"},"brands":[{"id":3457,"name":"CRKT","slug":"crkt-de"}],"_links":{"self":[{"href":"https:\/\/www.moskito.cz\/de\/wp-json\/wp\/v2\/product\/326237","targetHints":{"allow":["GET"]}}],"collection":[{"href":"https:\/\/www.moskito.cz\/de\/wp-json\/wp\/v2\/product"}],"about":[{"href":"https:\/\/www.moskito.cz\/de\/wp-json\/wp\/v2\/types\/product"}],"replies":[{"embeddable":true,"href":"https:\/\/www.moskito.cz\/de\/wp-json\/wp\/v2\/comments?post=326237"}],"wp:featuredmedia":[{"embeddable":true,"href":"https:\/\/www.moskito.cz\/de\/wp-json\/wp\/v2\/media\/326238"}],"wp:attachment":[{"href":"https:\/\/www.moskito.cz\/de\/wp-json\/wp\/v2\/media?parent=326237"}],"wp:term":[{"taxonomy":"pwb-brand","embeddable":true,"href":"https:\/\/www.moskito.cz\/de\/wp-json\/wp\/v2\/pwb-brand?post=326237"},{"taxonomy":"product_brand","embeddable":true,"href":"https:\/\/www.moskito.cz\/de\/wp-json\/wp\/v2\/product_brand?post=326237"},{"taxonomy":"product_cat","embeddable":true,"href":"https:\/\/www.moskito.cz\/de\/wp-json\/wp\/v2\/product_cat?post=326237"},{"taxonomy":"product_tag","embeddable":true,"href":"https:\/\/www.moskito.cz\/de\/wp-json\/wp\/v2\/product_tag?post=326237"}],"curies":[{"name":"wp","href":"https:\/\/api.w.org\/{rel}","templated":true}]}}