{"id":326375,"date":"2022-08-18T22:02:01","date_gmt":"2024-04-05T13:38:21","guid":{"rendered":"https:\/\/www.moskito.cz\/produkt\/schliessmesser-crkt-squid-assisted-black-2493\/"},"modified":"2025-07-07T16:45:19","modified_gmt":"2025-07-07T15:45:19","slug":"schliessmesser-crkt-squid-assisted-black-2493","status":"publish","type":"product","link":"https:\/\/www.moskito.cz\/de\/produkt\/schliessmesser-crkt-squid-assisted-black-2493\/","title":{"rendered":"Schlie\u00dfmesser CRKT SQUID ASSISTED BLACK 2493"},"content":{"rendered":"<div class=\"flex-1 overflow-hidden @container\/thread\">\n<div class=\"h-full\">\n<div class=\"react-scroll-to-bottom--css-vxybp-79elbk h-full\">\n<div class=\"react-scroll-to-bottom--css-vxybp-1n7m0yu\">\n<div class=\"flex flex-col text-sm md:pb-9\">\n<article class=\"w-full scroll-mb-[var(--thread-trailing-height,150px)] text-token-text-primary focus-visible:outline-2 focus-visible:outline-offset-[-4px]\" dir=\"auto\" data-testid=\"conversation-turn-333\" data-scroll-anchor=\"true\">\n<div class=\"m-auto text-base py-[18px] px-3 md:px-4 w-full md:px-5 lg:px-4 xl:px-5\">\n<div class=\"mx-auto flex flex-1 gap-4 text-base md:gap-5 lg:gap-6 md:max-w-3xl\">\n<div class=\"group\/conversation-turn relative flex w-full min-w-0 flex-col agent-turn\">\n<div class=\"flex-col gap-1 md:gap-3\">\n<div class=\"flex max-w-full flex-col flex-grow\">\n<div class=\"min-h-8 text-message flex w-full flex-col items-end gap-2 whitespace-normal break-words text-start [.text-message+&amp;]:mt-5\" dir=\"auto\" data-message-author-role=\"assistant\" data-message-id=\"ea06138a-2774-443a-a280-2c306eb68c67\" data-message-model-slug=\"gpt-4o-mini\">\n<div class=\"flex w-full flex-col gap-1 empty:hidden first:pt-[3px]\">\n<div class=\"markdown prose w-full break-words dark:prose-invert light\">\n<p><strong>Das Klappmesser CRKT SQUID ASSISTED BLACK 2493<\/strong> ist ein kompaktes und leistungsstarkes Werkzeug, das modernes Design mit hochfunktionalen Eigenschaften kombiniert. Dieses von Lucas Burnley entworfene Messer verf\u00fcgt \u00fcber eine \u00d6ffnungshilfe, Qualit\u00e4tsstahl und eine robuste Konstruktion, sodass es sich ideal f\u00fcr den t\u00e4glichen Gebrauch und eine Vielzahl von Arbeitsaufgaben eignet. Dieses Modell in schwarzer Lackierung ist nicht nur sch\u00f6n, sondern auch \u00e4u\u00dferst praktisch.  <\/p>\n<h3><strong>Haupteigenschaften:<\/strong><\/h3>\n<ol>\n<li><strong>Unterst\u00fctztes \u00d6ffnen:<\/strong>\n<ul>\n<li><strong>Der Flipper<\/strong> am Griff erm\u00f6glicht ein schnelles und einfaches \u00d6ffnen des Messers mit einer Bewegung, ideal f\u00fcr eine schnelle Reaktion, wenn es darauf ankommt. Das \u00d6ffnen erfolgt intuitiv und reibungslos und gew\u00e4hrleistet maximale Effizienz. <\/li>\n<\/ul>\n<\/li>\n<li><strong>Sanftes \u00d6ffnen mit IKBS\u2122:<\/strong>\n<ul>\n<li><strong>IKBS\u2122-Kugellager (Ikoma Korth Bearing System)<\/strong> sorgen f\u00fcr ein sanftes, unterbrechungsfreies \u00d6ffnen der Klinge ohne Widerstand. Dieses System tr\u00e4gt zur komfortablen Handhabung des Messers bei und gew\u00e4hrleistet in kritischen Momenten einen schnellen Zugriff auf die Klinge. <\/li>\n<\/ul>\n<\/li>\n<li><strong>Qualit\u00e4tsklinge:<\/strong>\n<ul>\n<li><strong>8Cr14MoV-Stahl<\/strong> ist ein hochwertiger Edelstahl, der eine hervorragende Schnitthaltigkeit, einfaches Sch\u00e4rfen und hohe Korrosionsbest\u00e4ndigkeit bietet. Es eignet sich ideal f\u00fcr allt\u00e4gliche Aufgaben wie das Aufschneiden von Kartons, \u00d6ffnen von Paketen oder Durchtrennen von Schn\u00fcren. <\/li>\n<\/ul>\n<\/li>\n<li><strong>Maximale Kontrolle:<\/strong>\n<ul>\n<li>Zur Verbesserung der Griffigkeit <strong>sind auf der Klinge Reibungsrillen angebracht<\/strong> , die eine bessere Kontrolle bei der Verwendung gew\u00e4hrleisten, selbst wenn das Messer nass oder rutschig ist. Dies macht die Handhabung des Messers komfortabel und sicher. <\/li>\n<\/ul>\n<\/li>\n<li><strong>Robuster Edelstahlgriff:<\/strong>\n<ul>\n<li><strong>Der Griff aus Edelstahl<\/strong> ist \u00e4u\u00dferst sto\u00df- und verschlei\u00dffest, sodass das Messer auch starker Beanspruchung standh\u00e4lt, ohne an Funktionalit\u00e4t einzub\u00fc\u00dfen. Zudem ist dieses Material stabil genug, um auch bei intensiver Arbeit einen sicheren Halt zu gew\u00e4hrleisten. <\/li>\n<\/ul>\n<\/li>\n<li><strong>Niedriges Profil f\u00fcr einfaches Tragen:<\/strong>\n<ul>\n<li><strong>Durch das niedrige Profil<\/strong> des Messers k\u00f6nnen Sie es problemlos jeden Tag in der Tasche tragen. Hierzu tr\u00e4gt auch <strong>der Taschenclip<\/strong> bei, mit dem sich das Messer sicher an der Kleidung befestigen l\u00e4sst und so immer griffbereit ist, wenn man es braucht. <\/li>\n<\/ul>\n<\/li>\n<li><strong>Lanyard-Befestigungsm\u00f6glichkeit:<\/strong>\n<ul>\n<li>Das Messer ist mit <strong>einer Fangriemen\u00f6se<\/strong> ausgestattet, an der Sie zum einfachen Tragen und besseren Handhaben des Messers einen Schl\u00fcsselbund oder Anh\u00e4nger befestigen k\u00f6nnen.<\/li>\n<\/ul>\n<\/li>\n<\/ol>\n<h3><strong>Spezifikationen:<\/strong><\/h3>\n<ul>\n<li><strong>Klingenl\u00e4nge:<\/strong> 2,37&#8243; (60,20 mm)<\/li>\n<li><strong>Klingenkante:<\/strong> Glatt<\/li>\n<li><strong>Klingenmaterial:<\/strong> 8Cr14MoV-Stahl<\/li>\n<li><strong>Oberfl\u00e4chenbehandlung der Klinge:<\/strong> Stonewash<\/li>\n<li><strong>Klingenst\u00e4rke:<\/strong> 0,11&#8243; (2,69 mm)<\/li>\n<li><strong>Gesamtl\u00e4nge:<\/strong> 5,94&#8243; (150,83 mm)<\/li>\n<li><strong>L\u00e4nge geschlossen:<\/strong> 3,59&#8243; (91,14 mm)<\/li>\n<li><strong>Gewicht:<\/strong> 104,89 g<\/li>\n<li><strong>Griff:<\/strong> Edelstahl<\/li>\n<li><strong>Stil:<\/strong> Unterst\u00fctztes Klappmesser mit Framelock<\/li>\n<\/ul>\n<h3><strong>Verwenden:<\/strong><\/h3>\n<ul>\n<li><strong>Everyday Carry (EDC):<\/strong> Dieses Messer ist ideal f\u00fcr den allt\u00e4glichen Gebrauch, beispielsweise zum \u00d6ffnen von Paketen, Durchschneiden von Schn\u00fcren, Entfernen von Verpackungen oder zum Vornehmen kleinerer Anpassungen. Es ist kompakt, leicht und einfach zu tragen. <\/li>\n<li><strong>Arbeitsaufgaben:<\/strong> Dank seiner soliden Klinge und dem ergonomischen Griff eignet es sich f\u00fcr anspruchsvollere Aufgaben auf dem Feld, im Lager oder in der Werkstatt.<\/li>\n<li><strong>Outdoor und Camping:<\/strong> Obwohl das Messer f\u00fcr den allt\u00e4glichen Gebrauch konzipiert ist, eignen sich seine Eigenschaften auch f\u00fcr Outdoor-Aktivit\u00e4ten wie Camping, Jagen oder Wandern.<\/li>\n<\/ul>\n<h3><strong>Zusammenfassung:<\/strong><\/h3>\n<p><strong>Das CRKT SQUID ASSISTED BLACK 2493<\/strong> ist ein formsch\u00f6nes und hochfunktionelles Messer f\u00fcr den t\u00e4glichen Gebrauch. Mit unterst\u00fctzter \u00d6ffnung, Qualit\u00e4tsstahl, einem stabilen Griff und sanftem \u00d6ffnen dank eines Kugellagersystems ist es ideal f\u00fcr alle, die ein zuverl\u00e4ssiges, benutzerfreundliches Werkzeug f\u00fcr allt\u00e4gliche Aufgaben suchen. Egal, ob Sie ein Messer zum \u00d6ffnen eines Pakets, zum Durchschneiden einer Schnur oder f\u00fcr andere kleine Aufgaben ben\u00f6tigen, dieses Messer wird Sie nie im Stich lassen.  <\/p>\n<\/div>\n<\/div>\n<\/div>\n<\/div>\n<div class=\"mb-2 flex gap-3 empty:hidden -ml-2\">\n<div class=\"items-center justify-start rounded-xl p-1 flex\">\n<div class=\"flex items-center\"><\/div>\n<\/div>\n<\/div>\n<div class=\"pr-2 lg:pr-0\"><\/div>\n<\/div>\n<\/div>\n<\/div>\n<\/div>\n<\/article>\n<\/div>\n<\/div>\n<\/div>\n<\/div>\n<\/div>\n<p><iframe title=\"CRKT SQUID\u2122 | Lucas Burnley Design\" width=\"800\" height=\"450\" src=\"https:\/\/www.youtube.com\/embed\/Hi4sEgwb9CU?feature=oembed\" frameborder=\"0\" allow=\"accelerometer; autoplay; clipboard-write; encrypted-media; gyroscope; picture-in-picture; web-share\" referrerpolicy=\"strict-origin-when-cross-origin\" allowfullscreen><\/iframe><\/p>\n<p><iframe title=\"Meet Knifemaker and Designer Lucas Burnley\" width=\"800\" height=\"450\" src=\"https:\/\/www.youtube.com\/embed\/GC8WctypoNo?feature=oembed\" frameborder=\"0\" allow=\"accelerometer; autoplay; clipboard-write; encrypted-media; gyroscope; picture-in-picture; web-share\" referrerpolicy=\"strict-origin-when-cross-origin\" allowfullscreen><\/iframe><\/p>\n<p><iframe title=\"CRKT ASSISTED OPENING | How It Works\" width=\"800\" height=\"450\" src=\"https:\/\/www.youtube.com\/embed\/QUSQFRDMrEI?feature=oembed\" frameborder=\"0\" allow=\"accelerometer; autoplay; clipboard-write; encrypted-media; gyroscope; picture-in-picture; web-share\" referrerpolicy=\"strict-origin-when-cross-origin\" allowfullscreen><\/iframe><\/p>\n<p>&nbsp;<\/p>\n","protected":false},"excerpt":{"rendered":"<div class=\"flex max-w-full flex-col flex-grow\">\n<div class=\"min-h-8 text-message flex w-full flex-col items-end gap-2 whitespace-normal break-words text-start [.text-message+&amp;]:mt-5\" dir=\"auto\" data-message-author-role=\"assistant\" data-message-id=\"ea06138a-2774-443a-a280-2c306eb68c67\" data-message-model-slug=\"gpt-4o-mini\">\n<div class=\"flex w-full flex-col gap-1 empty:hidden first:pt-[3px]\">\n<div class=\"markdown prose w-full break-words dark:prose-invert light\">\n<p><strong>Das CRKT SQUID ASSISTED BLACK 2493 ist ein formsch\u00f6nes und hochfunktionelles Messer f\u00fcr den t\u00e4glichen Gebrauch. Mit unterst\u00fctzter \u00d6ffnung, Qualit\u00e4tsstahl, einem stabilen Griff und sanftem \u00d6ffnen dank eines Kugellagersystems ist es ideal f\u00fcr alle, die ein zuverl\u00e4ssiges, benutzerfreundliches Werkzeug f\u00fcr allt\u00e4gliche Aufgaben suchen. Egal, ob Sie ein Messer zum \u00d6ffnen eines Pakets, zum Durchschneiden einer Schnur oder f\u00fcr andere kleine Aufgaben ben\u00f6tigen, dieses Messer wird Sie nie im Stich lassen.  <\/strong><\/p>\n<\/div>\n<\/div>\n<\/div>\n<\/div>\n<div class=\"mb-2 flex gap-3 empty:hidden -ml-2\">\n<div class=\"items-center justify-start rounded-xl p-1 flex\">\n<div class=\"flex items-center\"><\/div>\n<\/div>\n<\/div>\n","protected":false},"featured_media":326376,"comment_status":"open","ping_status":"closed","template":"","meta":[],"pwb-brand":[3457],"product_brand":[],"product_cat":[3303,3285],"product_tag":[3669],"class_list":{"0":"post-326375","1":"product","2":"type-product","3":"status-publish","4":"has-post-thumbnail","6":"pwb-brand-crkt-de","7":"product_cat-schliesmesser","8":"product_cat-messer","9":"product_tag-b2b-de","11":"first","12":"instock","13":"sale","14":"taxable","15":"shipping-taxable","16":"purchasable","17":"product-type-simple"},"brands":[{"id":3457,"name":"CRKT","slug":"crkt-de"}],"_links":{"self":[{"href":"https:\/\/www.moskito.cz\/de\/wp-json\/wp\/v2\/product\/326375","targetHints":{"allow":["GET"]}}],"collection":[{"href":"https:\/\/www.moskito.cz\/de\/wp-json\/wp\/v2\/product"}],"about":[{"href":"https:\/\/www.moskito.cz\/de\/wp-json\/wp\/v2\/types\/product"}],"replies":[{"embeddable":true,"href":"https:\/\/www.moskito.cz\/de\/wp-json\/wp\/v2\/comments?post=326375"}],"wp:featuredmedia":[{"embeddable":true,"href":"https:\/\/www.moskito.cz\/de\/wp-json\/wp\/v2\/media\/326376"}],"wp:attachment":[{"href":"https:\/\/www.moskito.cz\/de\/wp-json\/wp\/v2\/media?parent=326375"}],"wp:term":[{"taxonomy":"pwb-brand","embeddable":true,"href":"https:\/\/www.moskito.cz\/de\/wp-json\/wp\/v2\/pwb-brand?post=326375"},{"taxonomy":"product_brand","embeddable":true,"href":"https:\/\/www.moskito.cz\/de\/wp-json\/wp\/v2\/product_brand?post=326375"},{"taxonomy":"product_cat","embeddable":true,"href":"https:\/\/www.moskito.cz\/de\/wp-json\/wp\/v2\/product_cat?post=326375"},{"taxonomy":"product_tag","embeddable":true,"href":"https:\/\/www.moskito.cz\/de\/wp-json\/wp\/v2\/product_tag?post=326375"}],"curies":[{"name":"wp","href":"https:\/\/api.w.org\/{rel}","templated":true}]}}