{"id":326407,"date":"2023-09-28T15:47:40","date_gmt":"2024-04-05T13:45:22","guid":{"rendered":"https:\/\/www.moskito.cz\/produkt\/verschlussmesser-crkt-tuna-compact-2522\/"},"modified":"2025-05-07T11:08:44","modified_gmt":"2025-05-07T10:08:44","slug":"verschlussmesser-crkt-tuna-compact-2522","status":"publish","type":"product","link":"https:\/\/www.moskito.cz\/de\/produkt\/verschlussmesser-crkt-tuna-compact-2522\/","title":{"rendered":"Verschlussmesser CRKT Tuna Compact 2522"},"content":{"rendered":"<p>Verschlussmesser <strong>CRKT<\/strong> Tuna Compact 2522<\/p>\n<p>Der kleine Fisch, der jeden Teich beherrscht.<\/p>\n<p>Obwohl der Tuna\u2122 Compact klein ist, erinnert er an die Kraft eines der gr\u00f6\u00dften und schnellsten Fische der Welt. Es nimmt die subtile Eleganz des urspr\u00fcnglichen Tuna\u2122-Designers Lucas Burnley auf und verdichtet sie zu einem ultrakompakten Klappmesser. Mit einem Profil, das einen starken Vorw\u00e4rtsdrang suggeriert, und einer Klingenform, die an einen Tiefsee-Fleischfresser erinnert, bewegt sich dieser allt\u00e4gliche Slice schneller durch Ballen und Kisten als ein Bluefin-Slice \u00fcber eine Welle auf einer engen Leine.<\/p>\n<p>Einfaches Sch\u00e4rfen: Die Klinge aus rostfreiem Kohlenstoffstahl h\u00e4lt die Schneide gut<br \/>\nSanftes \u00d6ffnen: Der IKBS\u2122-Kugellagerstift entfaltet die Klinge sanft<br \/>\nEinfaches \u00d6ffnen: Der Daumenstift erm\u00f6glicht ein schnelles \u00d6ffnen mit einer Hand<br \/>\nAu\u00dfergew\u00f6hnlicher Halt: Der G10-Griff bietet au\u00dfergew\u00f6hnlichen Halt unter allen Bedingungen<br \/>\nBrutale St\u00e4rke: Der Rahmenverschluss verwendet einen starken Bolzen, um die Klinge zu sichern<br \/>\nNiedriges Profil: Taschenclip sorgt f\u00fcr sicheren Tragekomfort<\/p>\n<p>Klingendetails<\/p>\n<p>Stahlklinge: 8Cr13MoV<br \/>\nKlingenkante glatt<br \/>\nStonewash-Klingenfinish<\/p>\n<p>Klingenl\u00e4nge: 6,92 cm<br \/>\nKlingenst\u00e4rke 0,36 cm<br \/>\nGesamtl\u00e4nge: 16,35 cm<br \/>\nL\u00e4nge geschlossen: 9,67 cm<br \/>\nGewicht: 79,38 g<\/p>\n<p>Griffmaterial G10 | Edelstahl<br \/>\nStylisches Klappmesser mit Frame Lock<\/p>\n<p>&nbsp;<\/p>\n","protected":false},"excerpt":{"rendered":"<p><strong>DesignerLucas BurnleyBend, Oregon.<\/strong><\/p>\n<p><strong>Wenn man Lucas fragt, was ihn als Teenager in die Welt der Messer gebracht hat, erz\u00e4hlt er, dass es \u00dcberlebensgeschichten, Offroad-Abenteuer mit seinem Vater und eine ordentliche Portion Actionfilme waren. Im Laufe der Jahre hat er mit einer Vielzahl von Stilen experimentiert, um klassische Beispiele kunstvoll mit modernen Materialien und Techniken wie dem Obake\u2122-Messer zu kombinieren. Lucas glaubt, dass Messer ein pers\u00f6nlicher Ausdruck der Unabh\u00e4ngigkeit sind. Wir k\u00f6nnen uns nur einigen.<\/strong><\/p>\n<p>&nbsp;<\/p>\n","protected":false},"featured_media":326408,"comment_status":"open","ping_status":"closed","template":"","meta":[],"pwb-brand":[3457],"product_brand":[],"product_cat":[3303,3285],"product_tag":[3669],"class_list":{"0":"post-326407","1":"product","2":"type-product","3":"status-publish","4":"has-post-thumbnail","6":"pwb-brand-crkt-de","7":"product_cat-schliesmesser","8":"product_cat-messer","9":"product_tag-b2b-de","11":"first","12":"instock","13":"taxable","14":"shipping-taxable","15":"purchasable","16":"product-type-simple"},"brands":[{"id":3457,"name":"CRKT","slug":"crkt-de"}],"_links":{"self":[{"href":"https:\/\/www.moskito.cz\/de\/wp-json\/wp\/v2\/product\/326407","targetHints":{"allow":["GET"]}}],"collection":[{"href":"https:\/\/www.moskito.cz\/de\/wp-json\/wp\/v2\/product"}],"about":[{"href":"https:\/\/www.moskito.cz\/de\/wp-json\/wp\/v2\/types\/product"}],"replies":[{"embeddable":true,"href":"https:\/\/www.moskito.cz\/de\/wp-json\/wp\/v2\/comments?post=326407"}],"wp:featuredmedia":[{"embeddable":true,"href":"https:\/\/www.moskito.cz\/de\/wp-json\/wp\/v2\/media\/326408"}],"wp:attachment":[{"href":"https:\/\/www.moskito.cz\/de\/wp-json\/wp\/v2\/media?parent=326407"}],"wp:term":[{"taxonomy":"pwb-brand","embeddable":true,"href":"https:\/\/www.moskito.cz\/de\/wp-json\/wp\/v2\/pwb-brand?post=326407"},{"taxonomy":"product_brand","embeddable":true,"href":"https:\/\/www.moskito.cz\/de\/wp-json\/wp\/v2\/product_brand?post=326407"},{"taxonomy":"product_cat","embeddable":true,"href":"https:\/\/www.moskito.cz\/de\/wp-json\/wp\/v2\/product_cat?post=326407"},{"taxonomy":"product_tag","embeddable":true,"href":"https:\/\/www.moskito.cz\/de\/wp-json\/wp\/v2\/product_tag?post=326407"}],"curies":[{"name":"wp","href":"https:\/\/api.w.org\/{rel}","templated":true}]}}