{"id":326443,"date":"2023-03-22T18:46:34","date_gmt":"2024-04-05T13:47:07","guid":{"rendered":"https:\/\/www.moskito.cz\/produkt\/schliessmesser-crkt-attaboy-5410\/"},"modified":"2025-05-07T11:08:45","modified_gmt":"2025-05-07T10:08:45","slug":"schliessmesser-crkt-attaboy-5410","status":"publish","type":"product","link":"https:\/\/www.moskito.cz\/de\/produkt\/schliessmesser-crkt-attaboy-5410\/","title":{"rendered":"Schlie\u00dfmesser CRKT ATTABOY 5410"},"content":{"rendered":"<p>Schlie\u00dfmesser <strong>CRKT<\/strong> ATTABOY 5410<\/p>\n<p><strong>Leicht wie eine Feder, scharf wie eine Klaue.<\/strong><\/p>\n<p>Das Attaboy\u2122 ist f\u00fcr alle Herausforderungen des Tages konzipiert und bietet alles, was Sie zum t\u00e4glichen Tragen ben\u00f6tigen, in einem ultrakompakten Klappmesser, das nur 3,5 Unzen wiegt. Egal, ob Sie bei der Arbeit sind oder das Hinterland erkunden, es wird Sie nicht ausbremsen.<br \/>\nStark und einfach: Das Deadbolt\u00ae-Schloss bietet unglaubliche Festigkeit und ist einfach zu bedienen<br \/>\nUnterst\u00fctztes \u00d6ffnen: Flipper entfaltet die Klinge schnell<br \/>\nSanftes \u00d6ffnen: Der IKBS\u2122-Kugellagerstift entfaltet die Klinge sanft<br \/>\n\u00dcberlegene Leistung: D2-Klingenstahl f\u00fcr hervorragenden Klingenhalt<br \/>\nStark und leicht: Der glasfaserverst\u00e4rkte Nylongriff ist langlebig und leicht<br \/>\nNiedriges Profil: Der tiefe Trageclip sitzt tief in der Tasche<\/p>\n<p>SPEZIFIKATIONEN<br \/>\nKlingenl\u00e4nge 6,93 cm<br \/>\nKlingenkante glatt<br \/>\nKlinge aus D2-Stahl<br \/>\nStonewash-Klingenfinish<br \/>\nKlingenst\u00e4rke 0,32 cm<br \/>\nGesamtl\u00e4nge 16,51 cm<br \/>\nGeschlossene L\u00e4nge 9,65 cm<br \/>\nGewicht 99,22 g<br \/>\nGriff aus glasfaserverst\u00e4rktem Nylon<br \/>\nStilvolles Klappmesser mit Deadbolt\u00ae-Verschluss<\/p>\n<p>&nbsp;<\/p>\n","protected":false},"excerpt":{"rendered":"<p><strong>Entworfen von Flavio Ikoma in Presidente Prudente, Brasilien<\/strong><\/p>\n","protected":false},"featured_media":326444,"comment_status":"open","ping_status":"closed","template":"","meta":[],"pwb-brand":[3457],"product_brand":[],"product_cat":[3303,3285],"product_tag":[3669],"class_list":{"0":"post-326443","1":"product","2":"type-product","3":"status-publish","4":"has-post-thumbnail","6":"pwb-brand-crkt-de","7":"product_cat-schliesmesser","8":"product_cat-messer","9":"product_tag-b2b-de","11":"first","12":"instock","13":"taxable","14":"shipping-taxable","15":"purchasable","16":"product-type-simple"},"brands":[{"id":3457,"name":"CRKT","slug":"crkt-de"}],"_links":{"self":[{"href":"https:\/\/www.moskito.cz\/de\/wp-json\/wp\/v2\/product\/326443","targetHints":{"allow":["GET"]}}],"collection":[{"href":"https:\/\/www.moskito.cz\/de\/wp-json\/wp\/v2\/product"}],"about":[{"href":"https:\/\/www.moskito.cz\/de\/wp-json\/wp\/v2\/types\/product"}],"replies":[{"embeddable":true,"href":"https:\/\/www.moskito.cz\/de\/wp-json\/wp\/v2\/comments?post=326443"}],"wp:featuredmedia":[{"embeddable":true,"href":"https:\/\/www.moskito.cz\/de\/wp-json\/wp\/v2\/media\/326444"}],"wp:attachment":[{"href":"https:\/\/www.moskito.cz\/de\/wp-json\/wp\/v2\/media?parent=326443"}],"wp:term":[{"taxonomy":"pwb-brand","embeddable":true,"href":"https:\/\/www.moskito.cz\/de\/wp-json\/wp\/v2\/pwb-brand?post=326443"},{"taxonomy":"product_brand","embeddable":true,"href":"https:\/\/www.moskito.cz\/de\/wp-json\/wp\/v2\/product_brand?post=326443"},{"taxonomy":"product_cat","embeddable":true,"href":"https:\/\/www.moskito.cz\/de\/wp-json\/wp\/v2\/product_cat?post=326443"},{"taxonomy":"product_tag","embeddable":true,"href":"https:\/\/www.moskito.cz\/de\/wp-json\/wp\/v2\/product_tag?post=326443"}],"curies":[{"name":"wp","href":"https:\/\/api.w.org\/{rel}","templated":true}]}}