{"id":326487,"date":"2022-08-18T20:26:30","date_gmt":"2024-04-05T13:54:48","guid":{"rendered":"https:\/\/www.moskito.cz\/produkt\/schliessmesser-crkt-pazoda-2-6470\/"},"modified":"2025-05-07T11:08:47","modified_gmt":"2025-05-07T10:08:47","slug":"schliessmesser-crkt-pazoda-2-6470","status":"publish","type":"product","link":"https:\/\/www.moskito.cz\/de\/produkt\/schliessmesser-crkt-pazoda-2-6470\/","title":{"rendered":"Schlie\u00dfmesser CRKT PAZODA 2 6470"},"content":{"rendered":"<p>Schlie\u00dfmesser CRKT PAZODA 2 6470.<\/p>\n<p>Was macht ein gutes Logomesser aus? Es sollte erschwinglich sein und \u00fcber gro\u00dfe flache Bereiche auf der Klinge oder dem Rahmen verf\u00fcgen, die f\u00fcr den Logodruck geeignet sind. Daher freuen wir uns sehr, Ihnen die Pazoda\u2122-Serie vorstellen zu d\u00fcrfen. Es handelt sich um hochwertige Messer, deren Preis niedrig genug ist, um sie in gro\u00dfen Mengen zu kaufen, und alle haben flache Oberfl\u00e4chen, die sich perfekt f\u00fcr unseren Laser- oder Siebdruck \u201eCompany Billboard\u201c eignen. Oder Sie bringen jemanden zur pers\u00f6nlichen Gravur zu einem \u00f6rtlichen Troph\u00e4enhaus.<br \/>\nDunkelgraues Titannitrid-Klingenfinish<br \/>\nGriffe aus Edelstahl<br \/>\nDaumenschieber an der Klinge f\u00fcr optimale Schnittkontrolle.<\/p>\n<p>SPEZIFIKATIONEN<br \/>\nFarbe Grau und Silber<br \/>\nKlingenl\u00e4nge 2,14&#8243; (54,25 mm)<br \/>\nKlinge Klinge Plain<br \/>\nKlingenstahl 8Cr13MoV<br \/>\nOberfl\u00e4chenbehandlung der Klinge Titannitrid<br \/>\nKlingenst\u00e4rke: 0,09 Zoll (2,21 mm)<br \/>\nGesamtl\u00e4nge 5,15&#8243; (130,71 mm)<br \/>\nGeschlossene L\u00e4nge 2,98&#8243; (75,64 mm)<br \/>\nGewicht 1,80 oz (51,03 g)<br \/>\nGriff aus Edelstahl<br \/>\nStyle Klappmesser mit Framelock<\/p>\n","protected":false},"excerpt":{"rendered":"<p>Was macht ein gutes Logomesser aus? Es sollte erschwinglich sein und \u00fcber gro\u00dfe flache Bereiche auf der Klinge oder dem Rahmen verf\u00fcgen, die f\u00fcr den Logodruck geeignet sind.<\/p>\n","protected":false},"featured_media":326488,"comment_status":"open","ping_status":"closed","template":"","meta":[],"pwb-brand":[3457],"product_brand":[],"product_cat":[3285,3303],"product_tag":[3669],"class_list":{"0":"post-326487","1":"product","2":"type-product","3":"status-publish","4":"has-post-thumbnail","6":"pwb-brand-crkt-de","7":"product_cat-messer","8":"product_cat-schliesmesser","9":"product_tag-b2b-de","11":"first","12":"outofstock","13":"taxable","14":"shipping-taxable","15":"purchasable","16":"product-type-simple"},"brands":[{"id":3457,"name":"CRKT","slug":"crkt-de"}],"_links":{"self":[{"href":"https:\/\/www.moskito.cz\/de\/wp-json\/wp\/v2\/product\/326487","targetHints":{"allow":["GET"]}}],"collection":[{"href":"https:\/\/www.moskito.cz\/de\/wp-json\/wp\/v2\/product"}],"about":[{"href":"https:\/\/www.moskito.cz\/de\/wp-json\/wp\/v2\/types\/product"}],"replies":[{"embeddable":true,"href":"https:\/\/www.moskito.cz\/de\/wp-json\/wp\/v2\/comments?post=326487"}],"wp:featuredmedia":[{"embeddable":true,"href":"https:\/\/www.moskito.cz\/de\/wp-json\/wp\/v2\/media\/326488"}],"wp:attachment":[{"href":"https:\/\/www.moskito.cz\/de\/wp-json\/wp\/v2\/media?parent=326487"}],"wp:term":[{"taxonomy":"pwb-brand","embeddable":true,"href":"https:\/\/www.moskito.cz\/de\/wp-json\/wp\/v2\/pwb-brand?post=326487"},{"taxonomy":"product_brand","embeddable":true,"href":"https:\/\/www.moskito.cz\/de\/wp-json\/wp\/v2\/product_brand?post=326487"},{"taxonomy":"product_cat","embeddable":true,"href":"https:\/\/www.moskito.cz\/de\/wp-json\/wp\/v2\/product_cat?post=326487"},{"taxonomy":"product_tag","embeddable":true,"href":"https:\/\/www.moskito.cz\/de\/wp-json\/wp\/v2\/product_tag?post=326487"}],"curies":[{"name":"wp","href":"https:\/\/api.w.org\/{rel}","templated":true}]}}