{"id":326498,"date":"2021-07-31T20:12:49","date_gmt":"2024-04-05T13:58:26","guid":{"rendered":"https:\/\/www.moskito.cz\/produkt\/verschlussmesser-crkt-pilar-large-g10\/"},"modified":"2025-05-07T11:08:47","modified_gmt":"2025-05-07T10:08:47","slug":"verschlussmesser-crkt-pilar-large-g10","status":"publish","type":"product","link":"https:\/\/www.moskito.cz\/de\/produkt\/verschlussmesser-crkt-pilar-large-g10\/","title":{"rendered":"Verschlussmesser CRKT PILAR LARGE G10"},"content":{"rendered":"<p>Verschlussmesser <strong>CRKT<\/strong> PILAR LARGE G10.<\/p>\n<p>Entworfen von Jesper Voxnaes in Loegstrup, D\u00e4nemark<br \/>\nWo minimales Design auf maximalen Nutzen trifft. Pilar\u00ae ist ein kompaktes Messer f\u00fcr den t\u00e4glichen Gebrauch mit einem auff\u00e4llig minimalistischen Design und einer epischen Geschichte hinter seinem Namen.<br \/>\nEine gro\u00dfe Version des meistverkauften Pilar\u00ae<br \/>\nDie Klinge aus rostfreiem Kohlenstoffstahl h\u00e4lt die Schneide gut und ist ideal f\u00fcr den t\u00e4glichen Gebrauch<br \/>\nKlapp\u00f6ffnung f\u00fcr schnelles Entfalten der Klinge<br \/>\nDer G10-Griff bietet au\u00dfergew\u00f6hnlichen Halt bei allen Wetterbedingungen<br \/>\nClip mit zwei Positionen zum Hoch- und Herunterklappen<\/p>\n<p>SPEZIFIKATIONEN<br \/>\nKlingenl\u00e4nge 2,67 Zoll (67,79 mm)<br \/>\nKlingenkante einfach<br \/>\nKlingenstahl 8Cr14MoV<br \/>\nSatiniertes Klingenfinish<br \/>\nKlingenst\u00e4rke 0,73 Zoll (3,73 mm)<br \/>\nGesamtl\u00e4nge 6,69 Zoll (169,88 mm)<br \/>\nGeschlossene L\u00e4nge 4,00&#8243; (101,55 mm)<br \/>\nGewicht 3,80 Unzen. (107,73 g)<br \/>\nG10-Griff<br \/>\nStyle Klappmesser mit Framelock<\/p>\n<p><strong>CRKT\u00ae<\/strong> (Columbia River Knife and Tool\u00ae) wurde 1994 gegr\u00fcndet. Vom ersten Tag an standen Innovation und Integrit\u00e4t an erster Stelle. Sein Ziel ist es, Messer und Werkzeuge herzustellen, die inspirieren und lange halten. Er arbeitet mit den besten Designern der Welt zusammen und arbeitet nach einem einfachen Prinzip: Das Beste, was er seinen Kunden geben kann, ist Vertrauen in seine H\u00e4nde.<\/p>\n","protected":false},"excerpt":{"rendered":"<p>Feststellbares Messer mit Sicherung und Clip zum Tragen.<\/p>\n","protected":false},"featured_media":326499,"comment_status":"open","ping_status":"closed","template":"","meta":[],"pwb-brand":[3457],"product_brand":[],"product_cat":[3303,3285],"product_tag":[3669],"class_list":{"0":"post-326498","1":"product","2":"type-product","3":"status-publish","4":"has-post-thumbnail","6":"pwb-brand-crkt-de","7":"product_cat-schliesmesser","8":"product_cat-messer","9":"product_tag-b2b-de","11":"first","12":"instock","13":"sale","14":"taxable","15":"shipping-taxable","16":"purchasable","17":"product-type-simple"},"brands":[{"id":3457,"name":"CRKT","slug":"crkt-de"}],"_links":{"self":[{"href":"https:\/\/www.moskito.cz\/de\/wp-json\/wp\/v2\/product\/326498","targetHints":{"allow":["GET"]}}],"collection":[{"href":"https:\/\/www.moskito.cz\/de\/wp-json\/wp\/v2\/product"}],"about":[{"href":"https:\/\/www.moskito.cz\/de\/wp-json\/wp\/v2\/types\/product"}],"replies":[{"embeddable":true,"href":"https:\/\/www.moskito.cz\/de\/wp-json\/wp\/v2\/comments?post=326498"}],"wp:featuredmedia":[{"embeddable":true,"href":"https:\/\/www.moskito.cz\/de\/wp-json\/wp\/v2\/media\/326499"}],"wp:attachment":[{"href":"https:\/\/www.moskito.cz\/de\/wp-json\/wp\/v2\/media?parent=326498"}],"wp:term":[{"taxonomy":"pwb-brand","embeddable":true,"href":"https:\/\/www.moskito.cz\/de\/wp-json\/wp\/v2\/pwb-brand?post=326498"},{"taxonomy":"product_brand","embeddable":true,"href":"https:\/\/www.moskito.cz\/de\/wp-json\/wp\/v2\/product_brand?post=326498"},{"taxonomy":"product_cat","embeddable":true,"href":"https:\/\/www.moskito.cz\/de\/wp-json\/wp\/v2\/product_cat?post=326498"},{"taxonomy":"product_tag","embeddable":true,"href":"https:\/\/www.moskito.cz\/de\/wp-json\/wp\/v2\/product_tag?post=326498"}],"curies":[{"name":"wp","href":"https:\/\/api.w.org\/{rel}","templated":true}]}}