{"id":326535,"date":"2022-08-16T20:10:11","date_gmt":"2024-04-05T14:04:46","guid":{"rendered":"https:\/\/www.moskito.cz\/produkt\/schliessmesser-crkt-lanny-6525\/"},"modified":"2025-05-07T11:08:48","modified_gmt":"2025-05-07T10:08:48","slug":"schliessmesser-crkt-lanny-6525","status":"publish","type":"product","link":"https:\/\/www.moskito.cz\/de\/produkt\/schliessmesser-crkt-lanny-6525\/","title":{"rendered":"Schlie\u00dfmesser CRKT LANNY 6525"},"content":{"rendered":"<p>Schlie\u00dfmesser <strong>CRKT<\/strong> LANNY 6525.<\/p>\n<p>Gebaut f\u00fcr Nostalgie. Inspiriert von Tony Boses legend\u00e4rem Lanny&#8217;s Clip, \u00fcbernimmt das Lanny\u2122 Everyday Carry Knife den klassischen Schiebegelenkstil und bringt ihn mit der Assisted Opening-Innovation f\u00fcr unglaublich schnelle \u00d6ffnungsgeschwindigkeiten in die Zukunft. Nennen Sie es Ihren nostalgischsten und zugleich futuristischsten Transfer.<\/p>\n<p>Der in Palm Bay, Florida, ans\u00e4ssige Liong Mah wei\u00df, wie man es mit einem bekannten Favoriten macht. Als er beschloss, den klassischen Lanny&#8217;s Clip in die Zukunft zu \u00fcbertragen, bestimmte er genau, was erhalten bleiben und was aufgefrischt werden musste. Liong hat die Gr\u00f6\u00dfe entfernt und eine etwas mehr als 3 Zoll gro\u00dfe modifizierte Clipklinge aus leicht zu schleifendem Edelstahl mit hohem Kohlenstoffgehalt hergestellt. In der Hand liegt der Aluminiumgriff perfekt in der Tasche.<\/p>\n<p>Um sich definitiv von der Masse abzuheben, hat Liong Lanny\u2122 rund um die Innovation der unterst\u00fctzten \u00d6ffnung entwickelt. Wenn Sie die Klinge teilweise \u00f6ffnen, wird die \u00d6ffnungsunterst\u00fctzung aktiviert und \u00f6ffnet sich mit sehr hoher Geschwindigkeit. Das IKBS\u2122-Kugellager-Drehsystem sorgt f\u00fcr eine reibungslose Drehung und die Einsteckverriegelung h\u00e4lt es fest an Ort und Stelle.<\/p>\n<p>Ein futuristisches Leporelo, das sich anf\u00fchlt, als ob man es schon seit Jahren tr\u00e4gt.<\/p>\n<p>So funktioniert die \u00d6ffnungshilfe<br \/>\nEs wird sicher in der Tasche gehalten, aber sobald es entfaltet wird, \u00f6ffnet sich die Klinge w\u00e4hrend der Drehung mit beeindruckender Geschwindigkeit und erm\u00f6glicht so ein einfaches, kraftvolles \u00d6ffnen mit einer Hand.<\/p>\n<p>SPEZIFIKATIONEN<br \/>\nKlingenl\u00e4nge 3,18&#8243; (80,65 mm)<br \/>\nKlinge Klinge Plain<br \/>\nKlingenstahl 8Cr13MoV<br \/>\nOberfl\u00e4chenbehandlung der Klinge Satin<br \/>\nKlingenst\u00e4rke: 0,15 Zoll (3,68 mm)<br \/>\nGesamtl\u00e4nge 7,44&#8243; (188,93 mm)<br \/>\nL\u00e4nge geschlossen 4,26&#8243; (108,25 mm)<br \/>\nGewicht 4,10 oz (116,23 g)<br \/>\nGriff aus Aluminium<br \/>\nStyle Assistiertes Klappmesser mit Liner Lock<\/p>\n<p><iframe title=\"CRKT LANNY | Liong Mah Design\" width=\"800\" height=\"450\" src=\"https:\/\/www.youtube.com\/embed\/KIiQuTTB8Qk?feature=oembed\" frameborder=\"0\" allow=\"accelerometer; autoplay; clipboard-write; encrypted-media; gyroscope; picture-in-picture; web-share\" referrerpolicy=\"strict-origin-when-cross-origin\" allowfullscreen><\/iframe><\/p>\n<p>&nbsp;<\/p>\n","protected":false},"excerpt":{"rendered":"<p>Entworfen von Liong Mah in Palm Bay, Florida.<\/p>\n","protected":false},"featured_media":326536,"comment_status":"open","ping_status":"closed","template":"","meta":[],"pwb-brand":[3457],"product_brand":[],"product_cat":[3303,3285],"product_tag":[3669],"class_list":{"0":"post-326535","1":"product","2":"type-product","3":"status-publish","4":"has-post-thumbnail","6":"pwb-brand-crkt-de","7":"product_cat-schliesmesser","8":"product_cat-messer","9":"product_tag-b2b-de","11":"first","12":"instock","13":"taxable","14":"shipping-taxable","15":"purchasable","16":"product-type-simple"},"brands":[{"id":3457,"name":"CRKT","slug":"crkt-de"}],"_links":{"self":[{"href":"https:\/\/www.moskito.cz\/de\/wp-json\/wp\/v2\/product\/326535","targetHints":{"allow":["GET"]}}],"collection":[{"href":"https:\/\/www.moskito.cz\/de\/wp-json\/wp\/v2\/product"}],"about":[{"href":"https:\/\/www.moskito.cz\/de\/wp-json\/wp\/v2\/types\/product"}],"replies":[{"embeddable":true,"href":"https:\/\/www.moskito.cz\/de\/wp-json\/wp\/v2\/comments?post=326535"}],"wp:featuredmedia":[{"embeddable":true,"href":"https:\/\/www.moskito.cz\/de\/wp-json\/wp\/v2\/media\/326536"}],"wp:attachment":[{"href":"https:\/\/www.moskito.cz\/de\/wp-json\/wp\/v2\/media?parent=326535"}],"wp:term":[{"taxonomy":"pwb-brand","embeddable":true,"href":"https:\/\/www.moskito.cz\/de\/wp-json\/wp\/v2\/pwb-brand?post=326535"},{"taxonomy":"product_brand","embeddable":true,"href":"https:\/\/www.moskito.cz\/de\/wp-json\/wp\/v2\/product_brand?post=326535"},{"taxonomy":"product_cat","embeddable":true,"href":"https:\/\/www.moskito.cz\/de\/wp-json\/wp\/v2\/product_cat?post=326535"},{"taxonomy":"product_tag","embeddable":true,"href":"https:\/\/www.moskito.cz\/de\/wp-json\/wp\/v2\/product_tag?post=326535"}],"curies":[{"name":"wp","href":"https:\/\/api.w.org\/{rel}","templated":true}]}}