{"id":326580,"date":"2023-10-03T16:02:44","date_gmt":"2024-04-05T14:08:41","guid":{"rendered":"https:\/\/www.moskito.cz\/produkt\/schliessmesser-crkt-overland-compact-6277\/"},"modified":"2025-05-07T11:08:49","modified_gmt":"2025-05-07T10:08:49","slug":"schliessmesser-crkt-overland-compact-6277","status":"publish","type":"product","link":"https:\/\/www.moskito.cz\/de\/produkt\/schliessmesser-crkt-overland-compact-6277\/","title":{"rendered":"Schlie\u00dfmesser CRKT Overland Compact 6277"},"content":{"rendered":"<p>Schlie\u00dfmesser <strong>CRKT<\/strong> Overland Compact 6277<\/p>\n<p>Ein kompaktes Klappmesser, das bereit ist, jedes Gel\u00e4nde zu erobern.<\/p>\n<p>Er mag klein sein, aber wie die verbesserten 4&#215;4-Anh\u00e4nger, die ihm seinen Namen gaben, ist der Overland\u2122 Compact umgebaut und bereit, den h\u00e4rtesten Bedingungen standzuhalten. Es \u00fcbernimmt die Designelemente und Materialien des Overland\u2122 in Originalgr\u00f6\u00dfe und bringt sie in einen ultraportablen Formfaktor, der praktisch in Ihrer Tasche verschwindet. Wenn es an der Zeit ist, den Konvoi anzuhalten und das Lager aufzuschlagen, bereitet dieses Messer im Handumdrehen eine leichte Mahlzeit zu und schneidet die perfekten Marshmallow-Sticks.<\/p>\n<p>\u00dcberlegene Leistung: D2-Klingenstahl f\u00fcr hervorragenden Klingenhalt<br \/>\nEinfaches \u00d6ffnen: Der Daumen erm\u00f6glicht ein schnelles \u00d6ffnen mit einer Hand<br \/>\nStark und langlebig: G10 mit Edelstahlgriff vereint Haltbarkeit und St\u00e4rke<br \/>\nBrutale St\u00e4rke: Der Rahmenverschluss verwendet einen starken Bolzen, um die Klinge zu sichern<br \/>\nNiedriges Profil: Taschenclip sorgt f\u00fcr sicheren Tragekomfort<br \/>\nOptischer Reiz: Orange eloxierter Drehring und Backspacer-Akzente<\/p>\n<p>Klinge aus D2-Stahl<br \/>\nKlingenkante glatt<br \/>\nStonewash-Klingenfinish<\/p>\n<p>Klingenl\u00e4nge: 5,67 cm<br \/>\nKlingenst\u00e4rke: 0,32 cm<br \/>\nGesamtl\u00e4nge: 13,74 cm<br \/>\nL\u00e4nge geschlossen: 8,10 cm<br \/>\nGewicht: 87,88 g<\/p>\n<p>jGriffmaterial G10 | Edelstahl<br \/>\nStylisches Klappmesser mit Frame Lock<\/p>\n<p>&nbsp;<\/p>\n<p>&nbsp;<\/p>\n","protected":false},"excerpt":{"rendered":"<p><strong>DesignerT.J. Schwarzboise, Idaho<\/strong><\/p>\n<p><strong>TJ war dazu bestimmt, Autodesigner zu werden. In der High School entdeckte er seine unheimliche F\u00e4higkeit, Autos zu zeichnen \u2013 tats\u00e4chlich war er darin so gut, dass er bereits w\u00e4hrend seines Studiums Auftr\u00e4ge von Oldtimerbesitzern annahm. Gerade als seine Karriere im Automobilbereich begann, sprang sein guter Freund Bill Koenig von Koenig Knives ein und alles ver\u00e4nderte sich. Nachdem er einen Eindruck vom Design der Messer bekommen hatte, blickte er nie mehr zur\u00fcck. Wenn sie also sagen \u201eauf Leistung ausgelegt\u201c, meinen sie es auch so.<\/strong><\/p>\n<p>&nbsp;<\/p>\n","protected":false},"featured_media":326581,"comment_status":"open","ping_status":"closed","template":"","meta":[],"pwb-brand":[3457],"product_brand":[],"product_cat":[3303,3285],"product_tag":[3669],"class_list":{"0":"post-326580","1":"product","2":"type-product","3":"status-publish","4":"has-post-thumbnail","6":"pwb-brand-crkt-de","7":"product_cat-schliesmesser","8":"product_cat-messer","9":"product_tag-b2b-de","11":"first","12":"outofstock","13":"sale","14":"taxable","15":"shipping-taxable","16":"purchasable","17":"product-type-simple"},"brands":[{"id":3457,"name":"CRKT","slug":"crkt-de"}],"_links":{"self":[{"href":"https:\/\/www.moskito.cz\/de\/wp-json\/wp\/v2\/product\/326580","targetHints":{"allow":["GET"]}}],"collection":[{"href":"https:\/\/www.moskito.cz\/de\/wp-json\/wp\/v2\/product"}],"about":[{"href":"https:\/\/www.moskito.cz\/de\/wp-json\/wp\/v2\/types\/product"}],"replies":[{"embeddable":true,"href":"https:\/\/www.moskito.cz\/de\/wp-json\/wp\/v2\/comments?post=326580"}],"wp:featuredmedia":[{"embeddable":true,"href":"https:\/\/www.moskito.cz\/de\/wp-json\/wp\/v2\/media\/326581"}],"wp:attachment":[{"href":"https:\/\/www.moskito.cz\/de\/wp-json\/wp\/v2\/media?parent=326580"}],"wp:term":[{"taxonomy":"pwb-brand","embeddable":true,"href":"https:\/\/www.moskito.cz\/de\/wp-json\/wp\/v2\/pwb-brand?post=326580"},{"taxonomy":"product_brand","embeddable":true,"href":"https:\/\/www.moskito.cz\/de\/wp-json\/wp\/v2\/product_brand?post=326580"},{"taxonomy":"product_cat","embeddable":true,"href":"https:\/\/www.moskito.cz\/de\/wp-json\/wp\/v2\/product_cat?post=326580"},{"taxonomy":"product_tag","embeddable":true,"href":"https:\/\/www.moskito.cz\/de\/wp-json\/wp\/v2\/product_tag?post=326580"}],"curies":[{"name":"wp","href":"https:\/\/api.w.org\/{rel}","templated":true}]}}