{"id":326648,"date":"2022-08-16T19:50:31","date_gmt":"2024-04-05T14:16:05","guid":{"rendered":"https:\/\/www.moskito.cz\/produkt\/schliessmesser-crkt-ceo-compact-7095\/"},"modified":"2025-05-14T09:19:54","modified_gmt":"2025-05-14T08:19:54","slug":"schliessmesser-crkt-ceo-compact-7095","status":"publish","type":"product","link":"https:\/\/www.moskito.cz\/de\/produkt\/schliessmesser-crkt-ceo-compact-7095\/","title":{"rendered":"Schlie\u00dfmesser CRKT CEO COMPACT 7095"},"content":{"rendered":"<p><strong style=\"font-family: -apple-system, BlinkMacSystemFont, 'Segoe UI', Roboto, 'Helvetica Neue', Arial, 'Noto Sans', sans-serif, 'Apple Color Emoji', 'Segoe UI Emoji', 'Segoe UI Symbol', 'Noto Color Emoji';\">Das Klappmesser CRKT CEO COMPACT 7095<\/strong> ist eine gro\u00dfartige Wahl f\u00fcr alle, die ein <strong style=\"font-family: -apple-system, BlinkMacSystemFont, 'Segoe UI', Roboto, 'Helvetica Neue', Arial, 'Noto Sans', sans-serif, 'Apple Color Emoji', 'Segoe UI Emoji', 'Segoe UI Symbol', 'Noto Color Emoji';\">elegantes<\/strong> <span style=\"font-family: -apple-system, BlinkMacSystemFont, 'Segoe UI', Roboto, 'Helvetica Neue', Arial, 'Noto Sans', sans-serif, 'Apple Color Emoji', 'Segoe UI Emoji', 'Segoe UI Symbol', 'Noto Color Emoji';\">und<\/span> <strong style=\"font-family: -apple-system, BlinkMacSystemFont, 'Segoe UI', Roboto, 'Helvetica Neue', Arial, 'Noto Sans', sans-serif, 'Apple Color Emoji', 'Segoe UI Emoji', 'Segoe UI Symbol', 'Noto Color Emoji';\">kompaktes<\/strong> <span style=\"font-family: -apple-system, BlinkMacSystemFont, 'Segoe UI', Roboto, 'Helvetica Neue', Arial, 'Noto Sans', sans-serif, 'Apple Color Emoji', 'Segoe UI Emoji', 'Segoe UI Symbol', 'Noto Color Emoji';\">Messer<\/span> <span style=\"font-family: -apple-system, BlinkMacSystemFont, 'Segoe UI', Roboto, 'Helvetica Neue', Arial, 'Noto Sans', sans-serif, 'Apple Color Emoji', 'Segoe UI Emoji', 'Segoe UI Symbol', 'Noto Color Emoji';\">suchen<\/span> , das sich ideal f\u00fcr <strong style=\"font-family: -apple-system, BlinkMacSystemFont, 'Segoe UI', Roboto, 'Helvetica Neue', Arial, 'Noto Sans', sans-serif, 'Apple Color Emoji', 'Segoe UI Emoji', 'Segoe UI Symbol', 'Noto Color Emoji';\">den t\u00e4glichen Gebrauch eignet.<\/strong><span style=\"font-family: -apple-system, BlinkMacSystemFont, 'Segoe UI', Roboto, 'Helvetica Neue', Arial, 'Noto Sans', sans-serif, 'Apple Color Emoji', 'Segoe UI Emoji', 'Segoe UI Symbol', 'Noto Color Emoji';\">  (EDC) und passt problemlos in jede Tasche oder Tasche. Dieses Modell ist eine Version des beliebten   <\/span><strong style=\"font-family: -apple-system, BlinkMacSystemFont, 'Segoe UI', Roboto, 'Helvetica Neue', Arial, 'Noto Sans', sans-serif, 'Apple Color Emoji', 'Segoe UI Emoji', 'Segoe UI Symbol', 'Noto Color Emoji';\">CEO<\/strong> <span style=\"font-family: -apple-system, BlinkMacSystemFont, 'Segoe UI', Roboto, 'Helvetica Neue', Arial, 'Noto Sans', sans-serif, 'Apple Color Emoji', 'Segoe UI Emoji', 'Segoe UI Symbol', 'Noto Color Emoji';\">wurde vom Designer<\/span> <strong style=\"font-family: -apple-system, BlinkMacSystemFont, 'Segoe UI', Roboto, 'Helvetica Neue', Arial, 'Noto Sans', sans-serif, 'Apple Color Emoji', 'Segoe UI Emoji', 'Segoe UI Symbol', 'Noto Color Emoji';\">Richard Rogers<\/strong> entworfen <span style=\"font-family: -apple-system, BlinkMacSystemFont, 'Segoe UI', Roboto, 'Helvetica Neue', Arial, 'Noto Sans', sans-serif, 'Apple Color Emoji', 'Segoe UI Emoji', 'Segoe UI Symbol', 'Noto Color Emoji';\">und ist<\/span> <strong style=\"font-family: -apple-system, BlinkMacSystemFont, 'Segoe UI', Roboto, 'Helvetica Neue', Arial, 'Noto Sans', sans-serif, 'Apple Color Emoji', 'Segoe UI Emoji', 'Segoe UI Symbol', 'Noto Color Emoji';\">kleiner<\/strong> <span style=\"font-family: -apple-system, BlinkMacSystemFont, 'Segoe UI', Roboto, 'Helvetica Neue', Arial, 'Noto Sans', sans-serif, 'Apple Color Emoji', 'Segoe UI Emoji', 'Segoe UI Symbol', 'Noto Color Emoji';\">, sodass es im Alltag, auch im Berufs- und B\u00fcroumfeld, leichter zu tragen und zu verwenden ist.<\/span><\/p>\n<div class=\"flex-1 overflow-hidden @container\/thread\">\n<div class=\"h-full\">\n<div class=\"react-scroll-to-bottom--css-vxybp-79elbk h-full\">\n<div class=\"react-scroll-to-bottom--css-vxybp-1n7m0yu\">\n<div class=\"flex flex-col text-sm\">\n<article class=\"w-full scroll-mb-[var(--thread-trailing-height,150px)] text-token-text-primary focus-visible:outline-2 focus-visible:outline-offset-[-4px]\" dir=\"auto\" data-testid=\"conversation-turn-381\" data-scroll-anchor=\"true\">\n<div class=\"m-auto text-base py-[18px] px-3 md:px-4 w-full md:px-5 lg:px-4 xl:px-5\">\n<div class=\"mx-auto flex flex-1 gap-4 text-base md:gap-5 lg:gap-6 md:max-w-3xl\">\n<div class=\"group\/conversation-turn relative flex w-full min-w-0 flex-col agent-turn\">\n<div class=\"flex-col gap-1 md:gap-3\">\n<div class=\"flex max-w-full flex-col flex-grow\">\n<div class=\"min-h-8 text-message flex w-full flex-col items-end gap-2 whitespace-normal break-words text-start [.text-message+&amp;]:mt-5\" dir=\"auto\" data-message-author-role=\"assistant\" data-message-id=\"2f61b6b7-ffbb-468f-a9e6-7637ac73046e\" data-message-model-slug=\"gpt-4o-mini\">\n<div class=\"flex w-full flex-col gap-1 empty:hidden first:pt-[3px]\">\n<div class=\"markdown prose w-full break-words dark:prose-invert light\">\n<h3>Hauptmerkmale <strong>des CRKT CEO COMPACT 7095<\/strong> :<\/h3>\n<h4>1. <strong>Kompaktes und diskretes Design<\/strong><\/h4>\n<ul>\n<li><strong>Bequem zu tragen:<\/strong> Das Messer hat <strong>die Form eines Stifts<\/strong> und ist somit ideal f\u00fcr <strong>Herren<\/strong> oder alle, die <strong>ein tolles EDC<\/strong> f\u00fcr den Einsatz im B\u00fcro oder bei Meetings ben\u00f6tigen. Dank <strong>seiner kompakten Abmessungen<\/strong> ist es sehr diskret und l\u00e4sst sich problemlos in einer Tasche verstecken, ohne aufzufallen. <\/li>\n<li><strong>Taschengr\u00f6\u00dfe:<\/strong> Mit einer Gesamtl\u00e4nge von <strong>6,13&#8243;<\/strong> (155,58 mm) und einer Klingenl\u00e4nge von <strong>2,61&#8243;<\/strong> (66,27 mm) ist das Messer klein genug, um in <strong>jede Tasche<\/strong> zu passen, und ist somit ein idealer Begleiter f\u00fcr den t\u00e4glichen Gebrauch.<\/li>\n<\/ul>\n<h4>2. <strong>Schnelles und reibungsloses \u00d6ffnen<\/strong><\/h4>\n<ul>\n<li><strong>Schnell\u00f6ffnungs-Flipper:<\/strong> Das Messer ist mit <strong>einem Flipper<\/strong> ausgestattet, der ein einfaches und schnelles \u00d6ffnen mit einer Hand erm\u00f6glicht. Dieser Mechanismus ist ideal f\u00fcr den schnellen Zugriff auf das Messer, wenn es ben\u00f6tigt wird. <\/li>\n<li><strong>IKBS\u2122-Kugellagersystem:<\/strong> <strong>Kugellager<\/strong> sorgen f\u00fcr eine gleichm\u00e4\u00dfige und <strong>kontinuierliche Klingenrotation<\/strong> , sodass sich die Klinge mit minimalem Kraftaufwand und sehr schnell \u00f6ffnet.<\/li>\n<\/ul>\n<h4>3. <strong>Klinge und Materialien<\/strong><\/h4>\n<ul>\n<li><strong>1.4116-Stahl:<\/strong> Die Klinge besteht aus <strong>1.4116-Stahl<\/strong> , <strong>einem kohlenstoffreichen Edelstahl<\/strong> , der f\u00fcr seine <strong>Korrosionsbest\u00e4ndigkeit<\/strong> und <strong>gute Schnitthaltigkeit<\/strong> bekannt ist und sich daher ideal f\u00fcr den t\u00e4glichen Gebrauch eignet.<\/li>\n<li><strong>Satin-Finish:<\/strong> Die Klinge ist mit <strong>einem Satin-Finish<\/strong> versehen, das ihr ein elegantes Aussehen verleiht und ihre Verschlei\u00dffestigkeit erh\u00f6ht.<\/li>\n<\/ul>\n<h4>4. <strong>Ergonomischer und stabiler Griff<\/strong><\/h4>\n<ul>\n<li><strong>Griff aus glasfaserverst\u00e4rktem Nylon:<\/strong> Der Griff besteht aus <strong>glasfaserverst\u00e4rktem Nylon<\/strong> , <strong>einem leichten und dennoch robusten Material<\/strong> , das auch beim Arbeiten mit dem Messer f\u00fcr guten <strong>Halt<\/strong> sorgt.<\/li>\n<li><strong>Kompaktes und ergonomisches Design:<\/strong> Dank seiner Gr\u00f6\u00dfe und ergonomischen Form liegt das Messer <strong>gut in der Hand<\/strong> und gew\u00e4hrleistet auch bei l\u00e4ngeren Arbeiten einen sicheren Halt.<\/li>\n<\/ul>\n<h4>5. <strong>Sicherheit und Komfort<\/strong><\/h4>\n<ul>\n<li><strong>Liner Lock:<\/strong> Das Messer ist mit <strong>einem Liner Lock<\/strong> ausgestattet, der daf\u00fcr sorgt, dass die Klinge in ge\u00f6ffneter Position sicher arretiert ist, bis Sie sie schlie\u00dfen. Diese Verriegelung l\u00e4sst sich <strong>bequem mit einer Hand bedienen<\/strong> und sorgt so f\u00fcr ein bequemes und schnelles Schlie\u00dfen des Messers. <\/li>\n<\/ul>\n<h4>6. <strong>Tragem\u00f6glichkeiten<\/strong><\/h4>\n<ul>\n<li><strong>Verstellbarer Clip:<\/strong> Das Messer verf\u00fcgt \u00fcber <strong>einen verstellbaren Clip<\/strong> zum Tragen in der Tasche und ist somit eine gro\u00dfartige L\u00f6sung f\u00fcr <strong>Rechts- und Linksh\u00e4nder<\/strong> . Der Clip l\u00e4sst sich so einstellen, dass das Messer je nach Wunsch des Benutzers in <strong>der linken oder rechten Tasche<\/strong> getragen wird. <\/li>\n<\/ul>\n<h4>7. <strong>Kompaktes und leichtes Design<\/strong><\/h4>\n<ul>\n<li><strong>Gewicht:<\/strong> Mit <strong>45,36 g<\/strong> (1,60 oz) ist das Messer <strong>leicht<\/strong> und daher sehr tragbar und l\u00e4sst sich den ganzen Tag bequem bei sich tragen, ohne dass es Ihre Tasche oder Ihren Beutel belastet.<\/li>\n<\/ul>\n<h3>Einsatzm\u00f6glichkeiten <strong>des CRKT CEO COMPACT 7095<\/strong> :<\/h3>\n<ol>\n<li><strong>Alltagsgegenst\u00e4nde (EDC):<\/strong>\n<ul>\n<li>Dieses Messer eignet sich ideal f\u00fcr <strong>allt\u00e4gliche Aufgaben<\/strong> wie <strong>das \u00d6ffnen von Briefumschl\u00e4gen<\/strong> , <strong>das Aufschneiden von Paketen<\/strong> oder <strong>die Handhabung von Materialien<\/strong> . Dank <strong>seiner kompakten Abmessungen<\/strong> ist es diskret genug f\u00fcr den Einsatz im B\u00fcro oder bei Gesch\u00e4ftstreffen. <\/li>\n<\/ul>\n<\/li>\n<li><strong>B\u00fcronutzung:<\/strong>\n<ul>\n<li>Das Messer eignet sich perfekt f\u00fcr <strong>eine B\u00fcroumgebung,<\/strong> in der ein zuverl\u00e4ssiges Werkzeug f\u00fcr allt\u00e4gliche Aufgaben ben\u00f6tigt wird, ohne zu auff\u00e4llig zu sein. Sein <strong>schlankes Design<\/strong> macht es ideal f\u00fcr einen professionellen Look. <\/li>\n<\/ul>\n<\/li>\n<li><strong>Reisen und Alltag:<\/strong>\n<ul>\n<li>Wenn Sie h\u00e4ufig reisen oder <strong>unterwegs ein Messer f\u00fcr verschiedene Aufgaben<\/strong> ben\u00f6tigen, ist das CEO Compact eine gro\u00dfartige L\u00f6sung, die in <strong>jede Tasche<\/strong> passt und die Funktionalit\u00e4t bietet, die Sie brauchen.<\/li>\n<\/ul>\n<\/li>\n<\/ol>\n<h3>Abschluss:<\/h3>\n<p><strong>Das CRKT CEO COMPACT 7095<\/strong> ist das ideale <strong>kompakte Messer<\/strong> f\u00fcr den t\u00e4glichen Gebrauch. Es kombiniert <strong>ein klassisch elegantes Design<\/strong> mit <strong>modernen Funktionen<\/strong> wie <strong>unterst\u00fctztem \u00d6ffnen<\/strong> , <strong>sanfter Klingenbewegung<\/strong> und <strong>leichten Materialien<\/strong> . Es ist eine gro\u00dfartige L\u00f6sung f\u00fcr alle, die <strong>ein zuverl\u00e4ssiges und diskretes Werkzeug<\/strong> f\u00fcr allt\u00e4gliche Aufgaben im B\u00fcro oder unterwegs suchen. <\/p>\n<\/div>\n<\/div>\n<\/div>\n<\/div>\n<div class=\"mb-2 flex gap-3 empty:hidden -ml-2\">\n<div class=\"items-center justify-start rounded-xl p-1 flex\">\n<div class=\"flex items-center\"><\/div>\n<\/div>\n<\/div>\n<div class=\"pr-2 lg:pr-0\"><\/div>\n<\/div>\n<\/div>\n<\/div>\n<\/div>\n<\/article>\n<\/div>\n<\/div>\n<\/div>\n<\/div>\n<\/div>\n<p><iframe title=\"CRKT CEO COMPACT | Richard Rogers Design\" width=\"800\" height=\"450\" src=\"https:\/\/www.youtube.com\/embed\/okQq-JghOqc?feature=oembed\" frameborder=\"0\" allow=\"accelerometer; autoplay; clipboard-write; encrypted-media; gyroscope; picture-in-picture; web-share\" referrerpolicy=\"strict-origin-when-cross-origin\" allowfullscreen><\/iframe><\/p>\n<p>&nbsp;<\/p>\n","protected":false},"excerpt":{"rendered":"<p><strong>Das CRKT CEO COMPACT 7095 ist das ideale Kompaktmesser f\u00fcr den t\u00e4glichen Gebrauch. Es kombiniert ein klassisch elegantes Design mit modernen Funktionen wie unterst\u00fctztem \u00d6ffnen, sanfter Klingenbewegung und leichten Materialien. Es ist eine gro\u00dfartige L\u00f6sung f\u00fcr alle, die ein zuverl\u00e4ssiges und diskretes Werkzeug f\u00fcr allt\u00e4gliche Aufgaben im B\u00fcro oder unterwegs suchen. <\/strong><\/p>\n","protected":false},"featured_media":326649,"comment_status":"open","ping_status":"closed","template":"","meta":[],"pwb-brand":[3457],"product_brand":[],"product_cat":[3303,3285],"product_tag":[3669],"class_list":{"0":"post-326648","1":"product","2":"type-product","3":"status-publish","4":"has-post-thumbnail","6":"pwb-brand-crkt-de","7":"product_cat-schliesmesser","8":"product_cat-messer","9":"product_tag-b2b-de","11":"first","12":"outofstock","13":"sale","14":"taxable","15":"shipping-taxable","16":"purchasable","17":"product-type-simple"},"brands":[{"id":3457,"name":"CRKT","slug":"crkt-de"}],"_links":{"self":[{"href":"https:\/\/www.moskito.cz\/de\/wp-json\/wp\/v2\/product\/326648","targetHints":{"allow":["GET"]}}],"collection":[{"href":"https:\/\/www.moskito.cz\/de\/wp-json\/wp\/v2\/product"}],"about":[{"href":"https:\/\/www.moskito.cz\/de\/wp-json\/wp\/v2\/types\/product"}],"replies":[{"embeddable":true,"href":"https:\/\/www.moskito.cz\/de\/wp-json\/wp\/v2\/comments?post=326648"}],"wp:featuredmedia":[{"embeddable":true,"href":"https:\/\/www.moskito.cz\/de\/wp-json\/wp\/v2\/media\/326649"}],"wp:attachment":[{"href":"https:\/\/www.moskito.cz\/de\/wp-json\/wp\/v2\/media?parent=326648"}],"wp:term":[{"taxonomy":"pwb-brand","embeddable":true,"href":"https:\/\/www.moskito.cz\/de\/wp-json\/wp\/v2\/pwb-brand?post=326648"},{"taxonomy":"product_brand","embeddable":true,"href":"https:\/\/www.moskito.cz\/de\/wp-json\/wp\/v2\/product_brand?post=326648"},{"taxonomy":"product_cat","embeddable":true,"href":"https:\/\/www.moskito.cz\/de\/wp-json\/wp\/v2\/product_cat?post=326648"},{"taxonomy":"product_tag","embeddable":true,"href":"https:\/\/www.moskito.cz\/de\/wp-json\/wp\/v2\/product_tag?post=326648"}],"curies":[{"name":"wp","href":"https:\/\/api.w.org\/{rel}","templated":true}]}}