{"id":326727,"date":"2022-08-16T20:36:16","date_gmt":"2024-04-05T14:27:54","guid":{"rendered":"https:\/\/www.moskito.cz\/produkt\/schliessmesser-crkt-squid-xm-2495k\/"},"modified":"2025-05-07T11:08:52","modified_gmt":"2025-05-07T10:08:52","slug":"schliessmesser-crkt-squid-xm-2495k","status":"publish","type":"product","link":"https:\/\/www.moskito.cz\/de\/produkt\/schliessmesser-crkt-squid-xm-2495k\/","title":{"rendered":"Schlie\u00dfmesser CRKT SQUID XM 2495K"},"content":{"rendered":"<p>Schlie\u00dfmesser <strong>CRKT<\/strong> SQUID XM 2495K.<\/p>\n<p>Es ist zur\u00fcck. Aber gr\u00f6\u00dfer. Vor Jahren erweckte der Designer Lucas Burnley den legend\u00e4ren Squid\u2122 zum Leben. Das Klappmesser, das sich bei Fans des beliebten Kompaktmessers immer gr\u00f6\u00dferer Beliebtheit erfreut, ist zur besten Wahl f\u00fcr alle geworden, die die richtige Balance zwischen Einfachheit, Leistung und Funktionalit\u00e4t suchen. Jetzt hat Lucas dieses bew\u00e4hrte Design \u00fcberarbeitet und bringt uns den gr\u00f6\u00dferen SQUID\u2122 XM. Wir sind immer noch davon \u00fcberzeugt, dass es sich um ein vielseitiges Alltagsger\u00e4t handelt, die l\u00e4ngere Klinge gro\u00dfe und kleine Aufgaben bew\u00e4ltigt \u2013 und dass es mittlerweile als etwas \u201eextra mittelgro\u00df\u201c gilt.<\/p>\n<p>Der von Lucas Burnley entworfene Squid\u2122 ist leistungsstark und dennoch gleicherma\u00dfen anpassungsf\u00e4hig an allt\u00e4gliche Herausforderungen. Ob Sie zu Hause, in der Garage oder im B\u00fcro arbeiten, Squid\u2122 kann Sie \u00fcberall hin begleiten. Nach der Ver\u00f6ffentlichung des urspr\u00fcnglichen Designs stie\u00df Lucas weiterhin auf Interesse von Fans, die ihn baten, die beliebte Klinge etwas gr\u00f6\u00dfer neu zu gestalten. Und in echter Lucas-Manier machte sich der Messerdesigner daran, herauszufinden, was m\u00f6glich war. Mit der Einf\u00fchrung des SQUID\u2122<\/p>\n<p>Bei der Perfektionierung der Skalierung dieser neuesten Version hat Lucas keine Details ausgelassen \u2013<br \/>\num sicherzustellen, dass das \u201eExtra-Medium\u201c hinsichtlich seiner Leistung gleicherma\u00dfen nahtlos ist. Wie sein Vorg\u00e4nger verf\u00fcgt das SQUID\u2122 Wenn Sie bereit sind, sich an die Arbeit zu machen, entfaltet Ken Onions Assisted Opening die Klinge im Handumdrehen, w\u00e4hrend das IKBS\u2122-Kugellagerstiftsystem f\u00fcr eine superweiche Drehung sorgt.<\/p>\n<p>Nachdem die langlebige Klinge des D2 ihren Dienst getan hat, k\u00f6nnen Sie sie sicher in Ihrer Tasche verstauen \u2013 dank der internen Rahmenverriegelung und des tiefen Taschenclips k\u00f6nnen Sie sie auch unterwegs sicher tragen.<\/p>\n<p>Das ikonische Design ist zur\u00fcck. Erst jetzt ist es in der Gr\u00f6\u00dfe abgestuft.<\/p>\n<p>So funktioniert die \u00d6ffnungshilfe<br \/>\nEs wird sicher in der Tasche gehalten, aber sobald es entfaltet wird, \u00f6ffnet sich die Klinge beim Drehen mit beeindruckender Geschwindigkeit und erm\u00f6glicht so ein einfaches, kraftvolles \u00d6ffnen mit einer Hand.<\/p>\n<p>SPEZIFIKATIONEN<br \/>\nKlingenl\u00e4nge 2,95&#8243; (74,83 mm)<br \/>\nKlinge Klinge Plain<br \/>\nKlingenstahl D2<br \/>\nStonewash-Klingenfinish<br \/>\nKlingenst\u00e4rke: 0,10 Zoll (2,62 mm)<br \/>\nGesamtl\u00e4nge 7,03&#8243; (178,59 mm)<br \/>\nL\u00e4nge geschlossen 4,11&#8243; (104,34 mm)<br \/>\nGewicht 3,60 oz (102,06 g)<br \/>\nG10-Griff | Edelstahl<br \/>\nStyle Unterst\u00fctztes Klappmesser mit Rahmenschloss<\/p>\n<p><iframe title=\"CRKT SQUID\u2122 XM | Lucas Burnley Design\" width=\"800\" height=\"450\" src=\"https:\/\/www.youtube.com\/embed\/Kq8g1Yr1NxI?feature=oembed\" frameborder=\"0\" allow=\"accelerometer; autoplay; clipboard-write; encrypted-media; gyroscope; picture-in-picture; web-share\" referrerpolicy=\"strict-origin-when-cross-origin\" allowfullscreen><\/iframe><\/p>\n<p>&nbsp;<\/p>\n","protected":false},"excerpt":{"rendered":"<p>Entworfen von Lucas Burnley in Bend, Oregon.<\/p>\n","protected":false},"featured_media":326728,"comment_status":"open","ping_status":"closed","template":"","meta":[],"pwb-brand":[3457],"product_brand":[],"product_cat":[3303,3285],"product_tag":[3669],"class_list":{"0":"post-326727","1":"product","2":"type-product","3":"status-publish","4":"has-post-thumbnail","6":"pwb-brand-crkt-de","7":"product_cat-schliesmesser","8":"product_cat-messer","9":"product_tag-b2b-de","11":"first","12":"instock","13":"sale","14":"taxable","15":"shipping-taxable","16":"purchasable","17":"product-type-simple"},"brands":[{"id":3457,"name":"CRKT","slug":"crkt-de"}],"_links":{"self":[{"href":"https:\/\/www.moskito.cz\/de\/wp-json\/wp\/v2\/product\/326727","targetHints":{"allow":["GET"]}}],"collection":[{"href":"https:\/\/www.moskito.cz\/de\/wp-json\/wp\/v2\/product"}],"about":[{"href":"https:\/\/www.moskito.cz\/de\/wp-json\/wp\/v2\/types\/product"}],"replies":[{"embeddable":true,"href":"https:\/\/www.moskito.cz\/de\/wp-json\/wp\/v2\/comments?post=326727"}],"wp:featuredmedia":[{"embeddable":true,"href":"https:\/\/www.moskito.cz\/de\/wp-json\/wp\/v2\/media\/326728"}],"wp:attachment":[{"href":"https:\/\/www.moskito.cz\/de\/wp-json\/wp\/v2\/media?parent=326727"}],"wp:term":[{"taxonomy":"pwb-brand","embeddable":true,"href":"https:\/\/www.moskito.cz\/de\/wp-json\/wp\/v2\/pwb-brand?post=326727"},{"taxonomy":"product_brand","embeddable":true,"href":"https:\/\/www.moskito.cz\/de\/wp-json\/wp\/v2\/product_brand?post=326727"},{"taxonomy":"product_cat","embeddable":true,"href":"https:\/\/www.moskito.cz\/de\/wp-json\/wp\/v2\/product_cat?post=326727"},{"taxonomy":"product_tag","embeddable":true,"href":"https:\/\/www.moskito.cz\/de\/wp-json\/wp\/v2\/product_tag?post=326727"}],"curies":[{"name":"wp","href":"https:\/\/api.w.org\/{rel}","templated":true}]}}