{"id":326751,"date":"2020-12-19T18:21:28","date_gmt":"2024-04-05T14:37:21","guid":{"rendered":"https:\/\/www.moskito.cz\/produkt\/crkt-provoke-kinematic-responder-4042-schliessmesser\/"},"modified":"2025-07-11T07:53:18","modified_gmt":"2025-07-11T06:53:18","slug":"crkt-provoke-kinematic-responder-4042-schliessmesser","status":"publish","type":"product","link":"https:\/\/www.moskito.cz\/de\/produkt\/crkt-provoke-kinematic-responder-4042-schliessmesser\/","title":{"rendered":"CRKT Provoke Kinematic Responder 4042 Schlie\u00dfmesser"},"content":{"rendered":"<p><strong>CRKT<\/strong> Provoke Kinematic Responder 4042 Schlie\u00dfmesser.<\/p>\n<p>Aufschlag. Verteidigen. Das verwandelnde Karambit-Messer Provoke\u00ae First Responder ist eines der ersten mit Kinematic\u00ae-Technologie, bleibt beim Transport ordentlich verstaut und erwacht zum Leben, wenn ein Problem auftritt. Und mehrere Trageoptionen sowie ein Glasbrecher wurden speziell f\u00fcr M\u00e4nner und Frauen in Uniform entwickelt.<\/p>\n<p>Hier stellen wir uns den Designer Joe Caswell als eine Art verr\u00fcckten Wissenschaftler vor. Als wir die Skizzen dessen sahen, was sp\u00e4ter zum Provok\u00ae werden sollte \u2013 entworfen in Newbury Park, Kalifornien \u2013 wussten wir, dass es einer der innovativsten Designer werden w\u00fcrde, die die Messerwelt je gesehen hat. Die Klinge im Hawkbill-Stil, die dem traditionellen Karambit nachempfunden ist, ist aus hochwertigem D2-Stahl geschmiedet und f\u00fcr hohe Haltbarkeit und hervorragende Schnitthaltigkeit mit schwarzem Titannitrid beschichtet. Um die M\u00e4nner und Frauen in Blau besser auszur\u00fcsten, haben wir einen Glasbrecher an der Spitze des Rahmens angebracht und dem Provoke\u00ae First Responder ein Holster mit mehreren Befestigungsm\u00f6glichkeiten f\u00fcr Ausr\u00fcstung hinzugef\u00fcgt.<\/p>\n<p>Der \u00d6ffnungsmechanismus zieht den Ordner in die Zukunft, ob bereit oder nicht. Durch Daumendruck auf die obere Stange wird eine Kettenreaktion ausgel\u00f6st, die dazu f\u00fchrt, dass die Klinge in Aktion tritt, w\u00e4hrend Sie den Griff fest im Griff haben. Es besteht aus 6061 Flugzeugaluminium f\u00fcr maximale Steifigkeit. Ganz im Joe-Stil ist auch der Taschenclip eine Weltneuheit: Er schlie\u00dft fast vollst\u00e4ndig mit dem Griff ab und l\u00e4sst sich auch durch einen leichten Daumendruck aktivieren.<\/p>\n<p>Der Provoke\u00ae First Responder ist stark, wenn er in Betrieb genommen wird.<\/p>\n<p>Wie Kinematic\u00ae funktioniert<\/p>\n<p>Dr\u00fccken Sie Ihren Daumen in die obere Querstange \u2013 w\u00e4hrend Ihre anderen Finger den Griff fest umklammern \u2013 und die Klinge springt zum Leben und rastet ein. Schieben Sie den diskreten Hebel an der Basis der Fingerschlaufe und die Klinge f\u00e4hrt in ihre geschlossene Position zur\u00fcck.<\/p>\n<p>SPEZIFIKATIONEN<br \/>\nKlingenl\u00e4nge 2,41&#8243; (61,21 mm)<br \/>\nKlinge Klinge Plain<br \/>\nKlingenstahl D2<br \/>\nOberfl\u00e4chenbehandlung der Klinge Titannitrid<br \/>\nKlingenst\u00e4rke: 0,21 Zoll (5,31 mm)<br \/>\nGesamtl\u00e4nge 7,25&#8243; (184,15 mm)<br \/>\nGeschlossene L\u00e4nge 5,06&#8243; (128,52 mm)<br \/>\nGewicht 6,10 oz (172,93 g)<br \/>\nGriff aus Aluminium<br \/>\nStyle Klappmesser mit Kinematic\u2122<br \/>\nBoltaron\u00ae-Schalenmaterial<br \/>\nSchalengewicht 1,10 oz (31,18 g)<\/p>\n<p><iframe title=\"CRKT Kinematic | How It Works\" width=\"800\" height=\"450\" src=\"https:\/\/www.youtube.com\/embed\/birKtIe7HRY?feature=oembed\" frameborder=\"0\" allow=\"accelerometer; autoplay; clipboard-write; encrypted-media; gyroscope; picture-in-picture; web-share\" referrerpolicy=\"strict-origin-when-cross-origin\" allowfullscreen><\/iframe><\/p>\n<p>&nbsp;<\/p>\n<p>&nbsp;<\/p>\n","protected":false},"excerpt":{"rendered":"<p>Entworfen von Joe Caswell in Newbury Park, Kalifornien.<br \/>\n<strong>Kostenloser Transport.<\/strong><\/p>\n","protected":false},"featured_media":176878,"comment_status":"open","ping_status":"closed","template":"","meta":[],"pwb-brand":[3457],"product_brand":[],"product_cat":[3285,3303],"product_tag":[3669],"class_list":{"0":"post-326751","1":"product","2":"type-product","3":"status-publish","4":"has-post-thumbnail","6":"pwb-brand-crkt-de","7":"product_cat-messer","8":"product_cat-schliesmesser","9":"product_tag-b2b-de","11":"first","12":"outofstock","13":"taxable","14":"shipping-taxable","15":"purchasable","16":"product-type-simple"},"brands":[{"id":3457,"name":"CRKT","slug":"crkt-de"}],"_links":{"self":[{"href":"https:\/\/www.moskito.cz\/de\/wp-json\/wp\/v2\/product\/326751","targetHints":{"allow":["GET"]}}],"collection":[{"href":"https:\/\/www.moskito.cz\/de\/wp-json\/wp\/v2\/product"}],"about":[{"href":"https:\/\/www.moskito.cz\/de\/wp-json\/wp\/v2\/types\/product"}],"replies":[{"embeddable":true,"href":"https:\/\/www.moskito.cz\/de\/wp-json\/wp\/v2\/comments?post=326751"}],"wp:featuredmedia":[{"embeddable":true,"href":"https:\/\/www.moskito.cz\/de\/wp-json\/wp\/v2\/media\/176878"}],"wp:attachment":[{"href":"https:\/\/www.moskito.cz\/de\/wp-json\/wp\/v2\/media?parent=326751"}],"wp:term":[{"taxonomy":"pwb-brand","embeddable":true,"href":"https:\/\/www.moskito.cz\/de\/wp-json\/wp\/v2\/pwb-brand?post=326751"},{"taxonomy":"product_brand","embeddable":true,"href":"https:\/\/www.moskito.cz\/de\/wp-json\/wp\/v2\/product_brand?post=326751"},{"taxonomy":"product_cat","embeddable":true,"href":"https:\/\/www.moskito.cz\/de\/wp-json\/wp\/v2\/product_cat?post=326751"},{"taxonomy":"product_tag","embeddable":true,"href":"https:\/\/www.moskito.cz\/de\/wp-json\/wp\/v2\/product_tag?post=326751"}],"curies":[{"name":"wp","href":"https:\/\/api.w.org\/{rel}","templated":true}]}}