{"id":326821,"date":"2022-08-23T21:26:05","date_gmt":"2024-04-05T14:47:45","guid":{"rendered":"https:\/\/www.moskito.cz\/produkt\/verschlussmesser-crkt-provoke-compact-4045\/"},"modified":"2025-05-07T11:08:55","modified_gmt":"2025-05-07T10:08:55","slug":"verschlussmesser-crkt-provoke-compact-4045","status":"publish","type":"product","link":"https:\/\/www.moskito.cz\/de\/produkt\/verschlussmesser-crkt-provoke-compact-4045\/","title":{"rendered":"Verschlussmesser CRKT PROVOKE COMPACT 4045"},"content":{"rendered":"<p>Verschlussmesser <strong>CRKT<\/strong> PROVOKE COMPACT 4045.<\/p>\n<p>Power in Ihrer Tasche.<\/p>\n<p>Der Provoke\u00ae Compact ist ein neu interpretierter Klassiker, der als ultraportable Alltagstragetasche neu gestaltet wurde. Sein robuster Aluminiumgriff mit Leistung in kompakter Gr\u00f6\u00dfe tr\u00e4gt zu seinem ultraleichten Design bei, das gleichzeitig als perfekter Selbstverteidigungstr\u00e4ger dient. Dank der Kinematic\u00ae-Technologie bleibt es w\u00e4hrend des Transports sauber verborgen und erwacht zum Leben, wenn ein Service erforderlich ist.<br \/>\nEine einzigartige Innovation: Kinematic\u00ae entfaltet die Klinge per Daumendruck<br \/>\n\u00dcberlegene Leistung: D2-Klingenstahl f\u00fcr hervorragenden Klingenhalt<br \/>\nStark und leicht: Der Aluminiumgriff vereint Stabilit\u00e4t mit minimalem Gewicht<br \/>\nNiedriges Profil: Taschenclip sorgt f\u00fcr sicheren Tragekomfort<\/p>\n<p>SPEZIFIKATIONEN<br \/>\nKlingenl\u00e4nge 2,26&#8243; (57,33 mm)<br \/>\nKlinge Klinge Plain<br \/>\nKlingenstahl D2<br \/>\nStonewash-Klingenfinish<br \/>\nKlingenst\u00e4rke: 0,15 Zoll (3,73 mm)<br \/>\nGesamtl\u00e4nge 6,63&#8243; (168,28 mm)<br \/>\nL\u00e4nge geschlossen 4,54&#8243; (115,42 mm)<br \/>\nGewicht 4,40 oz (124,74 g)<br \/>\nGriff aus Aluminium<br \/>\nStyle Klappmesser mit Kinematic\u2122<\/p>\n","protected":false},"excerpt":{"rendered":"<p>Entworfen von Joe Caswell in Newbury Park, Kalifornien.<\/p>\n","protected":false},"featured_media":326822,"comment_status":"open","ping_status":"closed","template":"","meta":[],"pwb-brand":[3457],"product_brand":[],"product_cat":[3303,3285],"product_tag":[3669],"class_list":{"0":"post-326821","1":"product","2":"type-product","3":"status-publish","4":"has-post-thumbnail","6":"pwb-brand-crkt-de","7":"product_cat-schliesmesser","8":"product_cat-messer","9":"product_tag-b2b-de","11":"first","12":"outofstock","13":"sale","14":"taxable","15":"shipping-taxable","16":"purchasable","17":"product-type-simple"},"brands":[{"id":3457,"name":"CRKT","slug":"crkt-de"}],"_links":{"self":[{"href":"https:\/\/www.moskito.cz\/de\/wp-json\/wp\/v2\/product\/326821","targetHints":{"allow":["GET"]}}],"collection":[{"href":"https:\/\/www.moskito.cz\/de\/wp-json\/wp\/v2\/product"}],"about":[{"href":"https:\/\/www.moskito.cz\/de\/wp-json\/wp\/v2\/types\/product"}],"replies":[{"embeddable":true,"href":"https:\/\/www.moskito.cz\/de\/wp-json\/wp\/v2\/comments?post=326821"}],"wp:featuredmedia":[{"embeddable":true,"href":"https:\/\/www.moskito.cz\/de\/wp-json\/wp\/v2\/media\/326822"}],"wp:attachment":[{"href":"https:\/\/www.moskito.cz\/de\/wp-json\/wp\/v2\/media?parent=326821"}],"wp:term":[{"taxonomy":"pwb-brand","embeddable":true,"href":"https:\/\/www.moskito.cz\/de\/wp-json\/wp\/v2\/pwb-brand?post=326821"},{"taxonomy":"product_brand","embeddable":true,"href":"https:\/\/www.moskito.cz\/de\/wp-json\/wp\/v2\/product_brand?post=326821"},{"taxonomy":"product_cat","embeddable":true,"href":"https:\/\/www.moskito.cz\/de\/wp-json\/wp\/v2\/product_cat?post=326821"},{"taxonomy":"product_tag","embeddable":true,"href":"https:\/\/www.moskito.cz\/de\/wp-json\/wp\/v2\/product_tag?post=326821"}],"curies":[{"name":"wp","href":"https:\/\/api.w.org\/{rel}","templated":true}]}}